{"id":960,"date":"2025-10-22T13:32:42","date_gmt":"2025-10-22T13:32:42","guid":{"rendered":"https:\/\/redsacre.com\/?post_type=product&#038;p=960"},"modified":"2025-11-05T09:22:47","modified_gmt":"2025-11-05T09:22:47","slug":"redsacre-red-string-silver-tree-of-life-bracelet","status":"publish","type":"product","link":"https:\/\/redsacre.com\/pl\/product\/redsacre-red-string-silver-tree-of-life-bracelet\/","title":{"rendered":"Bransoletka RedSacre z czerwonym sznurkiem i srebrnym drzewem \u017cycia"},"content":{"rendered":"<p data-start=\"182\" data-end=\"216\"><strong data-start=\"182\" data-end=\"216\">\u015awi\u0119te korzenie. Niesko\u0144czony wzrost.<\/strong><\/p>\n<h4 data-start=\"218\" data-end=\"246\">Opis produktu<\/h4>\n<p data-start=\"247\" data-end=\"618\">The <strong data-start=\"251\" data-end=\"304\">Srebrna bransoletka Drzewo \u017bycia z czerwonym sznurkiem Red Sacre<\/strong> to symbol ochrony, si\u0142y i wi\u0119zi - ponadczasowe po\u0142\u0105czenie staro\u017cytnej m\u0105dro\u015bci i nowoczesnego paryskiego designu.<br data-start=\"421\" data-end=\"424\" \/>R\u0119cznie wykonany z regulowanym czerwonym sznurkiem i drobnymi detalami <strong data-start=\"488\" data-end=\"530\">Srebrna zawieszka Drzewo \u017bycia pr\u00f3by 925<\/strong>, Bransoletka ta uosabia harmoni\u0119, duchowe uziemienie i wieczny cykl odnowy.<\/p>\n<p data-start=\"620\" data-end=\"978\">W wielu kulturach <strong data-start=\"642\" data-end=\"656\">czerwony sznurek<\/strong> reprezentuje ochron\u0119 przed negatywno\u015bci\u0105, mi\u0142o\u015b\u0107 i szcz\u0119\u015bcie, podczas gdy <strong data-start=\"733\" data-end=\"749\">Drzewo \u017cycia<\/strong> oznacza g\u0142\u0119bokie korzenie, wzrost i wzajemne powi\u0105zania wszystkich \u017cywych istot. Razem tworz\u0105 pot\u0119\u017cny talizman r\u00f3wnowagi i witalno\u015bci - codzienne przypomnienie, \u017ce jeste\u015b wspierany przez niewidzialn\u0105 si\u0142\u0119 i niesko\u0144czone mo\u017cliwo\u015bci.<\/p>\n<hr data-start=\"980\" data-end=\"983\" \/>\n<h4 data-start=\"985\" data-end=\"1007\">Kluczowe cechy<\/h4>\n<ul data-start=\"1008\" data-end=\"1476\">\n<li data-start=\"1092\" data-end=\"1148\">\n<p data-start=\"1094\" data-end=\"1148\"><strong data-start=\"1094\" data-end=\"1109\">Rozmiar zawieszki:<\/strong> \u015arednica ok. 12 mm (Drzewo \u017bycia)<\/p>\n<\/li>\n<li data-start=\"1230\" data-end=\"1303\">\n<p data-start=\"1232\" data-end=\"1303\"><strong data-start=\"1232\" data-end=\"1250\">D\u0142ugo\u015b\u0107 \u0142a\u0144cucha:<\/strong> Regulowany, aby pasowa\u0142 do wi\u0119kszo\u015bci rozmiar\u00f3w nadgarstk\u00f3w (konstrukcja unisex)<\/p>\n<\/li>\n<li data-start=\"1304\" data-end=\"1337\">\n<p data-start=\"1306\" data-end=\"1337\"><strong data-start=\"1306\" data-end=\"1316\">Kolor:<\/strong> Classic Sacred Red<\/p>\n<\/li>\n<li data-start=\"1338\" data-end=\"1394\">\n<p data-start=\"1340\" data-end=\"1394\"><strong data-start=\"1340\" data-end=\"1351\">Wyko\u0144czenie:<\/strong> R\u0119cznie polerowane srebro z drobnymi detalami<\/p>\n<\/li>\n<li data-start=\"1395\" data-end=\"1476\">\n<p data-start=\"1397\" data-end=\"1476\"><strong data-start=\"1397\" data-end=\"1411\">Opakowanie:<\/strong> Dostarczany w pude\u0142ku upominkowym Red Sacre<\/p>\n<\/li>\n<\/ul>\n<hr data-start=\"1478\" data-end=\"1481\" \/>\n<h4 data-start=\"1483\" data-end=\"1512\">Symbolika i znaczenie<\/h4>\n<ul data-start=\"1513\" data-end=\"1716\">\n<li data-start=\"1513\" data-end=\"1599\">\n<p data-start=\"1515\" data-end=\"1599\"><strong data-start=\"1515\" data-end=\"1531\">Drzewo \u017cycia<\/strong> - Wzrost, uziemienie, wieczna si\u0142a i po\u0142\u0105czenie z ca\u0142ym \u017cyciem.<\/p>\n<\/li>\n<li data-start=\"1600\" data-end=\"1656\">\n<p data-start=\"1602\" data-end=\"1656\"><strong data-start=\"1602\" data-end=\"1616\">Czerwony sznurek<\/strong> - Ochrona, szcz\u0119\u015bcie, odwaga i mi\u0142o\u015b\u0107<\/p>\n<\/li>\n<li data-start=\"1657\" data-end=\"1716\">\n<p data-start=\"1659\" data-end=\"1716\"><strong data-start=\"1659\" data-end=\"1669\">Srebro<\/strong> - Klarowno\u015b\u0107, refleksja i r\u00f3wnowaga emocjonalna<\/p>\n<\/li>\n<\/ul>\n<p data-start=\"1718\" data-end=\"1890\">Noszenie tej bransoletki zaprasza stabilno\u015b\u0107, dobrobyt i duchow\u0105 ochron\u0119 do codziennej podr\u00f3\u017cy. To co\u015b wi\u0119cej ni\u017c akcesorium - to amulet celu i energii.<\/p>\n<hr data-start=\"1892\" data-end=\"1895\" \/>\n<h4 data-start=\"1897\" data-end=\"1918\">Idealny dla<\/h4>\n<ul data-start=\"1919\" data-end=\"2135\">\n<li data-start=\"1919\" data-end=\"1997\">\n<p data-start=\"1921\" data-end=\"1997\">Znacz\u0105cy <strong data-start=\"1934\" data-end=\"1957\">prezent dla bliskich<\/strong> Szukaj\u0105c pozytywno\u015bci i nowych pocz\u0105tk\u00f3w<\/p>\n<\/li>\n<li data-start=\"1998\" data-end=\"2062\">\n<p data-start=\"2000\" data-end=\"2062\">Osobisty <strong data-start=\"2011\" data-end=\"2029\">codzienny talizman<\/strong> dla ochrony i wewn\u0119trznego spokoju<\/p>\n<\/li>\n<li data-start=\"2063\" data-end=\"2135\">\n<p data-start=\"2065\" data-end=\"2135\">W po\u0142\u0105czeniu z innymi bransoletkami Red Sacre tworzy warstwowy, duchowy styl.<\/p>\n<\/li>\n<\/ul>\n<hr data-start=\"2137\" data-end=\"2140\" \/>\n<h4 data-start=\"2142\" data-end=\"2169\">Instrukcje dotycz\u0105ce piel\u0119gnacji<\/h4>\n<p data-start=\"2170\" data-end=\"2216\">Aby zachowa\u0107 blask bransoletki:<\/p>\n<ul data-start=\"2217\" data-end=\"2363\">\n<li data-start=\"2217\" data-end=\"2276\">\n<p data-start=\"2219\" data-end=\"2276\">Unika\u0107 kontaktu z perfumami, balsamami lub agresywnymi chemikaliami.<\/p>\n<\/li>\n<li data-start=\"2277\" data-end=\"2315\">\n<p data-start=\"2279\" data-end=\"2315\">Usun\u0105\u0107 przed k\u0105piel\u0105 lub p\u0142ywaniem.<\/p>\n<\/li>\n<li data-start=\"2316\" data-end=\"2363\">\n<p data-start=\"2318\" data-end=\"2363\">Przechowywa\u0107 w suchym, mi\u0119kkim woreczku, gdy nie jest u\u017cywany.<\/p>\n<\/li>\n<\/ul>\n<hr data-start=\"2365\" data-end=\"2368\" \/>\n<h4 data-start=\"2370\" data-end=\"2391\">Historia marki<\/h4>\n<p data-start=\"2392\" data-end=\"2642\"><strong data-start=\"2392\" data-end=\"2405\">Red Sacre<\/strong> mieszanki <strong data-start=\"2413\" data-end=\"2444\">Wschodnia tradycja duchowa<\/strong> z <strong data-start=\"2450\" data-end=\"2478\">Francuski minimalistyczny design<\/strong>, tworz\u0105c symboliczn\u0105 bi\u017cuteri\u0119, kt\u00f3ra przemawia zar\u00f3wno do serca, jak i duszy.<br data-start=\"2541\" data-end=\"2544\" \/>Ka\u017cdy kawa\u0142ek jest przypomnieniem: <em data-start=\"2571\" data-end=\"2640\">Ochrona i pi\u0119kno mog\u0105 wsp\u00f3\u0142istnie\u0107. To, co nosisz, mo\u017ce mie\u0107 znaczenie.<\/em><\/p>","protected":false},"excerpt":{"rendered":"<ul data-start=\"1008\" data-end=\"1476\">\n<li data-start=\"1092\" data-end=\"1148\">\n<p data-start=\"1094\" data-end=\"1148\"><strong data-start=\"1094\" data-end=\"1109\">Rozmiar zawieszki:<\/strong> \u015arednica ok. 12 mm (Drzewo \u017bycia)<\/p>\n<\/li>\n<li data-start=\"1230\" data-end=\"1303\">\n<p data-start=\"1232\" data-end=\"1303\"><strong data-start=\"1232\" data-end=\"1250\">D\u0142ugo\u015b\u0107 \u0142a\u0144cucha:<\/strong> Regulowany, aby pasowa\u0142 do wi\u0119kszo\u015bci rozmiar\u00f3w nadgarstk\u00f3w (konstrukcja unisex)<\/p>\n<\/li>\n<li data-start=\"1304\" data-end=\"1337\">\n<p data-start=\"1306\" data-end=\"1337\"><strong data-start=\"1306\" data-end=\"1316\">Kolor:<\/strong> Classic Sacred Red<\/p>\n<\/li>\n<li data-start=\"1338\" data-end=\"1394\">\n<p data-start=\"1340\" data-end=\"1394\"><strong data-start=\"1340\" data-end=\"1351\">Wyko\u0144czenie:<\/strong> R\u0119cznie polerowane srebro z drobnymi detalami<\/p>\n<\/li>\n<li data-start=\"1395\" data-end=\"1476\">\n<p data-start=\"1397\" data-end=\"1476\"><strong data-start=\"1397\" data-end=\"1411\">Opakowanie:<\/strong> Dostarczany w pude\u0142ku upominkowym Red Sacre<\/p>\n<\/li>\n<\/ul>","protected":false},"featured_media":914,"comment_status":"open","ping_status":"closed","template":"","meta":{"site-sidebar-layout":"default","site-content-layout":"","ast-site-content-layout":"default","site-content-style":"default","site-sidebar-style":"default","ast-global-header-display":"","ast-banner-title-visibility":"","ast-main-header-display":"","ast-hfb-above-header-display":"","ast-hfb-below-header-display":"","ast-hfb-mobile-header-display":"","site-post-title":"","ast-breadcrumbs-content":"","ast-featured-img":"","footer-sml-layout":"","theme-transparent-header-meta":"default","adv-header-id-meta":"","stick-header-meta":"","header-above-stick-meta":"","header-main-stick-meta":"","header-below-stick-meta":"","astra-migrate-meta-layouts":"set","ast-page-background-enabled":"default","ast-page-background-meta":{"desktop":{"background-color":"var(--ast-global-color-5)","background-image":"","background-repeat":"repeat","background-position":"center center","background-size":"auto","background-attachment":"scroll","background-type":"","background-media":"","overlay-type":"","overlay-color":"","overlay-opacity":"","overlay-gradient":""},"tablet":{"background-color":"","background-image":"","background-repeat":"repeat","background-position":"center center","background-size":"auto","background-attachment":"scroll","background-type":"","background-media":"","overlay-type":"","overlay-color":"","overlay-opacity":"","overlay-gradient":""},"mobile":{"background-color":"","background-image":"","background-repeat":"repeat","background-position":"center center","background-size":"auto","background-attachment":"scroll","background-type":"","background-media":"","overlay-type":"","overlay-color":"","overlay-opacity":"","overlay-gradient":""}},"ast-content-background-meta":{"desktop":{"background-color":"var(--ast-global-color-4)","background-image":"","background-repeat":"repeat","background-position":"center center","background-size":"auto","background-attachment":"scroll","background-type":"","background-media":"","overlay-type":"","overlay-color":"","overlay-opacity":"","overlay-gradient":""},"tablet":{"background-color":"var(--ast-global-color-4)","background-image":"","background-repeat":"repeat","background-position":"center center","background-size":"auto","background-attachment":"scroll","background-type":"","background-media":"","overlay-type":"","overlay-color":"","overlay-opacity":"","overlay-gradient":""},"mobile":{"background-color":"var(--ast-global-color-4)","background-image":"","background-repeat":"repeat","background-position":"center center","background-size":"auto","background-attachment":"scroll","background-type":"","background-media":"","overlay-type":"","overlay-color":"","overlay-opacity":"","overlay-gradient":""}}},"product_brand":[],"product_cat":[24],"product_tag":[],"class_list":{"0":"post-960","1":"product","2":"type-product","3":"status-publish","4":"has-post-thumbnail","6":"product_cat-bracelet","7":"wcmi-has-gallery","8":"desktop-align-left","9":"tablet-align-left","10":"mobile-align-left","12":"first","13":"instock","14":"sale","15":"featured","16":"taxable","17":"shipping-taxable","18":"purchasable","19":"product-type-simple"},"aioseo_notices":[],"_links":{"self":[{"href":"https:\/\/redsacre.com\/pl\/wp-json\/wp\/v2\/product\/960","targetHints":{"allow":["GET"]}}],"collection":[{"href":"https:\/\/redsacre.com\/pl\/wp-json\/wp\/v2\/product"}],"about":[{"href":"https:\/\/redsacre.com\/pl\/wp-json\/wp\/v2\/types\/product"}],"replies":[{"embeddable":true,"href":"https:\/\/redsacre.com\/pl\/wp-json\/wp\/v2\/comments?post=960"}],"version-history":[{"count":0,"href":"https:\/\/redsacre.com\/pl\/wp-json\/wp\/v2\/product\/960\/revisions"}],"wp:featuredmedia":[{"embeddable":true,"href":"https:\/\/redsacre.com\/pl\/wp-json\/wp\/v2\/media\/914"}],"wp:attachment":[{"href":"https:\/\/redsacre.com\/pl\/wp-json\/wp\/v2\/media?parent=960"}],"wp:term":[{"taxonomy":"product_brand","embeddable":true,"href":"https:\/\/redsacre.com\/pl\/wp-json\/wp\/v2\/product_brand?post=960"},{"taxonomy":"product_cat","embeddable":true,"href":"https:\/\/redsacre.com\/pl\/wp-json\/wp\/v2\/product_cat?post=960"},{"taxonomy":"product_tag","embeddable":true,"href":"https:\/\/redsacre.com\/pl\/wp-json\/wp\/v2\/product_tag?post=960"}],"curies":[{"name":"wp","href":"https:\/\/api.w.org\/{rel}","templated":true}]}}