{"id":957,"date":"2025-10-22T13:25:32","date_gmt":"2025-10-22T13:25:32","guid":{"rendered":"https:\/\/redsacre.com\/?post_type=product&#038;p=957"},"modified":"2025-11-05T09:23:23","modified_gmt":"2025-11-05T09:23:23","slug":"red-sacre-red-sacre-red-lucky-color-zircon-bracelet","status":"publish","type":"product","link":"https:\/\/redsacre.com\/pl\/product\/red-sacre-red-sacre-red-lucky-color-zircon-bracelet\/","title":{"rendered":"Czerwona bransoletka z cyrkoniami Sacre Red Sacre Red Lucky Color Zircon Bracelet"},"content":{"rendered":"<h3 data-start=\"187\" data-end=\"240\"><strong data-start=\"191\" data-end=\"240\">\u015awi\u0119ta czerwie\u0144 - Promienne szcz\u0119\u015bcie - Ponadczasowa elegancja<\/strong><\/h3>\n<p data-start=\"242\" data-end=\"655\">The <strong data-start=\"246\" data-end=\"291\">Czerwona bransoletka Sacre z cyrkoniami w szcz\u0119\u015bliwym kolorze<\/strong> uosabia idealn\u0105 r\u00f3wnowag\u0119 mi\u0119dzy pi\u0119knem i symbolik\u0105 - ho\u0142d dla ochrony, pasji i dobrobytu.<br data-start=\"401\" data-end=\"404\" \/>Ka\u017cda bransoletka jest wykonana r\u0119cznie z <strong data-start=\"440\" data-end=\"472\">czerwona cyrkonia brylantowa (5\u00d75 mm)<\/strong> w minimalistycznym kszta\u0142cie w\u0119z\u0142a, emanuj\u0105cy si\u0142\u0105 i spokojem. Czerwony sznurek - znany jako <em data-start=\"565\" data-end=\"580\">\u015bwi\u0119ty sznur<\/em> w wielu kulturach - symbolizuje <strong data-start=\"615\" data-end=\"652\">szcz\u0119\u015bcie, mi\u0142o\u015b\u0107 i boska ochrona<\/strong>.<\/p>\n<p data-start=\"657\" data-end=\"816\">Zaprojektowany zar\u00f3wno dla m\u0119\u017cczyzn, jak i kobiet, \u0142\u0105czy w sobie duchowe znaczenie z parysk\u0105 elegancj\u0105, czyni\u0105c go codziennym amuletem, kt\u00f3ry podnosi energi\u0119 i styl.<\/p>\n<hr data-start=\"818\" data-end=\"821\" \/>\n<h3 data-start=\"823\" data-end=\"849\"><strong data-start=\"827\" data-end=\"849\">Szczeg\u00f3\u0142y produktu<\/strong><\/h3>\n<ul data-start=\"851\" data-end=\"1335\">\n<li data-start=\"851\" data-end=\"897\">\n<p data-start=\"853\" data-end=\"897\"><strong data-start=\"853\" data-end=\"863\">Kamie\u0144:<\/strong> Czerwona cyrkonia (5\u00d75 mm, szlif fasetowy)<\/p>\n<\/li>\n<li data-start=\"898\" data-end=\"956\">\n<p data-start=\"900\" data-end=\"956\"><strong data-start=\"900\" data-end=\"918\">Znaczenie kamienia:<\/strong> Pasja - Ochrona - Energia \u017cyciowa<\/p>\n<\/li>\n<li data-start=\"957\" data-end=\"1033\">\n<p data-start=\"959\" data-end=\"1033\"><strong data-start=\"959\" data-end=\"977\">Materia\u0142 przewodu:<\/strong> Czerwony sznurek woskowany klasy premium, odporny na zu\u017cycie i wod\u0119<\/p>\n<\/li>\n<li data-start=\"1034\" data-end=\"1117\">\n<p data-start=\"1036\" data-end=\"1117\"><strong data-start=\"1036\" data-end=\"1056\">D\u0142ugo\u015b\u0107 bransoletki:<\/strong> Regulowany w zakresie od <strong data-start=\"1073\" data-end=\"1091\">16 cm do 26 cm<\/strong> (pasuje do wi\u0119kszo\u015bci rozmiar\u00f3w nadgarstk\u00f3w)<\/p>\n<\/li>\n<li data-start=\"1205\" data-end=\"1252\">\n<p data-start=\"1207\" data-end=\"1252\"><strong data-start=\"1207\" data-end=\"1217\">Styl:<\/strong> Minimalistyczna bransoletka unisex z zawieszk\u0105<\/p>\n<\/li>\n<li data-start=\"1253\" data-end=\"1335\">\n<p data-start=\"1255\" data-end=\"1335\"><strong data-start=\"1255\" data-end=\"1269\">Opakowanie:<\/strong> W zestawie z podpisem <em data-start=\"1293\" data-end=\"1304\">Red Sacre<\/em> Etui na bi\u017cuteri\u0119 i karta ze znaczeniem<\/p>\n<\/li>\n<\/ul>\n<hr data-start=\"1337\" data-end=\"1340\" \/>\n<h3 data-start=\"1342\" data-end=\"1362\"><strong data-start=\"1346\" data-end=\"1362\">Symbolika<\/strong><\/h3>\n<ul data-start=\"1364\" data-end=\"1679\">\n<li data-start=\"1364\" data-end=\"1429\">\n<p data-start=\"1366\" data-end=\"1429\"><strong data-start=\"1366\" data-end=\"1380\">Kolor czerwony:<\/strong> Reprezentuje witalno\u015b\u0107, odwag\u0119 i szcz\u0119\u015bcie.<\/p>\n<\/li>\n<li data-start=\"1430\" data-end=\"1548\">\n<p data-start=\"1432\" data-end=\"1548\"><strong data-start=\"1432\" data-end=\"1449\">Cyrkonia Kamie\u0144:<\/strong> Znany jako \u201ckamie\u0144 blasku\u201d, uwa\u017cany za zwi\u0119kszaj\u0105cy przejrzysto\u015b\u0107, dobrobyt i pewno\u015b\u0107 siebie.<\/p>\n<\/li>\n<li data-start=\"1549\" data-end=\"1679\">\n<p data-start=\"1551\" data-end=\"1679\"><strong data-start=\"1551\" data-end=\"1570\">Czerwony sznurek:<\/strong> Ponadczasowy talizman zakorzeniony w staro\u017cytnych tradycjach - noszony w celu przyci\u0105gni\u0119cia pozytywnej energii i odp\u0119dzenia negatywno\u015bci.<\/p>\n<\/li>\n<\/ul>\n<p data-start=\"1681\" data-end=\"1831\">Niezale\u017cnie od tego, czy s\u0105 noszone samodzielnie, czy w po\u0142\u0105czeniu z innymi <em data-start=\"1722\" data-end=\"1733\">Red Sacre<\/em> bransoletki, ten element s\u0142u\u017cy jako przypomnienie, aby chodzi\u0107 pewnie z mi\u0142o\u015bci\u0105 i \u015bwiat\u0142em w sercu.<\/p>\n<hr data-start=\"1833\" data-end=\"1836\" \/>\n<h3 data-start=\"1838\" data-end=\"1860\"><strong data-start=\"1842\" data-end=\"1860\">Idealny dla<\/strong><\/h3>\n<ul data-start=\"1862\" data-end=\"2048\">\n<li data-start=\"1862\" data-end=\"1927\">\n<p data-start=\"1864\" data-end=\"1927\">Znacz\u0105cy <strong data-start=\"1877\" data-end=\"1925\">prezent na mi\u0142o\u015b\u0107, przyja\u017a\u0144 lub nowe pocz\u0105tki<\/strong><\/p>\n<\/li>\n<li data-start=\"1928\" data-end=\"1981\">\n<p data-start=\"1930\" data-end=\"1981\">Codzienne noszenie dla <strong data-start=\"1945\" data-end=\"1979\">Pozytywna energia i ochrona<\/strong><\/p>\n<\/li>\n<li data-start=\"1982\" data-end=\"2048\">\n<p data-start=\"1984\" data-end=\"2048\">Idealny na urodziny, rocznice i uroczysto\u015bci duchowe<\/p>\n<\/li>\n<\/ul>\n<hr data-start=\"2050\" data-end=\"2053\" \/>\n<h3 data-start=\"2055\" data-end=\"2084\"><strong data-start=\"2059\" data-end=\"2084\">\ud83d\udd4a\ufe0f Instrukcje dotycz\u0105ce piel\u0119gnacji<\/strong><\/h3>\n<ul data-start=\"2086\" data-end=\"2226\">\n<li data-start=\"2086\" data-end=\"2137\">\n<p data-start=\"2088\" data-end=\"2137\">Unika\u0107 kontaktu z agresywnymi chemikaliami i perfumami<\/p>\n<\/li>\n<li data-start=\"2138\" data-end=\"2172\">\n<p data-start=\"2140\" data-end=\"2172\">Czy\u015b\u0107 delikatnie mi\u0119kk\u0105 \u015bciereczk\u0105<\/p>\n<\/li>\n<li data-start=\"2173\" data-end=\"2226\">\n<p data-start=\"2175\" data-end=\"2226\">Reguluj link\u0119 powoli, aby zachowa\u0107 integralno\u015b\u0107 w\u0119z\u0142a.<\/p>\n<\/li>\n<\/ul>\n<hr data-start=\"2228\" data-end=\"2231\" \/>\n<p data-start=\"2233\" data-end=\"2386\"><strong data-start=\"2233\" data-end=\"2273\">Red Sacre - \u015bwi\u0119ta czerwie\u0144, \u015bwi\u0119ta mi\u0142o\u015b\u0107.<\/strong><br data-start=\"2273\" data-end=\"2276\" \/>Ka\u017cda bransoletka niesie ze sob\u0105 nie tylko odrobin\u0119 elegancji, ale tak\u017ce \u017cyczenie pokoju, szcz\u0119\u015bcia i boskiego po\u0142\u0105czenia.<\/p>","protected":false},"excerpt":{"rendered":"<ul data-start=\"851\" data-end=\"1335\">\n<li data-start=\"851\" data-end=\"897\">\n<p data-start=\"853\" data-end=\"897\"><strong data-start=\"853\" data-end=\"863\">Kamie\u0144:<\/strong> Czerwona cyrkonia (5\u00d75 mm, szlif fasetowy)<\/p>\n<\/li>\n<li data-start=\"898\" data-end=\"956\">\n<p data-start=\"900\" data-end=\"956\"><strong data-start=\"900\" data-end=\"918\">Znaczenie kamienia:<\/strong> Pasja - Ochrona - Energia \u017cyciowa<\/p>\n<\/li>\n<li data-start=\"957\" data-end=\"1033\">\n<p data-start=\"959\" data-end=\"1033\"><strong data-start=\"959\" data-end=\"977\">Materia\u0142 przewodu:<\/strong> Czerwony sznurek woskowany klasy premium, odporny na zu\u017cycie i wod\u0119<\/p>\n<\/li>\n<li data-start=\"1034\" data-end=\"1117\">\n<p data-start=\"1036\" data-end=\"1117\"><strong data-start=\"1036\" data-end=\"1056\">D\u0142ugo\u015b\u0107 bransoletki:<\/strong> Regulowany w zakresie od <strong data-start=\"1073\" data-end=\"1091\">16 cm do 26 cm<\/strong> (pasuje do wi\u0119kszo\u015bci rozmiar\u00f3w nadgarstk\u00f3w)<\/p>\n<\/li>\n<li data-start=\"1205\" data-end=\"1252\">\n<p data-start=\"1207\" data-end=\"1252\"><strong data-start=\"1207\" data-end=\"1217\">Styl:<\/strong> Minimalistyczna bransoletka unisex z zawieszk\u0105<\/p>\n<\/li>\n<li data-start=\"1253\" data-end=\"1335\">\n<p data-start=\"1255\" data-end=\"1335\"><strong data-start=\"1255\" data-end=\"1269\">Opakowanie:<\/strong> W zestawie z podpisem <em data-start=\"1293\" data-end=\"1304\">Red Sacre<\/em> Etui na bi\u017cuteri\u0119 i karta ze znaczeniem<\/p>\n<\/li>\n<\/ul>","protected":false},"featured_media":919,"comment_status":"open","ping_status":"closed","template":"","meta":{"site-sidebar-layout":"default","site-content-layout":"","ast-site-content-layout":"default","site-content-style":"default","site-sidebar-style":"default","ast-global-header-display":"","ast-banner-title-visibility":"","ast-main-header-display":"","ast-hfb-above-header-display":"","ast-hfb-below-header-display":"","ast-hfb-mobile-header-display":"","site-post-title":"","ast-breadcrumbs-content":"","ast-featured-img":"","footer-sml-layout":"","theme-transparent-header-meta":"default","adv-header-id-meta":"","stick-header-meta":"","header-above-stick-meta":"","header-main-stick-meta":"","header-below-stick-meta":"","astra-migrate-meta-layouts":"set","ast-page-background-enabled":"default","ast-page-background-meta":{"desktop":{"background-color":"var(--ast-global-color-5)","background-image":"","background-repeat":"repeat","background-position":"center center","background-size":"auto","background-attachment":"scroll","background-type":"","background-media":"","overlay-type":"","overlay-color":"","overlay-opacity":"","overlay-gradient":""},"tablet":{"background-color":"","background-image":"","background-repeat":"repeat","background-position":"center center","background-size":"auto","background-attachment":"scroll","background-type":"","background-media":"","overlay-type":"","overlay-color":"","overlay-opacity":"","overlay-gradient":""},"mobile":{"background-color":"","background-image":"","background-repeat":"repeat","background-position":"center center","background-size":"auto","background-attachment":"scroll","background-type":"","background-media":"","overlay-type":"","overlay-color":"","overlay-opacity":"","overlay-gradient":""}},"ast-content-background-meta":{"desktop":{"background-color":"var(--ast-global-color-4)","background-image":"","background-repeat":"repeat","background-position":"center center","background-size":"auto","background-attachment":"scroll","background-type":"","background-media":"","overlay-type":"","overlay-color":"","overlay-opacity":"","overlay-gradient":""},"tablet":{"background-color":"var(--ast-global-color-4)","background-image":"","background-repeat":"repeat","background-position":"center center","background-size":"auto","background-attachment":"scroll","background-type":"","background-media":"","overlay-type":"","overlay-color":"","overlay-opacity":"","overlay-gradient":""},"mobile":{"background-color":"var(--ast-global-color-4)","background-image":"","background-repeat":"repeat","background-position":"center center","background-size":"auto","background-attachment":"scroll","background-type":"","background-media":"","overlay-type":"","overlay-color":"","overlay-opacity":"","overlay-gradient":""}}},"product_brand":[],"product_cat":[24,46],"product_tag":[],"class_list":{"0":"post-957","1":"product","2":"type-product","3":"status-publish","4":"has-post-thumbnail","6":"product_cat-bracelet","7":"product_cat-red-zircon-lucky-string-collection","8":"wcmi-has-gallery","9":"desktop-align-left","10":"tablet-align-left","11":"mobile-align-left","13":"first","14":"instock","15":"sale","16":"taxable","17":"shipping-taxable","18":"purchasable","19":"product-type-simple"},"aioseo_notices":[],"_links":{"self":[{"href":"https:\/\/redsacre.com\/pl\/wp-json\/wp\/v2\/product\/957","targetHints":{"allow":["GET"]}}],"collection":[{"href":"https:\/\/redsacre.com\/pl\/wp-json\/wp\/v2\/product"}],"about":[{"href":"https:\/\/redsacre.com\/pl\/wp-json\/wp\/v2\/types\/product"}],"replies":[{"embeddable":true,"href":"https:\/\/redsacre.com\/pl\/wp-json\/wp\/v2\/comments?post=957"}],"version-history":[{"count":0,"href":"https:\/\/redsacre.com\/pl\/wp-json\/wp\/v2\/product\/957\/revisions"}],"wp:featuredmedia":[{"embeddable":true,"href":"https:\/\/redsacre.com\/pl\/wp-json\/wp\/v2\/media\/919"}],"wp:attachment":[{"href":"https:\/\/redsacre.com\/pl\/wp-json\/wp\/v2\/media?parent=957"}],"wp:term":[{"taxonomy":"product_brand","embeddable":true,"href":"https:\/\/redsacre.com\/pl\/wp-json\/wp\/v2\/product_brand?post=957"},{"taxonomy":"product_cat","embeddable":true,"href":"https:\/\/redsacre.com\/pl\/wp-json\/wp\/v2\/product_cat?post=957"},{"taxonomy":"product_tag","embeddable":true,"href":"https:\/\/redsacre.com\/pl\/wp-json\/wp\/v2\/product_tag?post=957"}],"curies":[{"name":"wp","href":"https:\/\/api.w.org\/{rel}","templated":true}]}}