{"id":834,"date":"2025-10-19T11:16:18","date_gmt":"2025-10-19T11:16:18","guid":{"rendered":"https:\/\/redsacre.com\/?post_type=product&#038;p=834"},"modified":"2025-11-21T03:08:22","modified_gmt":"2025-11-21T03:08:22","slug":"red-sacre-red-string-pearl-bracelet","status":"publish","type":"product","link":"https:\/\/redsacre.com\/pl\/product\/red-sacre-red-string-pearl-bracelet\/","title":{"rendered":"Bransoletka z czerwonych pere\u0142 s\u0142odkowodnych Red Sacre"},"content":{"rendered":"<p data-start=\"295\" data-end=\"732\">The <a href=\"https:\/\/redsacre.com\/pl\/product\/red-sacre-red-string-pearl-bracelet\/\"><strong data-start=\"299\" data-end=\"349\">Bransoletka z czerwonych pere\u0142 s\u0142odkowodnych Sacre<\/strong><\/a> to wyrafinowane po\u0142\u0105czenie minimalizmu, symboliki i ponadczasowego rzemios\u0142a. Skrupulatnie r\u0119cznie tkany z najwy\u017cszej jako\u015bci czerwonego nylonowego sznurka, jest zaakcentowany <strong data-start=\"497\" data-end=\"533\">6-6.5mm\/11-12mm naturalna per\u0142a s\u0142odkowodna<\/strong>, emanuj\u0105cy delikatnym blaskiem i elegancj\u0105. Delikatna z\u0142ota zawieszka z wygrawerowanym napisem <strong data-start=\"612\" data-end=\"627\">\u201cRed Sacre\u201d<\/strong> dodaje wyrafinowanego wyko\u0144czenia, a regulowany w\u0119ze\u0142 zapewnia wygodne i uniwersalne dopasowanie.<\/p>\n<p data-start=\"734\" data-end=\"911\">Ka\u017cda bransoletka jest starannie wykonana, aby symbolizowa\u0107 <strong data-start=\"782\" data-end=\"820\">ochron\u0119, mi\u0142o\u015b\u0107 i szcz\u0119\u015bcie<\/strong>, Dzi\u0119ki temu jest czym\u015b wi\u0119cej ni\u017c tylko bi\u017cuteri\u0105 - to osobisty talizman do noszenia na co dzie\u0144.<\/p>\n<h3 data-start=\"913\" data-end=\"935\"><strong data-start=\"917\" data-end=\"935\">Specyfikacje<\/strong><\/h3>\n<ul data-start=\"936\" data-end=\"1287\">\n<li data-start=\"936\" data-end=\"1002\">\n<p data-start=\"938\" data-end=\"1002\"><strong data-start=\"938\" data-end=\"951\">Materia\u0142:<\/strong> Wysokiej jako\u015bci czerwony pleciony sznurek, naturalna per\u0142a s\u0142odkowodna<\/p>\n<\/li>\n<li data-start=\"1003\" data-end=\"1030\">\n<p data-start=\"1005\" data-end=\"1030\"><strong data-start=\"1005\" data-end=\"1020\">Rozmiar per\u0142y:<\/strong> 6-6,5 mm\/11-12 mm<\/p>\n<\/li>\n<li data-start=\"1031\" data-end=\"1107\">\n<p data-start=\"1033\" data-end=\"1107\"><strong data-start=\"1033\" data-end=\"1053\">D\u0142ugo\u015b\u0107 bransoletki: 5-8\u201d Sznurek \u015bci\u0105gaj\u0105cy<\/strong><\/p>\n<\/li>\n<li data-start=\"1108\" data-end=\"1175\">\n<p data-start=\"1110\" data-end=\"1175\"><strong data-start=\"1110\" data-end=\"1120\">Urok:<\/strong> Przywieszka z wygrawerowanym napisem \u201cRed Sacre\u201d<\/p>\n<\/li>\n<li data-start=\"1176\" data-end=\"1219\">\n<p data-start=\"1178\" data-end=\"1219\"><strong data-start=\"1178\" data-end=\"1190\">Zamkni\u0119cie:<\/strong> R\u0119cznie plecione zapi\u0119cie przesuwne<\/p>\n<\/li>\n<li data-start=\"1220\" data-end=\"1287\">\n<p data-start=\"1222\" data-end=\"1287\"><strong data-start=\"1222\" data-end=\"1236\">Opakowanie:<\/strong> Zapakowany w pude\u0142ko upominkowe Red Sacre z kart\u0105 piel\u0119gnacyjn\u0105<\/p>\n<\/li>\n<\/ul>\n<hr data-start=\"1289\" data-end=\"1292\" \/>\n<h3 data-start=\"1294\" data-end=\"1320\"><strong data-start=\"1298\" data-end=\"1320\">Zalety produktu<\/strong><\/h3>\n<ol data-start=\"1321\" data-end=\"1932\">\n<li data-start=\"1321\" data-end=\"1447\">\n<p data-start=\"1324\" data-end=\"1447\"><strong data-start=\"1324\" data-end=\"1355\">Autentyczna per\u0142a s\u0142odkowodna:<\/strong> Ka\u017cda per\u0142a jest r\u0119cznie selekcjonowana pod k\u0105tem okr\u0105g\u0142ego kszta\u0142tu, g\u0142adkiej powierzchni i naturalnego opalizowania.<\/p>\n<\/li>\n<li data-start=\"1448\" data-end=\"1594\">\n<p data-start=\"1451\" data-end=\"1594\"><strong data-start=\"1451\" data-end=\"1475\">Symboliczna czerwona ni\u0107:<\/strong> Tradycyjnie reprezentuj\u0105cy <strong data-start=\"1503\" data-end=\"1538\">ochrona, szcz\u0119\u015bcie i b\u0142ogos\u0142awie\u0144stwo<\/strong>, Czerwony sznurek nadaje znaczenia i uroku ka\u017cdemu strojowi.<\/p>\n<\/li>\n<li data-start=\"1595\" data-end=\"1717\">\n<p data-start=\"1598\" data-end=\"1717\"><strong data-start=\"1598\" data-end=\"1617\">Regulowane dopasowanie:<\/strong> Przesuwany w\u0119ze\u0142 zapewnia wygod\u0119 i elastyczno\u015b\u0107, zapewniaj\u0105c idealne dopasowanie do ka\u017cdego nadgarstka.<\/p>\n<\/li>\n<li data-start=\"1718\" data-end=\"1824\">\n<p data-start=\"1721\" data-end=\"1824\"><strong data-start=\"1721\" data-end=\"1747\">Trwa\u0142e wykonanie:<\/strong> Wykonane z ciasno tkanego nylonu dla zwi\u0119kszenia trwa\u0142o\u015bci i zachowania koloru.<\/p>\n<\/li>\n<li data-start=\"1825\" data-end=\"1932\">\n<p data-start=\"1828\" data-end=\"1932\"><strong data-start=\"1828\" data-end=\"1851\">Elegancki minimalizm:<\/strong> Subtelny, ale elegancki dodatek, kt\u00f3ry uzupe\u0142ni zar\u00f3wno codzienny, jak i formalny str\u00f3j.<\/p>\n<\/li>\n<\/ol>\n<hr data-start=\"1934\" data-end=\"1937\" \/>\n<h3 data-start=\"1939\" data-end=\"1965\"><strong data-start=\"1943\" data-end=\"1965\">Kluczowe punkty sprzeda\u017cy<\/strong><\/h3>\n<ul data-start=\"1966\" data-end=\"2456\">\n<li data-start=\"1966\" data-end=\"2072\">\n<p data-start=\"1968\" data-end=\"2072\">\u2705 <strong data-start=\"1970\" data-end=\"1990\">Znacz\u0105cy prezent:<\/strong> Idealny na urodziny, rocznice lub jako symbol ochrony i uczucia.<\/p>\n<\/li>\n<li data-start=\"2073\" data-end=\"2149\">\n<p data-start=\"2075\" data-end=\"2149\">\u2705 <strong data-start=\"2077\" data-end=\"2095\">Unisex Design:<\/strong> Prosty, elegancki i odpowiedni zar\u00f3wno dla m\u0119\u017cczyzn, jak i kobiet.<\/p>\n<\/li>\n<li data-start=\"2150\" data-end=\"2237\">\n<p data-start=\"2152\" data-end=\"2237\">\u2705 <strong data-start=\"2154\" data-end=\"2178\">Luksusowa prezentacja:<\/strong> W eleganckim opakowaniu Red Sacre, gotowym do podarowania.<\/p>\n<\/li>\n<li data-start=\"2238\" data-end=\"2321\">\n<p data-start=\"2240\" data-end=\"2321\">\u2705 <strong data-start=\"2242\" data-end=\"2263\">Jako\u015b\u0107 wykonania r\u0119cznego:<\/strong> Ka\u017cda bransoletka jest r\u0119cznie wyka\u0144czana z precyzj\u0105 i staranno\u015bci\u0105.<\/p>\n<\/li>\n<li data-start=\"2322\" data-end=\"2456\">\n<p data-start=\"2324\" data-end=\"2456\">\u2705 <strong data-start=\"2326\" data-end=\"2349\">Symbolika kulturowa:<\/strong> Zainspirowany ponadczasow\u0105 tradycj\u0105 czerwonego sznurka wyst\u0119puj\u0105c\u0105 w wielu kulturach, reprezentuj\u0105c\u0105 wiar\u0119 i wi\u0119\u017a.<\/p>\n<\/li>\n<\/ul>\n<hr data-start=\"2458\" data-end=\"2461\" \/>\n<h3 data-start=\"2463\" data-end=\"2509\"><strong data-start=\"2467\" data-end=\"2509\">Szczeg\u00f3\u0142owy opis niezale\u017cnego sklepu<\/strong><\/h3>\n<p data-start=\"2510\" data-end=\"2788\">Zachowaj r\u00f3wnowag\u0119 mi\u0119dzy tradycj\u0105 a nowoczesno\u015bci\u0105 dzi\u0119ki <a href=\"https:\/\/linktr.ee\/redsacre\"><strong data-start=\"2566\" data-end=\"2616\">Bransoletka z czerwonych pere\u0142 s\u0142odkowodnych Sacre<\/strong><\/a>. Zaprojektowana dla tych, kt\u00f3rzy ceni\u0105 subtelny luksus i wymown\u0105 symbolik\u0119, ta bransoletka \u0142\u0105czy czysto\u015b\u0107 s\u0142odkowodnej per\u0142y z pomy\u015bln\u0105 energi\u0105 czerwonego sznurka.<\/p>\n<p data-start=\"2790\" data-end=\"3046\">Idealna do uk\u0142adania w stosy lub noszenia solo, bez wysi\u0142ku przechodzi z dnia na noc, wnosz\u0105c odrobin\u0119 subtelnej elegancji do Twojego stylu. Ka\u017cda bransoletka jest uciele\u015bnieniem filozofii Red Sacre. <strong data-start=\"2979\" data-end=\"3046\">Czysto\u015b\u0107 w designie, si\u0142a w znaczeniu i wdzi\u0119k w prostocie.<\/strong><\/p>\n<p data-start=\"3048\" data-end=\"3193\">No\u015b go jako przypomnienie o mi\u0142o\u015bci, ochronie i wewn\u0119trznym spokoju - lub podaruj go komu\u015b wyj\u0105tkowemu jako gest szcz\u0119\u015bcia i szczerej wi\u0119zi.<\/p>","protected":false},"excerpt":{"rendered":"<ul data-start=\"936\" data-end=\"1287\">\n<li data-start=\"936\" data-end=\"1002\">\n<p data-start=\"938\" data-end=\"1002\"><strong data-start=\"938\" data-end=\"951\">Materia\u0142:<\/strong> Wysokiej jako\u015bci czerwony pleciony sznurek, naturalna per\u0142a s\u0142odkowodna<\/p>\n<\/li>\n<li data-start=\"1003\" data-end=\"1030\">\n<p data-start=\"1005\" data-end=\"1030\"><strong data-start=\"1005\" data-end=\"1020\">Rozmiar per\u0142y:<\/strong> 6-6,5 mm\/11-12 mm<\/p>\n<\/li>\n<li data-start=\"1031\" data-end=\"1107\">\n<p data-start=\"1033\" data-end=\"1107\"><strong data-start=\"1033\" data-end=\"1053\">D\u0142ugo\u015b\u0107 bransoletki: 5-8\u201d Sznurek \u015bci\u0105gaj\u0105cy<\/strong><\/p>\n<\/li>\n<li data-start=\"1108\" data-end=\"1175\">\n<p data-start=\"1110\" data-end=\"1175\"><strong data-start=\"1110\" data-end=\"1120\">Urok:<\/strong> Przywieszka z wygrawerowanym napisem \u201cRed Sacre\u201d<\/p>\n<\/li>\n<li data-start=\"1176\" data-end=\"1219\">\n<p data-start=\"1178\" data-end=\"1219\"><strong data-start=\"1178\" data-end=\"1190\">Zamkni\u0119cie:<\/strong> R\u0119cznie plecione zapi\u0119cie przesuwne<\/p>\n<\/li>\n<\/ul>","protected":false},"featured_media":872,"comment_status":"open","ping_status":"closed","template":"","meta":{"site-sidebar-layout":"default","site-content-layout":"","ast-site-content-layout":"default","site-content-style":"default","site-sidebar-style":"default","ast-global-header-display":"","ast-banner-title-visibility":"","ast-main-header-display":"","ast-hfb-above-header-display":"","ast-hfb-below-header-display":"","ast-hfb-mobile-header-display":"","site-post-title":"","ast-breadcrumbs-content":"","ast-featured-img":"","footer-sml-layout":"","theme-transparent-header-meta":"default","adv-header-id-meta":"","stick-header-meta":"","header-above-stick-meta":"","header-main-stick-meta":"","header-below-stick-meta":"","astra-migrate-meta-layouts":"set","ast-page-background-enabled":"default","ast-page-background-meta":{"desktop":{"background-color":"var(--ast-global-color-5)","background-image":"","background-repeat":"repeat","background-position":"center center","background-size":"auto","background-attachment":"scroll","background-type":"","background-media":"","overlay-type":"","overlay-color":"","overlay-opacity":"","overlay-gradient":""},"tablet":{"background-color":"","background-image":"","background-repeat":"repeat","background-position":"center center","background-size":"auto","background-attachment":"scroll","background-type":"","background-media":"","overlay-type":"","overlay-color":"","overlay-opacity":"","overlay-gradient":""},"mobile":{"background-color":"","background-image":"","background-repeat":"repeat","background-position":"center center","background-size":"auto","background-attachment":"scroll","background-type":"","background-media":"","overlay-type":"","overlay-color":"","overlay-opacity":"","overlay-gradient":""}},"ast-content-background-meta":{"desktop":{"background-color":"var(--ast-global-color-4)","background-image":"","background-repeat":"repeat","background-position":"center center","background-size":"auto","background-attachment":"scroll","background-type":"","background-media":"","overlay-type":"","overlay-color":"","overlay-opacity":"","overlay-gradient":""},"tablet":{"background-color":"var(--ast-global-color-4)","background-image":"","background-repeat":"repeat","background-position":"center center","background-size":"auto","background-attachment":"scroll","background-type":"","background-media":"","overlay-type":"","overlay-color":"","overlay-opacity":"","overlay-gradient":""},"mobile":{"background-color":"var(--ast-global-color-4)","background-image":"","background-repeat":"repeat","background-position":"center center","background-size":"auto","background-attachment":"scroll","background-type":"","background-media":"","overlay-type":"","overlay-color":"","overlay-opacity":"","overlay-gradient":""}}},"product_brand":[],"product_cat":[24,45],"product_tag":[44],"class_list":{"0":"post-834","1":"product","2":"type-product","3":"status-publish","4":"has-post-thumbnail","6":"product_cat-bracelet","7":"product_cat-pearl-red-string-collection","8":"product_tag-red-string-fresh-water-pearl-bracelet","9":"wcmi-has-gallery","10":"desktop-align-left","11":"tablet-align-left","12":"mobile-align-left","14":"first","15":"instock","16":"sale","17":"taxable","18":"shipping-taxable","19":"purchasable","20":"product-type-variable"},"aioseo_notices":[],"_links":{"self":[{"href":"https:\/\/redsacre.com\/pl\/wp-json\/wp\/v2\/product\/834","targetHints":{"allow":["GET"]}}],"collection":[{"href":"https:\/\/redsacre.com\/pl\/wp-json\/wp\/v2\/product"}],"about":[{"href":"https:\/\/redsacre.com\/pl\/wp-json\/wp\/v2\/types\/product"}],"replies":[{"embeddable":true,"href":"https:\/\/redsacre.com\/pl\/wp-json\/wp\/v2\/comments?post=834"}],"version-history":[{"count":2,"href":"https:\/\/redsacre.com\/pl\/wp-json\/wp\/v2\/product\/834\/revisions"}],"predecessor-version":[{"id":1262,"href":"https:\/\/redsacre.com\/pl\/wp-json\/wp\/v2\/product\/834\/revisions\/1262"}],"wp:featuredmedia":[{"embeddable":true,"href":"https:\/\/redsacre.com\/pl\/wp-json\/wp\/v2\/media\/872"}],"wp:attachment":[{"href":"https:\/\/redsacre.com\/pl\/wp-json\/wp\/v2\/media?parent=834"}],"wp:term":[{"taxonomy":"product_brand","embeddable":true,"href":"https:\/\/redsacre.com\/pl\/wp-json\/wp\/v2\/product_brand?post=834"},{"taxonomy":"product_cat","embeddable":true,"href":"https:\/\/redsacre.com\/pl\/wp-json\/wp\/v2\/product_cat?post=834"},{"taxonomy":"product_tag","embeddable":true,"href":"https:\/\/redsacre.com\/pl\/wp-json\/wp\/v2\/product_tag?post=834"}],"curies":[{"name":"wp","href":"https:\/\/api.w.org\/{rel}","templated":true}]}}