{"id":1025,"date":"2025-10-23T08:10:51","date_gmt":"2025-10-23T08:10:51","guid":{"rendered":"https:\/\/redsacre.com\/?page_id=1025"},"modified":"2025-10-23T08:10:52","modified_gmt":"2025-10-23T08:10:52","slug":"after-sales-service","status":"publish","type":"page","link":"https:\/\/redsacre.com\/pl\/after-sales-service\/","title":{"rendered":"Obs\u0142uga posprzeda\u017cna"},"content":{"rendered":"<h2 class=\"wp-block-heading\"><strong>Zasady obs\u0142ugi posprzeda\u017cnej i gwarancji Red Sacre<\/strong><\/h2>\n\n\n\n<p>Przy <strong>Red Sacre<\/strong>, Ka\u017cda bi\u017cuteria jest wykonana z trosk\u0105 i intencj\u0105. Stoimy za jako\u015bci\u0105 naszych kreacji i dok\u0142adamy wszelkich stara\u0144, aby Twoje do\u015bwiadczenie z nami pozosta\u0142o tak pi\u0119kne, jak sama bi\u017cuteria.<\/p>\n\n\n\n<hr class=\"wp-block-separator has-alpha-channel-opacity\"\/>\n\n\n\n<h3 class=\"wp-block-heading\"><strong>1. Uszkodzone przedmioty przy odbiorze<\/strong><\/h3>\n\n\n\n<p>Je\u015bli twoja bi\u017cuteria Red Sacre dotrze <strong>uszkodzony <\/strong>, prosimy o kontakt z naszym dzia\u0142em obs\u0142ugi klienta <strong>7 dni od otrzymania<\/strong>.<\/p>\n\n\n\n<ul class=\"wp-block-list\">\n<li>Zapewnimy <strong>bezp\u0142atna wymiana na ten sam model<\/strong> po weryfikacji.<\/li>\n\n\n\n<li>U\u017cytkownik mo\u017ce zosta\u0107 poproszony o przes\u0142anie zdj\u0119\u0107 lub zwrot wadliwego produktu przed wydaniem zamiennika.<\/li>\n\n\n\n<li>Koszty wysy\u0142ki zwi\u0105zane z wymian\u0105 zostan\u0105 w pe\u0142ni pokryte przez Red Sacre.<\/li>\n<\/ul>\n\n\n\n<hr class=\"wp-block-separator has-alpha-channel-opacity\"\/>\n\n\n\n<h3 class=\"wp-block-heading\"><strong>2. Roczna ograniczona gwarancja<\/strong><\/h3>\n\n\n\n<p>Ca\u0142a bi\u017cuteria Red Sacre jest chroniona przez <strong>roczna ograniczona gwarancja<\/strong> od daty zakupu, obejmuj\u0105cy:<\/p>\n\n\n\n<ul class=\"wp-block-list\">\n<li>Wady produkcyjne metalu, kamieni szlachetnych lub nici.<\/li>\n\n\n\n<li>P\u0119kni\u0119cie lub oderwanie wynikaj\u0105ce z normalnego zu\u017cycia przy odpowiedniej piel\u0119gnacji.<\/li>\n<\/ul>\n\n\n\n<p>Je\u015bli obj\u0119ty ubezpieczeniem problem wyst\u0105pi w tym okresie:<\/p>\n\n\n\n<ul class=\"wp-block-list\">\n<li>B\u0119dziemy <strong>naprawa lub wymiana tego samego modelu<\/strong> bezp\u0142atnie.<\/li>\n\n\n\n<li>Klienci s\u0105 odpowiedzialni za <strong>koszty wysy\u0142ki do naszego centrum serwisowego<\/strong>; Red Sacre pokryje koszty przesy\u0142ki zwrotnej po naprawie.<\/li>\n<\/ul>\n\n\n\n<hr class=\"wp-block-separator has-alpha-channel-opacity\"\/>\n\n\n\n<h3 class=\"wp-block-heading\"><strong>3. Us\u0142ugi wykraczaj\u0105ce poza gwarancj\u0119<\/strong><\/h3>\n\n\n\n<p>Po up\u0142ywie rocznego okresu gwarancyjnego lub w przypadku problem\u00f3w niezwi\u0105zanych z wadami produkcyjnymi, Red Sacre oferuje <strong>p\u0142atna us\u0142uga serwisowa<\/strong>.<br>Przyk\u0142ady obejmuj\u0105:<\/p>\n\n\n\n<ul class=\"wp-block-list\">\n<li>Wymiana nici (identyczny lub inny kolor)<\/li>\n\n\n\n<li>Regulacja rozmiaru<\/li>\n\n\n\n<li>Resetowanie kamieni lub wymiana zapi\u0119cia<\/li>\n\n\n\n<li>Polerowanie, czyszczenie lub ponowne powlekanie \u0142a\u0144cucha<\/li>\n<\/ul>\n\n\n\n<p>Op\u0142aty za napraw\u0119 zostan\u0105 podane z wyprzedzeniem, a serwis rozpocznie si\u0119 po potwierdzeniu i dokonaniu p\u0142atno\u015bci przez klienta.<\/p>\n\n\n\n<hr class=\"wp-block-separator has-alpha-channel-opacity\"\/>\n\n\n\n<h3 class=\"wp-block-heading\"><strong>4. Wy\u0142\u0105czenia i ograniczenia<\/strong><\/h3>\n\n\n\n<p>Niniejsza gwarancja nie obejmuje <strong>nie<\/strong> ok\u0142adka:<\/p>\n\n\n\n<ul class=\"wp-block-list\">\n<li>Uszkodzenia spowodowane niew\u0142a\u015bciw\u0105 obs\u0142ug\u0105, wypadkami lub niew\u0142a\u015bciwym u\u017cytkowaniem.<\/li>\n\n\n\n<li>Kontakt z <strong>chemikalia, perfumy lub domowe \u015brodki czyszcz\u0105ce<\/strong>.<\/li>\n\n\n\n<li>Uszkodzenia spowodowane przez <strong>noszenie wielu akcesori\u00f3w<\/strong> kt\u00f3re zarysowuj\u0105 lub \u015bcieraj\u0105 bi\u017cuteri\u0119.<\/li>\n\n\n\n<li>Naturalne zu\u017cycie, takie jak <strong>blakni\u0119cie kolor\u00f3w<\/strong> lub <strong>mikrozarysowania powierzchni<\/strong> w czasie.<\/li>\n\n\n\n<li>Utrata lub kradzie\u017c przedmiotu.<\/li>\n<\/ul>\n\n\n\n<p>Red Sacre zastrzega sobie prawo do okre\u015blenia, czy uszkodzenie jest obj\u0119te gwarancj\u0105 po przeprowadzeniu kontroli.<\/p>\n\n\n\n<hr class=\"wp-block-separator has-alpha-channel-opacity\"\/>\n\n\n\n<h3 class=\"wp-block-heading\"><strong>5. Proces naprawy<\/strong><\/h3>\n\n\n\n<p>Aby zainicjowa\u0107 napraw\u0119 lub wymian\u0119:<\/p>\n\n\n\n<ol class=\"wp-block-list\">\n<li>Skontaktuj si\u0119 z dzia\u0142em obs\u0142ugi klienta Red Sacre pod adresem <strong><a>sales@redsacre.com<\/a><\/strong> z:\n<ul class=\"wp-block-list\">\n<li>Numer zam\u00f3wienia<\/li>\n\n\n\n<li>Opis i zdj\u0119cia wydania<\/li>\n<\/ul>\n<\/li>\n\n\n\n<li>Nasz zesp\u00f3\u0142 potwierdzi, czy przedmiot kwalifikuje si\u0119 do gwarancji lub p\u0142atnego serwisu.<\/li>\n\n\n\n<li>Bezpiecznie wy\u015blij bi\u017cuteri\u0119 do naszego centrum serwisowego; zalecane jest \u015bledzenie przesy\u0142ki.<\/li>\n\n\n\n<li>Naprawy zazwyczaj trwaj\u0105 <strong>4-6 tygodni<\/strong> w zale\u017cno\u015bci od z\u0142o\u017cono\u015bci.<\/li>\n<\/ol>\n\n\n\n<hr class=\"wp-block-separator has-alpha-channel-opacity\"\/>\n\n\n\n<h3 class=\"wp-block-heading\"><strong>6. Zalecenia dotycz\u0105ce opieki<\/strong><\/h3>\n\n\n\n<p>Aby zachowa\u0107 pi\u0119kno bi\u017cuterii Red Sacre:<\/p>\n\n\n\n<ul class=\"wp-block-list\">\n<li>Unika\u0107 kontaktu z kosmetykami, perfumami i agresywnymi chemikaliami.<\/li>\n\n\n\n<li>Zdj\u0105\u0107 przed p\u0142ywaniem, prysznicem lub intensywnym treningiem.<\/li>\n\n\n\n<li>Przechowywa\u0107 oddzielnie w oryginalnym etui, aby zapobiec zarysowaniom.<\/li>\n\n\n\n<li>Unika\u0107 \u0142\u0105czenia z ci\u0119\u017ckimi zegarkami lub metalowymi akcesoriami.<\/li>\n<\/ul>\n\n\n\n<hr class=\"wp-block-separator has-alpha-channel-opacity\"\/>\n\n\n\n<h3 class=\"wp-block-heading\"><strong>7. Wy\u0142\u0105czenie odpowiedzialno\u015bci<\/strong><\/h3>\n\n\n\n<p>Red Sacre nie ponosi odpowiedzialno\u015bci za:<\/p>\n\n\n\n<ul class=\"wp-block-list\">\n<li>Wszelkie po\u015brednie lub przypadkowe szkody wynikaj\u0105ce z niew\u0142a\u015bciwego u\u017cytkowania lub zaniedbania.<\/li>\n\n\n\n<li>Op\u00f3\u017anienia w \u015bwiadczeniu us\u0142ug spowodowane przez organy celne, wysy\u0142k\u0119 lub czynniki zewn\u0119trzne pozostaj\u0105ce poza nasz\u0105 kontrol\u0105.<\/li>\n\n\n\n<li>Naprawy wykonywane przez nieautoryzowane osoby trzecie, co spowoduje utrat\u0119 gwarancji.<\/li>\n<\/ul>\n\n\n\n<hr class=\"wp-block-separator has-alpha-channel-opacity\"\/>\n\n\n\n<h3 class=\"wp-block-heading\"><strong>Kontakt<\/strong><\/h3>\n\n\n\n<p>W przypadku jakichkolwiek pyta\u0144 dotycz\u0105cych obs\u0142ugi posprzeda\u017cnej prosimy o kontakt:<br>\ud83d\udce7 <strong><a><strong><a>sales@redsacre.com<\/a><\/strong><\/a><\/strong><br>\ud83c\udf10 <a><strong><a>redsacre.com<\/a><\/strong><\/a><br>Nasz zesp\u00f3\u0142 z przyjemno\u015bci\u0105 Ci pomo\u017ce.<\/p>","protected":false},"excerpt":{"rendered":"<p>Red Sacre After-Sales Service &amp; Warranty Policy At Red Sacre, every piece of jewelry is crafted with care and intention. We stand behind the quality of our creations and are committed to ensuring that your experience with us remains as beautiful as the jewelry itself. 1. Damaged Items Upon Receipt If your Red Sacre jewelry [&hellip;]<\/p>","protected":false},"author":1,"featured_media":0,"parent":0,"menu_order":0,"comment_status":"closed","ping_status":"closed","template":"","meta":{"site-sidebar-layout":"default","site-content-layout":"","ast-site-content-layout":"default","site-content-style":"default","site-sidebar-style":"default","ast-global-header-display":"","ast-banner-title-visibility":"","ast-main-header-display":"","ast-hfb-above-header-display":"","ast-hfb-below-header-display":"","ast-hfb-mobile-header-display":"","site-post-title":"","ast-breadcrumbs-content":"","ast-featured-img":"","footer-sml-layout":"","theme-transparent-header-meta":"","adv-header-id-meta":"","stick-header-meta":"","header-above-stick-meta":"","header-main-stick-meta":"","header-below-stick-meta":"","astra-migrate-meta-layouts":"default","ast-page-background-enabled":"default","ast-page-background-meta":{"desktop":{"background-color":"var(--ast-global-color-5)","background-image":"","background-repeat":"repeat","background-position":"center center","background-size":"auto","background-attachment":"scroll","background-type":"","background-media":"","overlay-type":"","overlay-color":"","overlay-opacity":"","overlay-gradient":""},"tablet":{"background-color":"","background-image":"","background-repeat":"repeat","background-position":"center center","background-size":"auto","background-attachment":"scroll","background-type":"","background-media":"","overlay-type":"","overlay-color":"","overlay-opacity":"","overlay-gradient":""},"mobile":{"background-color":"","background-image":"","background-repeat":"repeat","background-position":"center center","background-size":"auto","background-attachment":"scroll","background-type":"","background-media":"","overlay-type":"","overlay-color":"","overlay-opacity":"","overlay-gradient":""}},"ast-content-background-meta":{"desktop":{"background-color":"var(--ast-global-color-4)","background-image":"","background-repeat":"repeat","background-position":"center center","background-size":"auto","background-attachment":"scroll","background-type":"","background-media":"","overlay-type":"","overlay-color":"","overlay-opacity":"","overlay-gradient":""},"tablet":{"background-color":"var(--ast-global-color-4)","background-image":"","background-repeat":"repeat","background-position":"center center","background-size":"auto","background-attachment":"scroll","background-type":"","background-media":"","overlay-type":"","overlay-color":"","overlay-opacity":"","overlay-gradient":""},"mobile":{"background-color":"var(--ast-global-color-4)","background-image":"","background-repeat":"repeat","background-position":"center center","background-size":"auto","background-attachment":"scroll","background-type":"","background-media":"","overlay-type":"","overlay-color":"","overlay-opacity":"","overlay-gradient":""}},"footnotes":""},"class_list":["post-1025","page","type-page","status-publish","hentry"],"aioseo_notices":[],"_links":{"self":[{"href":"https:\/\/redsacre.com\/pl\/wp-json\/wp\/v2\/pages\/1025","targetHints":{"allow":["GET"]}}],"collection":[{"href":"https:\/\/redsacre.com\/pl\/wp-json\/wp\/v2\/pages"}],"about":[{"href":"https:\/\/redsacre.com\/pl\/wp-json\/wp\/v2\/types\/page"}],"author":[{"embeddable":true,"href":"https:\/\/redsacre.com\/pl\/wp-json\/wp\/v2\/users\/1"}],"replies":[{"embeddable":true,"href":"https:\/\/redsacre.com\/pl\/wp-json\/wp\/v2\/comments?post=1025"}],"version-history":[{"count":2,"href":"https:\/\/redsacre.com\/pl\/wp-json\/wp\/v2\/pages\/1025\/revisions"}],"predecessor-version":[{"id":1152,"href":"https:\/\/redsacre.com\/pl\/wp-json\/wp\/v2\/pages\/1025\/revisions\/1152"}],"wp:attachment":[{"href":"https:\/\/redsacre.com\/pl\/wp-json\/wp\/v2\/media?parent=1025"}],"curies":[{"name":"wp","href":"https:\/\/api.w.org\/{rel}","templated":true}]}}