{"id":466,"date":"2025-10-09T02:26:09","date_gmt":"2025-10-09T02:26:09","guid":{"rendered":"https:\/\/redsacre.com\/?page_id=466"},"modified":"2025-10-09T02:26:09","modified_gmt":"2025-10-09T02:26:09","slug":"gdpr","status":"publish","type":"page","link":"https:\/\/redsacre.com\/it\/gdpr\/","title":{"rendered":"GDPR"},"content":{"rendered":"<h3 class=\"wp-block-heading\">Che cos'\u00e8 il GDPR?<\/h3>\n\n\n\n<p>Il <strong>Regolamento generale sulla protezione dei dati (GDPR)<\/strong> \u00e8 una legge emanata dall'Unione Europea (UE) per regolamentare le modalit\u00e0 con cui le organizzazioni all'interno e all'esterno dell'UE trattano i dati personali dei residenti nell'UE.<br>\u00c8 stato adottato nel 2016 ed \u00e8 entrato in vigore il 25 maggio 2018.<\/p>\n\n\n\n<p>Il GDPR \u00e8 stato concepito per dare alle persone un maggiore controllo sui propri dati personali, per garantire la trasparenza nel loro utilizzo e per unificare le norme sulla protezione dei dati in tutti gli Stati membri dell'UE. Si applica non solo alle aziende con sede nell'UE, ma anche a quelle che offrono beni o servizi a persone all'interno dell'UE o ne monitorano il comportamento.<\/p>\n\n\n\n<hr class=\"wp-block-separator has-alpha-channel-opacity\"\/>\n\n\n\n<h2 class=\"wp-block-heading\">Il nostro impegno a RedSacre<\/h2>\n\n\n\n<p>A <strong>RedSacre<\/strong>, prendiamo sul serio la vostra privacy e ci impegniamo a rispettare i principi del GDPR.<br>Crediamo nella trasparenza, nella correttezza e nella responsabilit\u00e0 del trattamento dei vostri dati personali.<\/p>\n\n\n\n<p>Promettiamo di:<\/p>\n\n\n\n<ol class=\"wp-block-list\">\n<li><strong>Essere trasparenti e legali<\/strong><br>Spieghiamo chiaramente quali dati raccogliamo, perch\u00e9 li raccogliamo, come vengono utilizzati e per quanto tempo li conserviamo. Tutte le attivit\u00e0 di trattamento si basano su una base lecita come il consenso, il contratto o il legittimo interesse.<\/li>\n\n\n\n<li><strong>Raccogliere solo il necessario<\/strong><br>Raccogliamo solo le informazioni necessarie per fornire i nostri servizi o adempiere ai nostri obblighi.<\/li>\n\n\n\n<li><strong>Mantenere la precisione<\/strong><br>Manteniamo i vostri dati personali accurati e aggiornati e avete il diritto di correggere eventuali inesattezze.<\/li>\n\n\n\n<li><strong>Limitare la conservazione dei dati<\/strong><br>Conserviamo i dati personali solo per il tempo necessario a soddisfare lo scopo per cui sono stati raccolti. Quando non sono pi\u00f9 necessari, li cancelliamo o li rendiamo anonimi in modo sicuro.<\/li>\n\n\n\n<li><strong>Garantire sicurezza e riservatezza<\/strong><br>Utilizziamo misure tecniche e organizzative adeguate per salvaguardare i vostri dati da accessi non autorizzati, divulgazione, alterazione o distruzione.<\/li>\n\n\n\n<li><strong>Rispettare i diritti degli utenti<\/strong><br>Rispettiamo pienamente i diritti degli interessati ai sensi del GDPR, tra cui l'accesso, la correzione, la cancellazione, la limitazione, la portabilit\u00e0 dei dati e l'obiezione.<\/li>\n\n\n\n<li><strong>Proteggere i trasferimenti transfrontalieri<\/strong><br>Quando trasferiamo i dati personali al di fuori dell'UE, ci assicuriamo che siano in atto misure di salvaguardia adeguate, come le clausole contrattuali standard (SCC) o meccanismi di protezione equivalenti.<\/li>\n\n\n\n<li><strong>Essere responsabili<\/strong><br>Manteniamo un registro dettagliato dei trattamenti, eseguiamo regolari verifiche di sicurezza e ci assicuriamo che anche i nostri partner rispettino gli standard di protezione dei dati.<\/li>\n<\/ol>\n\n\n\n<hr class=\"wp-block-separator has-alpha-channel-opacity\"\/>\n\n\n\n<h2 class=\"wp-block-heading\">Come trattiamo i vostri dati<\/h2>\n\n\n\n<p>Di seguito una panoramica di come e perch\u00e9 raccogliamo e utilizziamo i vostri dati:<\/p>\n\n\n\n<figure class=\"wp-block-table\"><table class=\"has-fixed-layout\"><thead><tr><th>Tipo di dati<\/th><th>Scopo \/ Utilizzo<\/th><th>Base legale<\/th><th>Periodo di conservazione<\/th><th>Misure di protezione<\/th><\/tr><\/thead><tbody><tr><td>Informazioni sull'account (nome, e-mail, indirizzo)<\/td><td>Per registrare e gestire il vostro account, evadere gli ordini<\/td><td>Contratto \/ Consenso<\/td><td>Finch\u00e9 il conto \u00e8 attivo<\/td><td>Archiviazione criptata, accesso limitato<\/td><\/tr><tr><td>Dati relativi a ordini e transazioni<\/td><td>Per elaborare pagamenti, consegne e fatturazione<\/td><td>Contratto \/ Obbligo legale<\/td><td>Periodo di conservazione legale<\/td><td>Controllo degli accessi, registri di audit<\/td><\/tr><tr><td>Iscrizioni alla newsletter<\/td><td>Per inviare e-mail di marketing e aggiornamenti sul marchio<\/td><td>Consenso<\/td><td>Fino all'annullamento della sottoscrizione<\/td><td>Possibilit\u00e0 di opt-out in modo semplice<\/td><\/tr><tr><td>Messaggi dell'assistenza clienti<\/td><td>Per fornire assistenza e migliorare i servizi<\/td><td>Interesse legittimo<\/td><td>Periodo ragionevole dopo la risoluzione<\/td><td>Stoccaggio sicuro<\/td><\/tr><tr><td>Cookie del sito web \/ dati analitici<\/td><td>Per migliorare l'esperienza dell'utente e le prestazioni del sito web<\/td><td>Consenso \/ Interesse legittimo<\/td><td>A breve termine o in base alle esigenze<\/td><td>Dati aggregati o anonimizzati<\/td><\/tr><\/tbody><\/table><\/figure>\n\n\n\n<hr class=\"wp-block-separator has-alpha-channel-opacity\"\/>\n\n\n\n<h2 class=\"wp-block-heading\">I vostri diritti ai sensi del GDPR<\/h2>\n\n\n\n<p>Se siete residenti nell'UE, avete i seguenti diritti in merito ai vostri dati personali:<\/p>\n\n\n\n<ol class=\"wp-block-list\">\n<li><strong>Diritto di essere informati<\/strong><br>Avete il diritto di sapere come e perch\u00e9 vengono utilizzati i vostri dati personali.<\/li>\n\n\n\n<li><strong>Diritto di accesso<\/strong><br>\u00c8 possibile richiedere una copia dei dati personali in nostro possesso e i dettagli sul loro trattamento.<\/li>\n\n\n\n<li><strong>Diritto di rettifica<\/strong><br>\u00c8 possibile richiedere correzioni o aggiornamenti se i dati personali sono inesatti o incompleti.<\/li>\n\n\n\n<li><strong>Diritto alla cancellazione (diritto all'oblio)<\/strong><br>\u00c8 possibile richiedere la cancellazione dei propri dati personali quando non sono pi\u00f9 necessari o si ritira il consenso.<\/li>\n\n\n\n<li><strong>Diritto di limitare il trattamento<\/strong><br>L'utente pu\u00f2 richiedere di limitare il trattamento dei suoi dati personali a determinate condizioni.<\/li>\n\n\n\n<li><strong>Diritto alla portabilit\u00e0 dei dati<\/strong><br>\u00c8 possibile ricevere i dati in un formato strutturato e comunemente utilizzato e trasferirli a un altro fornitore di servizi.<\/li>\n\n\n\n<li><strong>Diritto di opposizione<\/strong><br>Potete opporvi al trattamento dei dati per finalit\u00e0 specifiche, come il marketing diretto.<\/li>\n\n\n\n<li><strong>Diritti connessi al processo decisionale automatizzato<\/strong><br>Avete il diritto di non essere sottoposti a una decisione basata esclusivamente sul trattamento automatizzato, compresa la profilazione, se vi riguarda in modo significativo.<\/li>\n<\/ol>\n\n\n\n<p>Risponderemo a tutte le richieste relative al GDPR entro un mese dalla loro ricezione.<\/p>\n\n\n\n<hr class=\"wp-block-separator has-alpha-channel-opacity\"\/>\n\n\n\n<h2 class=\"wp-block-heading\">Le nostre misure di conformit\u00e0<\/h2>\n\n\n\n<p>Per garantire la conformit\u00e0 al GDPR, abbiamo implementato le seguenti misure:<\/p>\n\n\n\n<ul class=\"wp-block-list\">\n<li><strong>Valutazioni d'impatto sulla protezione dei dati (DPIA):<\/strong><br>Valutiamo i rischi potenziali delle attivit\u00e0 di trattamento ad alto impatto e implementiamo misure di salvaguardia per ridurli al minimo.<\/li>\n\n\n\n<li><strong>Privacy by Design e Default:<\/strong><br>Integriamo la protezione della privacy nei nostri sistemi e flussi di lavoro fin dall'inizio.<\/li>\n\n\n\n<li><strong>Contratti con terzi:<\/strong><br>Lavoriamo solo con fornitori di servizi che soddisfano gli standard del GDPR e sottoscrivono accordi di trattamento dei dati (DPA).<\/li>\n\n\n\n<li><strong>Notifica di violazione dei dati:<\/strong><br>In caso di violazione dei dati, informeremo le autorit\u00e0 competenti entro 72 ore e, se necessario, informeremo le persone interessate.<\/li>\n\n\n\n<li><strong>Verifiche periodiche e formazione:<\/strong><br>Effettuiamo regolarmente controlli sulla privacy e sulla sicurezza e formiamo i nostri dipendenti a gestire i dati in modo responsabile.<\/li>\n<\/ul>\n\n\n\n<hr class=\"wp-block-separator has-alpha-channel-opacity\"\/>\n\n\n\n<h2 class=\"wp-block-heading\">Conseguenze della non conformit\u00e0<\/h2>\n\n\n\n<p>Le organizzazioni che non si conformano al GDPR possono incorrere in gravi sanzioni, tra cui multe che possono arrivare a <strong>20 milioni di euro<\/strong> o <strong>4% del fatturato globale annuo<\/strong>, a seconda di quale sia il valore pi\u00f9 alto.<br>RedSacre si impegna a mantenere la piena conformit\u00e0 per proteggere sia i nostri clienti che la nostra integrit\u00e0 aziendale.<\/p>\n\n\n\n<hr class=\"wp-block-separator has-alpha-channel-opacity\"\/>\n\n\n\n<h2 class=\"wp-block-heading\">Come contattarci<\/h2>\n\n\n\n<p>Se siete residenti nell'UE o ritenete che i vostri dati rientrino nella protezione del GDPR, potete contattarci per esercitare i vostri diritti o porre domande sui vostri dati.<\/p>\n\n\n\n<p><strong>E-mail:<\/strong> <a>services@redsacre.com<\/a><br><strong>Oggetto:<\/strong> \u201cRichiesta GDPR - [Accesso \/ Correzione \/ Cancellazione \/ Restrizione \/ Portabilit\u00e0 \/ Obiezione]\u201d.\u201d<\/p>\n\n\n\n<p>Per motivi di sicurezza, potremmo dover verificare la vostra identit\u00e0 prima di soddisfare la vostra richiesta.<br>Ci proponiamo di rispondere a tutte le richieste relative al GDPR entro 30 giorni.<\/p>\n\n\n\n<p><\/p>","protected":false},"excerpt":{"rendered":"<p>What is GDPR? The General Data Protection Regulation (GDPR) is a law enacted by the European Union (EU) to regulate how organizations inside and outside the EU handle the personal data of EU residents.It was adopted in 2016 and came into effect on May 25, 2018. GDPR is designed to give individuals more control over [&hellip;]<\/p>","protected":false},"author":1,"featured_media":0,"parent":0,"menu_order":0,"comment_status":"closed","ping_status":"closed","template":"","meta":{"site-sidebar-layout":"default","site-content-layout":"","ast-site-content-layout":"default","site-content-style":"default","site-sidebar-style":"default","ast-global-header-display":"","ast-banner-title-visibility":"","ast-main-header-display":"","ast-hfb-above-header-display":"","ast-hfb-below-header-display":"","ast-hfb-mobile-header-display":"","site-post-title":"","ast-breadcrumbs-content":"","ast-featured-img":"","footer-sml-layout":"","theme-transparent-header-meta":"","adv-header-id-meta":"","stick-header-meta":"","header-above-stick-meta":"","header-main-stick-meta":"","header-below-stick-meta":"","astra-migrate-meta-layouts":"default","ast-page-background-enabled":"default","ast-page-background-meta":{"desktop":{"background-color":"var(--ast-global-color-5)","background-image":"","background-repeat":"repeat","background-position":"center center","background-size":"auto","background-attachment":"scroll","background-type":"","background-media":"","overlay-type":"","overlay-color":"","overlay-opacity":"","overlay-gradient":""},"tablet":{"background-color":"","background-image":"","background-repeat":"repeat","background-position":"center center","background-size":"auto","background-attachment":"scroll","background-type":"","background-media":"","overlay-type":"","overlay-color":"","overlay-opacity":"","overlay-gradient":""},"mobile":{"background-color":"","background-image":"","background-repeat":"repeat","background-position":"center center","background-size":"auto","background-attachment":"scroll","background-type":"","background-media":"","overlay-type":"","overlay-color":"","overlay-opacity":"","overlay-gradient":""}},"ast-content-background-meta":{"desktop":{"background-color":"var(--ast-global-color-4)","background-image":"","background-repeat":"repeat","background-position":"center center","background-size":"auto","background-attachment":"scroll","background-type":"","background-media":"","overlay-type":"","overlay-color":"","overlay-opacity":"","overlay-gradient":""},"tablet":{"background-color":"var(--ast-global-color-4)","background-image":"","background-repeat":"repeat","background-position":"center center","background-size":"auto","background-attachment":"scroll","background-type":"","background-media":"","overlay-type":"","overlay-color":"","overlay-opacity":"","overlay-gradient":""},"mobile":{"background-color":"var(--ast-global-color-4)","background-image":"","background-repeat":"repeat","background-position":"center center","background-size":"auto","background-attachment":"scroll","background-type":"","background-media":"","overlay-type":"","overlay-color":"","overlay-opacity":"","overlay-gradient":""}},"footnotes":""},"class_list":["post-466","page","type-page","status-publish","hentry"],"aioseo_notices":[],"_links":{"self":[{"href":"https:\/\/redsacre.com\/it\/wp-json\/wp\/v2\/pages\/466","targetHints":{"allow":["GET"]}}],"collection":[{"href":"https:\/\/redsacre.com\/it\/wp-json\/wp\/v2\/pages"}],"about":[{"href":"https:\/\/redsacre.com\/it\/wp-json\/wp\/v2\/types\/page"}],"author":[{"embeddable":true,"href":"https:\/\/redsacre.com\/it\/wp-json\/wp\/v2\/users\/1"}],"replies":[{"embeddable":true,"href":"https:\/\/redsacre.com\/it\/wp-json\/wp\/v2\/comments?post=466"}],"version-history":[{"count":1,"href":"https:\/\/redsacre.com\/it\/wp-json\/wp\/v2\/pages\/466\/revisions"}],"predecessor-version":[{"id":467,"href":"https:\/\/redsacre.com\/it\/wp-json\/wp\/v2\/pages\/466\/revisions\/467"}],"wp:attachment":[{"href":"https:\/\/redsacre.com\/it\/wp-json\/wp\/v2\/media?parent=466"}],"curies":[{"name":"wp","href":"https:\/\/api.w.org\/{rel}","templated":true}]}}