{"id":957,"date":"2025-10-22T13:25:32","date_gmt":"2025-10-22T13:25:32","guid":{"rendered":"https:\/\/redsacre.com\/?post_type=product&#038;p=957"},"modified":"2025-11-05T09:23:23","modified_gmt":"2025-11-05T09:23:23","slug":"red-sacre-red-sacre-red-lucky-color-zircon-bracelet","status":"publish","type":"product","link":"https:\/\/redsacre.com\/fr\/product\/red-sacre-red-sacre-red-lucky-color-zircon-bracelet\/","title":{"rendered":"Bracelet en zircon rouge Sacre Rouge Sacre Rouge Lucky Color"},"content":{"rendered":"<h3 data-start=\"187\" data-end=\"240\"><strong data-start=\"191\" data-end=\"240\">Rouge sacr\u00e9 - Chance rayonnante - \u00c9l\u00e9gance intemporelle<\/strong><\/h3>\n<p data-start=\"242\" data-end=\"655\">Le <strong data-start=\"246\" data-end=\"291\">Bracelet en zircon de couleur rouge Lucky Sacre rouge<\/strong> incarne l'\u00e9quilibre parfait entre beaut\u00e9 et symbolisme - un hommage \u00e0 la protection, \u00e0 la passion et \u00e0 la prosp\u00e9rit\u00e9.<br data-start=\"401\" data-end=\"404\" \/>Chaque bracelet est fabriqu\u00e9 \u00e0 la main avec un <strong data-start=\"440\" data-end=\"472\">zircon rouge brillant (5\u00d75mm)<\/strong> Le cordon rouge, serti dans un n\u0153ud minimaliste, rayonne de force et de s\u00e9r\u00e9nit\u00e9. Le cordon rouge - connu sous le nom de <em data-start=\"565\" data-end=\"580\">corde sacr\u00e9e<\/em> dans de nombreuses cultures - symbolise <strong data-start=\"615\" data-end=\"652\">chance, amour et protection divine<\/strong>.<\/p>\n<p data-start=\"657\" data-end=\"816\">Con\u00e7ue pour les hommes et les femmes, elle allie signification spirituelle et \u00e9l\u00e9gance d'inspiration parisienne, ce qui en fait une amulette de tous les jours qui rehausse votre \u00e9nergie et votre style.<\/p>\n<hr data-start=\"818\" data-end=\"821\" \/>\n<h3 data-start=\"823\" data-end=\"849\"><strong data-start=\"827\" data-end=\"849\">\ud83d\udc8e D\u00e9tails du produit<\/strong><\/h3>\n<ul data-start=\"851\" data-end=\"1335\">\n<li data-start=\"851\" data-end=\"897\">\n<p data-start=\"853\" data-end=\"897\"><strong data-start=\"853\" data-end=\"863\">Pierre :<\/strong> Zircon rouge (5\u00d75mm, taille \u00e0 facettes)<\/p>\n<\/li>\n<li data-start=\"898\" data-end=\"956\">\n<p data-start=\"900\" data-end=\"956\"><strong data-start=\"900\" data-end=\"918\">Signification de la pierre :<\/strong> Passion - Protection - \u00c9nergie vitale<\/p>\n<\/li>\n<li data-start=\"957\" data-end=\"1033\">\n<p data-start=\"959\" data-end=\"1033\"><strong data-start=\"959\" data-end=\"977\">Mat\u00e9riau du cordon :<\/strong> Ficelle rouge cir\u00e9e de premi\u00e8re qualit\u00e9, r\u00e9sistante \u00e0 l'usure et \u00e0 l'eau<\/p>\n<\/li>\n<li data-start=\"1034\" data-end=\"1117\">\n<p data-start=\"1036\" data-end=\"1117\"><strong data-start=\"1036\" data-end=\"1056\">Longueur du bracelet :<\/strong> R\u00e9glable de <strong data-start=\"1073\" data-end=\"1091\">16 cm \u00e0 26 cm<\/strong> (convient \u00e0 la plupart des poignets)<\/p>\n<\/li>\n<li data-start=\"1205\" data-end=\"1252\">\n<p data-start=\"1207\" data-end=\"1252\"><strong data-start=\"1207\" data-end=\"1217\">Style :<\/strong> Bracelet unisexe \u00e0 breloques minimalistes<\/p>\n<\/li>\n<li data-start=\"1253\" data-end=\"1335\">\n<p data-start=\"1255\" data-end=\"1335\"><strong data-start=\"1255\" data-end=\"1269\">Emballage :<\/strong> Livr\u00e9 avec une signature <em data-start=\"1293\" data-end=\"1304\">Sacre rouge<\/em> pochette \u00e0 bijoux et carte de signification<\/p>\n<\/li>\n<\/ul>\n<hr data-start=\"1337\" data-end=\"1340\" \/>\n<h3 data-start=\"1342\" data-end=\"1362\"><strong data-start=\"1346\" data-end=\"1362\">\ud83c\udf1f Symbolisme<\/strong><\/h3>\n<ul data-start=\"1364\" data-end=\"1679\">\n<li data-start=\"1364\" data-end=\"1429\">\n<p data-start=\"1366\" data-end=\"1429\"><strong data-start=\"1366\" data-end=\"1380\">Rouge Couleur :<\/strong> Repr\u00e9sente la vitalit\u00e9, le courage et la chance<\/p>\n<\/li>\n<li data-start=\"1430\" data-end=\"1548\">\n<p data-start=\"1432\" data-end=\"1548\"><strong data-start=\"1432\" data-end=\"1449\">Zircon Stone :<\/strong> Connue sous le nom de \u201cpierre de brillance\u201d, elle est cens\u00e9e favoriser la clart\u00e9, la prosp\u00e9rit\u00e9 et la confiance en soi.<\/p>\n<\/li>\n<li data-start=\"1549\" data-end=\"1679\">\n<p data-start=\"1551\" data-end=\"1679\"><strong data-start=\"1551\" data-end=\"1570\">La corde rouge :<\/strong> Un talisman intemporel ancr\u00e9 dans les traditions anciennes - port\u00e9 pour attirer l'\u00e9nergie positive et \u00e9loigner la n\u00e9gativit\u00e9.<\/p>\n<\/li>\n<\/ul>\n<p data-start=\"1681\" data-end=\"1831\">Qu'il soit port\u00e9 seul ou superpos\u00e9 \u00e0 d'autres <em data-start=\"1722\" data-end=\"1733\">Sacre rouge<\/em> Cette pi\u00e8ce nous rappelle qu'il faut marcher en toute confiance avec l'amour et la lumi\u00e8re dans le c\u0153ur.<\/p>\n<hr data-start=\"1833\" data-end=\"1836\" \/>\n<h3 data-start=\"1838\" data-end=\"1860\"><strong data-start=\"1842\" data-end=\"1860\">\ud83c\udf81 Parfait pour<\/strong><\/h3>\n<ul data-start=\"1862\" data-end=\"2048\">\n<li data-start=\"1862\" data-end=\"1927\">\n<p data-start=\"1864\" data-end=\"1927\">Un sens <strong data-start=\"1877\" data-end=\"1925\">cadeau pour l'amour, l'amiti\u00e9 ou les nouveaux d\u00e9parts<\/strong><\/p>\n<\/li>\n<li data-start=\"1928\" data-end=\"1981\">\n<p data-start=\"1930\" data-end=\"1981\">Port quotidien pour <strong data-start=\"1945\" data-end=\"1979\">\u00e9nergie positive et protection<\/strong><\/p>\n<\/li>\n<li data-start=\"1982\" data-end=\"2048\">\n<p data-start=\"1984\" data-end=\"2048\">Id\u00e9al pour les anniversaires et les c\u00e9l\u00e9brations spirituelles<\/p>\n<\/li>\n<\/ul>\n<hr data-start=\"2050\" data-end=\"2053\" \/>\n<h3 data-start=\"2055\" data-end=\"2084\"><strong data-start=\"2059\" data-end=\"2084\">\ud83d\udd4a\ufe0f Instructions d'entretien<\/strong><\/h3>\n<ul data-start=\"2086\" data-end=\"2226\">\n<li data-start=\"2086\" data-end=\"2137\">\n<p data-start=\"2088\" data-end=\"2137\">\u00c9viter le contact avec les produits chimiques agressifs et les parfums<\/p>\n<\/li>\n<li data-start=\"2138\" data-end=\"2172\">\n<p data-start=\"2140\" data-end=\"2172\">Nettoyer d\u00e9licatement avec un chiffon doux<\/p>\n<\/li>\n<li data-start=\"2173\" data-end=\"2226\">\n<p data-start=\"2175\" data-end=\"2226\">Ajuster le cordon lentement pour pr\u00e9server l'int\u00e9grit\u00e9 du n\u0153ud<\/p>\n<\/li>\n<\/ul>\n<hr data-start=\"2228\" data-end=\"2231\" \/>\n<p data-start=\"2233\" data-end=\"2386\"><strong data-start=\"2233\" data-end=\"2273\">Red Sacre - Rouge sacr\u00e9, Amour sacr\u00e9.<\/strong><br data-start=\"2273\" data-end=\"2276\" \/>Chaque bracelet porte non seulement une touche d'\u00e9l\u00e9gance, mais aussi un v\u0153u de paix, de chance et de connexion divine.<\/p>","protected":false},"excerpt":{"rendered":"<ul data-start=\"851\" data-end=\"1335\">\n<li data-start=\"851\" data-end=\"897\">\n<p data-start=\"853\" data-end=\"897\"><strong data-start=\"853\" data-end=\"863\">Pierre :<\/strong> Zircon rouge (5\u00d75mm, taille \u00e0 facettes)<\/p>\n<\/li>\n<li data-start=\"898\" data-end=\"956\">\n<p data-start=\"900\" data-end=\"956\"><strong data-start=\"900\" data-end=\"918\">Signification de la pierre :<\/strong> Passion - Protection - \u00c9nergie vitale<\/p>\n<\/li>\n<li data-start=\"957\" data-end=\"1033\">\n<p data-start=\"959\" data-end=\"1033\"><strong data-start=\"959\" data-end=\"977\">Mat\u00e9riau du cordon :<\/strong> Ficelle rouge cir\u00e9e de premi\u00e8re qualit\u00e9, r\u00e9sistante \u00e0 l'usure et \u00e0 l'eau<\/p>\n<\/li>\n<li data-start=\"1034\" data-end=\"1117\">\n<p data-start=\"1036\" data-end=\"1117\"><strong data-start=\"1036\" data-end=\"1056\">Longueur du bracelet :<\/strong> R\u00e9glable de <strong data-start=\"1073\" data-end=\"1091\">16 cm \u00e0 26 cm<\/strong> (convient \u00e0 la plupart des poignets)<\/p>\n<\/li>\n<li data-start=\"1205\" data-end=\"1252\">\n<p data-start=\"1207\" data-end=\"1252\"><strong data-start=\"1207\" data-end=\"1217\">Style :<\/strong> Bracelet unisexe \u00e0 breloques minimalistes<\/p>\n<\/li>\n<li data-start=\"1253\" data-end=\"1335\">\n<p data-start=\"1255\" data-end=\"1335\"><strong data-start=\"1255\" data-end=\"1269\">Emballage :<\/strong> Livr\u00e9 avec une signature <em data-start=\"1293\" data-end=\"1304\">Sacre rouge<\/em> pochette \u00e0 bijoux et carte de signification<\/p>\n<\/li>\n<\/ul>","protected":false},"featured_media":919,"comment_status":"open","ping_status":"closed","template":"","meta":{"site-sidebar-layout":"default","site-content-layout":"","ast-site-content-layout":"default","site-content-style":"default","site-sidebar-style":"default","ast-global-header-display":"","ast-banner-title-visibility":"","ast-main-header-display":"","ast-hfb-above-header-display":"","ast-hfb-below-header-display":"","ast-hfb-mobile-header-display":"","site-post-title":"","ast-breadcrumbs-content":"","ast-featured-img":"","footer-sml-layout":"","theme-transparent-header-meta":"default","adv-header-id-meta":"","stick-header-meta":"","header-above-stick-meta":"","header-main-stick-meta":"","header-below-stick-meta":"","astra-migrate-meta-layouts":"set","ast-page-background-enabled":"default","ast-page-background-meta":{"desktop":{"background-color":"var(--ast-global-color-5)","background-image":"","background-repeat":"repeat","background-position":"center center","background-size":"auto","background-attachment":"scroll","background-type":"","background-media":"","overlay-type":"","overlay-color":"","overlay-opacity":"","overlay-gradient":""},"tablet":{"background-color":"","background-image":"","background-repeat":"repeat","background-position":"center center","background-size":"auto","background-attachment":"scroll","background-type":"","background-media":"","overlay-type":"","overlay-color":"","overlay-opacity":"","overlay-gradient":""},"mobile":{"background-color":"","background-image":"","background-repeat":"repeat","background-position":"center center","background-size":"auto","background-attachment":"scroll","background-type":"","background-media":"","overlay-type":"","overlay-color":"","overlay-opacity":"","overlay-gradient":""}},"ast-content-background-meta":{"desktop":{"background-color":"var(--ast-global-color-4)","background-image":"","background-repeat":"repeat","background-position":"center center","background-size":"auto","background-attachment":"scroll","background-type":"","background-media":"","overlay-type":"","overlay-color":"","overlay-opacity":"","overlay-gradient":""},"tablet":{"background-color":"var(--ast-global-color-4)","background-image":"","background-repeat":"repeat","background-position":"center center","background-size":"auto","background-attachment":"scroll","background-type":"","background-media":"","overlay-type":"","overlay-color":"","overlay-opacity":"","overlay-gradient":""},"mobile":{"background-color":"var(--ast-global-color-4)","background-image":"","background-repeat":"repeat","background-position":"center center","background-size":"auto","background-attachment":"scroll","background-type":"","background-media":"","overlay-type":"","overlay-color":"","overlay-opacity":"","overlay-gradient":""}}},"product_brand":[],"product_cat":[24,46],"product_tag":[],"class_list":{"0":"post-957","1":"product","2":"type-product","3":"status-publish","4":"has-post-thumbnail","6":"product_cat-bracelet","7":"product_cat-red-zircon-lucky-string-collection","8":"wcmi-has-gallery","9":"desktop-align-left","10":"tablet-align-left","11":"mobile-align-left","13":"first","14":"instock","15":"sale","16":"taxable","17":"shipping-taxable","18":"purchasable","19":"product-type-simple"},"aioseo_notices":[],"_links":{"self":[{"href":"https:\/\/redsacre.com\/fr\/wp-json\/wp\/v2\/product\/957","targetHints":{"allow":["GET"]}}],"collection":[{"href":"https:\/\/redsacre.com\/fr\/wp-json\/wp\/v2\/product"}],"about":[{"href":"https:\/\/redsacre.com\/fr\/wp-json\/wp\/v2\/types\/product"}],"replies":[{"embeddable":true,"href":"https:\/\/redsacre.com\/fr\/wp-json\/wp\/v2\/comments?post=957"}],"version-history":[{"count":0,"href":"https:\/\/redsacre.com\/fr\/wp-json\/wp\/v2\/product\/957\/revisions"}],"wp:featuredmedia":[{"embeddable":true,"href":"https:\/\/redsacre.com\/fr\/wp-json\/wp\/v2\/media\/919"}],"wp:attachment":[{"href":"https:\/\/redsacre.com\/fr\/wp-json\/wp\/v2\/media?parent=957"}],"wp:term":[{"taxonomy":"product_brand","embeddable":true,"href":"https:\/\/redsacre.com\/fr\/wp-json\/wp\/v2\/product_brand?post=957"},{"taxonomy":"product_cat","embeddable":true,"href":"https:\/\/redsacre.com\/fr\/wp-json\/wp\/v2\/product_cat?post=957"},{"taxonomy":"product_tag","embeddable":true,"href":"https:\/\/redsacre.com\/fr\/wp-json\/wp\/v2\/product_tag?post=957"}],"curies":[{"name":"wp","href":"https:\/\/api.w.org\/{rel}","templated":true}]}}