{"id":834,"date":"2025-10-19T11:16:18","date_gmt":"2025-10-19T11:16:18","guid":{"rendered":"https:\/\/redsacre.com\/?post_type=product&#038;p=834"},"modified":"2025-11-21T03:08:22","modified_gmt":"2025-11-21T03:08:22","slug":"red-sacre-red-string-pearl-bracelet","status":"publish","type":"product","link":"https:\/\/redsacre.com\/fr\/product\/red-sacre-red-string-pearl-bracelet\/","title":{"rendered":"Bracelet de perles d'eau douce Red Sacre Red string"},"content":{"rendered":"<p data-start=\"295\" data-end=\"732\">Le <a href=\"https:\/\/redsacre.com\/fr\/product\/red-sacre-red-string-pearl-bracelet\/\"><strong data-start=\"299\" data-end=\"349\">Bracelet de perles d'eau douce rouges Sacre rouge<\/strong><\/a> est un m\u00e9lange raffin\u00e9 de minimalisme, de symbolisme et de savoir-faire intemporel. M\u00e9ticuleusement tiss\u00e9 \u00e0 la main \u00e0 partir d'un fil de nylon rouge de premi\u00e8re qualit\u00e9, il est rehauss\u00e9 d'un ruban adh\u00e9sif. <strong data-start=\"497\" data-end=\"533\">6-6.5mm\/11-12mm perle d'eau douce naturelle<\/strong>, Le bracelet est en acier inoxydable, d'une grande \u00e9l\u00e9gance et d'une grande brillance. Une d\u00e9licate breloque en m\u00e9tal dor\u00e9 grav\u00e9e de <strong data-start=\"612\" data-end=\"627\">\u201cSacre rouge\u201d<\/strong> ajoute une touche finale sophistiqu\u00e9e, tandis que le n\u0153ud r\u00e9glable assure un ajustement confortable et universel.<\/p>\n<p data-start=\"734\" data-end=\"911\">Chaque bracelet est soigneusement con\u00e7u pour symboliser <strong data-start=\"782\" data-end=\"820\">la protection, l'amour et la bonne fortune<\/strong>, C'est donc plus qu'un simple bijou, c'est un talisman personnel \u00e0 porter au quotidien.<\/p>\n<h3 data-start=\"913\" data-end=\"935\"><strong data-start=\"917\" data-end=\"935\">Sp\u00e9cifications<\/strong><\/h3>\n<ul data-start=\"936\" data-end=\"1287\">\n<li data-start=\"936\" data-end=\"1002\">\n<p data-start=\"938\" data-end=\"1002\"><strong data-start=\"938\" data-end=\"951\">Mat\u00e9riau :<\/strong> Cordon tiss\u00e9 rouge de qualit\u00e9 sup\u00e9rieure, perle d'eau douce naturelle<\/p>\n<\/li>\n<li data-start=\"1003\" data-end=\"1030\">\n<p data-start=\"1005\" data-end=\"1030\"><strong data-start=\"1005\" data-end=\"1020\">Taille de la perle :<\/strong> 6-6.5mm\/11-12mm<\/p>\n<\/li>\n<li data-start=\"1031\" data-end=\"1107\">\n<p data-start=\"1033\" data-end=\"1107\"><strong data-start=\"1033\" data-end=\"1053\">Longueur du bracelet : 5-8\u201d Cordon de serrage<\/strong><\/p>\n<\/li>\n<li data-start=\"1108\" data-end=\"1175\">\n<p data-start=\"1110\" data-end=\"1175\"><strong data-start=\"1110\" data-end=\"1120\">Charme :<\/strong> Etiquette grav\u00e9e \u201cRed Sacre\u201d<\/p>\n<\/li>\n<li data-start=\"1176\" data-end=\"1219\">\n<p data-start=\"1178\" data-end=\"1219\"><strong data-start=\"1178\" data-end=\"1190\">Fermeture :<\/strong> Fermoir coulissant nou\u00e9 \u00e0 la main<\/p>\n<\/li>\n<li data-start=\"1220\" data-end=\"1287\">\n<p data-start=\"1222\" data-end=\"1287\"><strong data-start=\"1222\" data-end=\"1236\">Emballage :<\/strong> Pr\u00e9sent\u00e9 dans un coffret cadeau Sacre Rouge avec carte d'entretien<\/p>\n<\/li>\n<\/ul>\n<hr data-start=\"1289\" data-end=\"1292\" \/>\n<h3 data-start=\"1294\" data-end=\"1320\"><strong data-start=\"1298\" data-end=\"1320\">Avantages du produit<\/strong><\/h3>\n<ol data-start=\"1321\" data-end=\"1932\">\n<li data-start=\"1321\" data-end=\"1447\">\n<p data-start=\"1324\" data-end=\"1447\"><strong data-start=\"1324\" data-end=\"1355\">Perle d'eau douce authentique :<\/strong> Chaque perle est s\u00e9lectionn\u00e9e \u00e0 la main pour sa forme ronde, sa surface lisse et son iridescence naturelle.<\/p>\n<\/li>\n<li data-start=\"1448\" data-end=\"1594\">\n<p data-start=\"1451\" data-end=\"1594\"><strong data-start=\"1451\" data-end=\"1475\">Fil rouge symbolique :<\/strong> Repr\u00e9sentant traditionnellement <strong data-start=\"1503\" data-end=\"1538\">protection, chance et b\u00e9n\u00e9diction<\/strong>, Le cordon rouge donne du sens et du charme \u00e0 toute tenue.<\/p>\n<\/li>\n<li data-start=\"1595\" data-end=\"1717\">\n<p data-start=\"1598\" data-end=\"1717\"><strong data-start=\"1598\" data-end=\"1617\">Ajustable Ajustement :<\/strong> La conception du n\u0153ud coulissant offre confort et flexibilit\u00e9, garantissant un ajustement parfait \u00e0 chaque poignet.<\/p>\n<\/li>\n<li data-start=\"1718\" data-end=\"1824\">\n<p data-start=\"1721\" data-end=\"1824\"><strong data-start=\"1721\" data-end=\"1747\">Fabrication durable :<\/strong> Fabriqu\u00e9 en nylon tiss\u00e9 serr\u00e9 pour une meilleure durabilit\u00e9 et une meilleure r\u00e9tention des couleurs.<\/p>\n<\/li>\n<li data-start=\"1825\" data-end=\"1932\">\n<p data-start=\"1828\" data-end=\"1932\"><strong data-start=\"1828\" data-end=\"1851\">Minimalisme \u00e9l\u00e9gant :<\/strong> Un accessoire subtil et \u00e9l\u00e9gant qui s'accorde aussi bien avec une tenue d\u00e9contract\u00e9e qu'avec une tenue plus habill\u00e9e.<\/p>\n<\/li>\n<\/ol>\n<hr data-start=\"1934\" data-end=\"1937\" \/>\n<h3 data-start=\"1939\" data-end=\"1965\"><strong data-start=\"1943\" data-end=\"1965\">Principaux arguments de vente<\/strong><\/h3>\n<ul data-start=\"1966\" data-end=\"2456\">\n<li data-start=\"1966\" data-end=\"2072\">\n<p data-start=\"1968\" data-end=\"2072\">\u2705 <strong data-start=\"1970\" data-end=\"1990\">Un cadeau qui a du sens :<\/strong> Id\u00e9al pour les anniversaires, ou comme symbole de protection et d'affection.<\/p>\n<\/li>\n<li data-start=\"2073\" data-end=\"2149\">\n<p data-start=\"2075\" data-end=\"2149\">\u2705 <strong data-start=\"2077\" data-end=\"2095\">Unisexe Design :<\/strong> Simple, \u00e9l\u00e9gant et adapt\u00e9 aux hommes et aux femmes.<\/p>\n<\/li>\n<li data-start=\"2150\" data-end=\"2237\">\n<p data-start=\"2152\" data-end=\"2237\">\u2705 <strong data-start=\"2154\" data-end=\"2178\">Pr\u00e9sentation de luxe :<\/strong> Pr\u00e9sent\u00e9 dans un \u00e9l\u00e9gant emballage Red Sacre, pr\u00eat \u00e0 \u00eatre offert.<\/p>\n<\/li>\n<li data-start=\"2238\" data-end=\"2321\">\n<p data-start=\"2240\" data-end=\"2321\">\u2705 <strong data-start=\"2242\" data-end=\"2263\">Fabriqu\u00e9 \u00e0 la main Qualit\u00e9 :<\/strong> Chaque bracelet est fini \u00e0 la main avec pr\u00e9cision et soin.<\/p>\n<\/li>\n<li data-start=\"2322\" data-end=\"2456\">\n<p data-start=\"2324\" data-end=\"2456\">\u2705 <strong data-start=\"2326\" data-end=\"2349\">Symbolisme culturel :<\/strong> Inspir\u00e9 par la tradition intemporelle de la corde rouge que l'on retrouve dans de nombreuses cultures et qui repr\u00e9sente la foi et la connexion.<\/p>\n<\/li>\n<\/ul>\n<hr data-start=\"2458\" data-end=\"2461\" \/>\n<h3 data-start=\"2463\" data-end=\"2509\"><strong data-start=\"2467\" data-end=\"2509\">Description d\u00e9taill\u00e9e d'un magasin ind\u00e9pendant<\/strong><\/h3>\n<p data-start=\"2510\" data-end=\"2788\">L'\u00e9quilibre entre la tradition et la modernit\u00e9 est assur\u00e9 gr\u00e2ce \u00e0 la <a href=\"https:\/\/linktr.ee\/redsacre\"><strong data-start=\"2566\" data-end=\"2616\">Bracelet de perles d'eau douce rouges Sacre rouge<\/strong><\/a>. Con\u00e7u pour ceux qui appr\u00e9cient le luxe subtil et le symbolisme significatif, ce bracelet allie la puret\u00e9 d'une perle d'eau douce \u00e0 l'\u00e9nergie auspicieuse de la corde rouge.<\/p>\n<p data-start=\"2790\" data-end=\"3046\">Parfait pour \u00eatre empil\u00e9 ou port\u00e9 seul, il passe sans effort du jour \u00e0 la nuit, apportant une touche d'\u00e9l\u00e9gance discr\u00e8te \u00e0 votre style. Chaque bracelet incarne la philosophie de Red Sacre... <strong data-start=\"2979\" data-end=\"3046\">la puret\u00e9 de la conception, la force de la signification et la gr\u00e2ce de la simplicit\u00e9.<\/strong><\/p>\n<p data-start=\"3048\" data-end=\"3193\">Portez-le pour vous rappeler l'amour, la protection et la paix int\u00e9rieure - ou offrez-le \u00e0 quelqu'un de sp\u00e9cial en signe de bonne fortune et de connexion sinc\u00e8re.<\/p>","protected":false},"excerpt":{"rendered":"<ul data-start=\"936\" data-end=\"1287\">\n<li data-start=\"936\" data-end=\"1002\">\n<p data-start=\"938\" data-end=\"1002\"><strong data-start=\"938\" data-end=\"951\">Mat\u00e9riau :<\/strong> Cordon tiss\u00e9 rouge de qualit\u00e9 sup\u00e9rieure, perle d'eau douce naturelle<\/p>\n<\/li>\n<li data-start=\"1003\" data-end=\"1030\">\n<p data-start=\"1005\" data-end=\"1030\"><strong data-start=\"1005\" data-end=\"1020\">Taille de la perle :<\/strong> 6-6.5mm\/11-12mm<\/p>\n<\/li>\n<li data-start=\"1031\" data-end=\"1107\">\n<p data-start=\"1033\" data-end=\"1107\"><strong data-start=\"1033\" data-end=\"1053\">Longueur du bracelet : 5-8\u201d Cordon de serrage<\/strong><\/p>\n<\/li>\n<li data-start=\"1108\" data-end=\"1175\">\n<p data-start=\"1110\" data-end=\"1175\"><strong data-start=\"1110\" data-end=\"1120\">Charme :<\/strong> Etiquette grav\u00e9e \u201cRed Sacre\u201d<\/p>\n<\/li>\n<li data-start=\"1176\" data-end=\"1219\">\n<p data-start=\"1178\" data-end=\"1219\"><strong data-start=\"1178\" data-end=\"1190\">Fermeture :<\/strong> Fermoir coulissant nou\u00e9 \u00e0 la main<\/p>\n<\/li>\n<\/ul>","protected":false},"featured_media":872,"comment_status":"open","ping_status":"closed","template":"","meta":{"site-sidebar-layout":"default","site-content-layout":"","ast-site-content-layout":"default","site-content-style":"default","site-sidebar-style":"default","ast-global-header-display":"","ast-banner-title-visibility":"","ast-main-header-display":"","ast-hfb-above-header-display":"","ast-hfb-below-header-display":"","ast-hfb-mobile-header-display":"","site-post-title":"","ast-breadcrumbs-content":"","ast-featured-img":"","footer-sml-layout":"","theme-transparent-header-meta":"default","adv-header-id-meta":"","stick-header-meta":"","header-above-stick-meta":"","header-main-stick-meta":"","header-below-stick-meta":"","astra-migrate-meta-layouts":"set","ast-page-background-enabled":"default","ast-page-background-meta":{"desktop":{"background-color":"var(--ast-global-color-5)","background-image":"","background-repeat":"repeat","background-position":"center center","background-size":"auto","background-attachment":"scroll","background-type":"","background-media":"","overlay-type":"","overlay-color":"","overlay-opacity":"","overlay-gradient":""},"tablet":{"background-color":"","background-image":"","background-repeat":"repeat","background-position":"center center","background-size":"auto","background-attachment":"scroll","background-type":"","background-media":"","overlay-type":"","overlay-color":"","overlay-opacity":"","overlay-gradient":""},"mobile":{"background-color":"","background-image":"","background-repeat":"repeat","background-position":"center center","background-size":"auto","background-attachment":"scroll","background-type":"","background-media":"","overlay-type":"","overlay-color":"","overlay-opacity":"","overlay-gradient":""}},"ast-content-background-meta":{"desktop":{"background-color":"var(--ast-global-color-4)","background-image":"","background-repeat":"repeat","background-position":"center center","background-size":"auto","background-attachment":"scroll","background-type":"","background-media":"","overlay-type":"","overlay-color":"","overlay-opacity":"","overlay-gradient":""},"tablet":{"background-color":"var(--ast-global-color-4)","background-image":"","background-repeat":"repeat","background-position":"center center","background-size":"auto","background-attachment":"scroll","background-type":"","background-media":"","overlay-type":"","overlay-color":"","overlay-opacity":"","overlay-gradient":""},"mobile":{"background-color":"var(--ast-global-color-4)","background-image":"","background-repeat":"repeat","background-position":"center center","background-size":"auto","background-attachment":"scroll","background-type":"","background-media":"","overlay-type":"","overlay-color":"","overlay-opacity":"","overlay-gradient":""}}},"product_brand":[],"product_cat":[24,45],"product_tag":[44],"class_list":{"0":"post-834","1":"product","2":"type-product","3":"status-publish","4":"has-post-thumbnail","6":"product_cat-bracelet","7":"product_cat-pearl-red-string-collection","8":"product_tag-red-string-fresh-water-pearl-bracelet","9":"wcmi-has-gallery","10":"desktop-align-left","11":"tablet-align-left","12":"mobile-align-left","14":"first","15":"instock","16":"sale","17":"taxable","18":"shipping-taxable","19":"purchasable","20":"product-type-variable"},"aioseo_notices":[],"_links":{"self":[{"href":"https:\/\/redsacre.com\/fr\/wp-json\/wp\/v2\/product\/834","targetHints":{"allow":["GET"]}}],"collection":[{"href":"https:\/\/redsacre.com\/fr\/wp-json\/wp\/v2\/product"}],"about":[{"href":"https:\/\/redsacre.com\/fr\/wp-json\/wp\/v2\/types\/product"}],"replies":[{"embeddable":true,"href":"https:\/\/redsacre.com\/fr\/wp-json\/wp\/v2\/comments?post=834"}],"version-history":[{"count":2,"href":"https:\/\/redsacre.com\/fr\/wp-json\/wp\/v2\/product\/834\/revisions"}],"predecessor-version":[{"id":1262,"href":"https:\/\/redsacre.com\/fr\/wp-json\/wp\/v2\/product\/834\/revisions\/1262"}],"wp:featuredmedia":[{"embeddable":true,"href":"https:\/\/redsacre.com\/fr\/wp-json\/wp\/v2\/media\/872"}],"wp:attachment":[{"href":"https:\/\/redsacre.com\/fr\/wp-json\/wp\/v2\/media?parent=834"}],"wp:term":[{"taxonomy":"product_brand","embeddable":true,"href":"https:\/\/redsacre.com\/fr\/wp-json\/wp\/v2\/product_brand?post=834"},{"taxonomy":"product_cat","embeddable":true,"href":"https:\/\/redsacre.com\/fr\/wp-json\/wp\/v2\/product_cat?post=834"},{"taxonomy":"product_tag","embeddable":true,"href":"https:\/\/redsacre.com\/fr\/wp-json\/wp\/v2\/product_tag?post=834"}],"curies":[{"name":"wp","href":"https:\/\/api.w.org\/{rel}","templated":true}]}}