{"id":852,"date":"2025-10-20T04:36:58","date_gmt":"2025-10-20T04:36:58","guid":{"rendered":"https:\/\/redsacre.com\/?page_id=852"},"modified":"2025-10-23T07:44:29","modified_gmt":"2025-10-23T07:44:29","slug":"wholesale","status":"publish","type":"page","link":"https:\/\/redsacre.com\/fr\/wholesale\/","title":{"rendered":"Commerce de gros"},"content":{"rendered":"<div data-elementor-type=\"wp-page\" data-elementor-id=\"852\" class=\"elementor elementor-852\" data-elementor-post-type=\"page\">\n\t\t\t\t<div class=\"elementor-element elementor-element-4bc074d e-con-full elementor-hidden-mobile e-flex e-con e-parent\" data-id=\"4bc074d\" data-element_type=\"container\" data-settings=\"{&quot;background_background&quot;:&quot;classic&quot;}\">\n\t\t\t\t<div class=\"elementor-element elementor-element-0d9adeb elementor-widget elementor-widget-heading\" data-id=\"0d9adeb\" data-element_type=\"widget\" data-widget_type=\"heading.default\">\n\t\t\t\t\t<h2 class=\"elementor-heading-title elementor-size-default\">Rouge Sacre Vente en gros &amp;<br \/> Programme des villes partenaires<\/h2>\t\t\t\t<\/div>\n\t\t\t\t<\/div>\n\t\t<div class=\"elementor-element elementor-element-02587b3 elementor-hidden-desktop elementor-hidden-tablet e-flex e-con-boxed e-con e-parent\" data-id=\"02587b3\" data-element_type=\"container\" data-settings=\"{&quot;background_background&quot;:&quot;classic&quot;}\">\n\t\t\t\t\t<div class=\"e-con-inner\">\n\t\t\t\t<div class=\"elementor-element elementor-element-2398523 elementor-widget elementor-widget-heading\" data-id=\"2398523\" data-element_type=\"widget\" data-widget_type=\"heading.default\">\n\t\t\t\t\t<h2 class=\"elementor-heading-title elementor-size-default\">Rouge Sacre Vente en gros &amp;<br \/> Programme des villes partenaires<\/h2>\t\t\t\t<\/div>\n\t\t\t\t\t<\/div>\n\t\t\t\t<\/div>\n\t\t<div class=\"elementor-element elementor-element-63e059d e-flex e-con-boxed e-con e-parent\" data-id=\"63e059d\" data-element_type=\"container\">\n\t\t\t\t\t<div class=\"e-con-inner\">\n\t\t<div class=\"elementor-element elementor-element-b3b74b6 e-con-full e-flex e-con e-child\" data-id=\"b3b74b6\" data-element_type=\"container\">\n\t\t\t\t<div class=\"elementor-element elementor-element-682b257 elementor-widget elementor-widget-heading\" data-id=\"682b257\" data-element_type=\"widget\" data-widget_type=\"heading.default\">\n\t\t\t\t\t<h2 class=\"elementor-heading-title elementor-size-default\">Rejoignez-nous<\/h2>\t\t\t\t<\/div>\n\t\t\t\t<div class=\"elementor-element elementor-element-e219887 elementor-widget elementor-widget-text-editor\" data-id=\"e219887\" data-element_type=\"widget\" data-widget_type=\"text-editor.default\">\n\t\t\t\t\t\t\t\t\t<p>Envoyez-nous votre historique d'entreprise, votre ville cible et vos canaux actuels.<\/p>\t\t\t\t\t\t\t\t<\/div>\n\t\t\t\t<div class=\"elementor-element elementor-element-00dcd43 elementor-button-align-stretch elementor-widget elementor-widget-form\" data-id=\"00dcd43\" data-element_type=\"widget\" data-settings=\"{&quot;step_next_label&quot;:&quot;Next&quot;,&quot;step_previous_label&quot;:&quot;Previous&quot;,&quot;button_width&quot;:&quot;100&quot;,&quot;step_type&quot;:&quot;number_text&quot;,&quot;step_icon_shape&quot;:&quot;circle&quot;}\" data-widget_type=\"form.default\">\n\t\t\t\t\t\t\t<form class=\"elementor-form\" method=\"post\" name=\"New Form\" aria-label=\"Nouveau formulaire\" action=\"\">\r\n\t\t\t<input type=\"hidden\" name=\"post_id\" value=\"852\"\/>\r\n\t\t\t<input type=\"hidden\" name=\"form_id\" value=\"00dcd43\"\/>\r\n\t\t\t<input type=\"hidden\" name=\"referer_title\" value=\"Wholesale - Red Sacre \u2013 Sacred Red, Sacred Love\" \/>\r\n\r\n\t\t\t\t\t\t\t<input type=\"hidden\" name=\"queried_id\" value=\"852\"\/>\r\n\t\t\t\r\n\t\t\t<div class=\"elementor-form-fields-wrapper elementor-labels-above\">\r\n\t\t\t\t\t\t\t\t<div class=\"elementor-field-type-text elementor-field-group elementor-column elementor-field-group-name elementor-col-100\">\r\n\t\t\t\t\t\t\t\t\t\t\t\t<label for=\"form-field-name\" class=\"elementor-field-label\">\r\n\t\t\t\t\t\t\t\tNom\t\t\t\t\t\t\t<\/label>\r\n\t\t\t\t\t\t\t\t\t\t\t\t\t\t<input size=\"1\" type=\"text\" name=\"form_fields[name]\" id=\"form-field-name\" class=\"elementor-field elementor-size-sm  elementor-field-textual\" placeholder=\"Nom\">\r\n\t\t\t\t\t\t\t\t\t\t\t<\/div>\r\n\t\t\t\t\t\t\t\t<div class=\"elementor-field-type-email elementor-field-group elementor-column elementor-field-group-email elementor-col-100 elementor-field-required\">\r\n\t\t\t\t\t\t\t\t\t\t\t\t<label for=\"form-field-email\" class=\"elementor-field-label\">\r\n\t\t\t\t\t\t\t\tCourriel\t\t\t\t\t\t\t<\/label>\r\n\t\t\t\t\t\t\t\t\t\t\t\t\t\t<input size=\"1\" type=\"email\" name=\"form_fields[email]\" id=\"form-field-email\" class=\"elementor-field elementor-size-sm  elementor-field-textual\" placeholder=\"Courriel\" required=\"required\">\r\n\t\t\t\t\t\t\t\t\t\t\t<\/div>\r\n\t\t\t\t\t\t\t\t<div class=\"elementor-field-type-tel elementor-field-group elementor-column elementor-field-group-field_7b1c7cf elementor-col-100 elementor-field-required\">\r\n\t\t\t\t\t\t\t\t\t\t\t\t<label for=\"form-field-field_7b1c7cf\" class=\"elementor-field-label\">\r\n\t\t\t\t\t\t\t\tT\u00e9l\t\t\t\t\t\t\t<\/label>\r\n\t\t\t\t\t\t\t\t<input size=\"1\" type=\"tel\" name=\"form_fields[field_7b1c7cf]\" id=\"form-field-field_7b1c7cf\" class=\"elementor-field elementor-size-sm  elementor-field-textual\" placeholder=\"T\u00e9l\" required=\"required\" pattern=\"[0-9()#&amp;+*-=.]+\" title=\"Only numbers and phone characters (#, -, *, etc) are accepted.\" data-no-translation-title=\"\">\r\n\r\n\t\t\t\t\t\t<\/div>\r\n\t\t\t\t\t\t\t\t<div class=\"elementor-field-type-textarea elementor-field-group elementor-column elementor-field-group-message elementor-col-100\">\r\n\t\t\t\t\t\t\t\t\t\t\t\t<label for=\"form-field-message\" class=\"elementor-field-label\">\r\n\t\t\t\t\t\t\t\tMessage\t\t\t\t\t\t\t<\/label>\r\n\t\t\t\t\t\t<textarea class=\"elementor-field-textual elementor-field  elementor-size-sm\" name=\"form_fields[message]\" id=\"form-field-message\" rows=\"4\" placeholder=\"Message\"><\/textarea>\t\t\t\t<\/div>\r\n\t\t\t\t\t\t\t\t<div class=\"elementor-field-type-recaptcha_v3 elementor-field-group elementor-column elementor-field-group-field_b7b642f elementor-col-100 recaptcha_v3-bottomright\">\r\n\t\t\t\t\t<div class=\"elementor-field\" id=\"form-field-field_b7b642f\"><div class=\"elementor-g-recaptcha\" data-sitekey=\"6LdbqOMrAAAAAGiw4txqS2W1kwbN7l0nc-D-9nfF\" data-type=\"v3\" data-action=\"Form\" data-badge=\"bottomright\" data-size=\"invisible\"><\/div><\/div>\t\t\t\t<\/div>\r\n\t\t\t\t\t\t\t\t<div class=\"elementor-field-group elementor-column elementor-field-type-submit elementor-col-100 e-form__buttons\">\r\n\t\t\t\t\t<button class=\"elementor-button elementor-size-sm\" type=\"submit\">\r\n\t\t\t\t\t\t<span class=\"elementor-button-content-wrapper\">\r\n\t\t\t\t\t\t\t\t\t\t\t\t\t\t\t\t\t\t\t\t\t\t<span class=\"elementor-button-text\">Envoyer<\/span>\r\n\t\t\t\t\t\t\t\t\t\t\t\t\t<\/span>\r\n\t\t\t\t\t<\/button>\r\n\t\t\t\t<\/div>\r\n\t\t\t<\/div>\r\n\t\t<input type=\"hidden\" name=\"trp-form-language\" value=\"fr\"\/><\/form>\r\n\t\t\t\t\t\t<\/div>\n\t\t\t\t<\/div>\n\t\t<div class=\"elementor-element elementor-element-0f305db e-con-full e-flex e-con e-child\" data-id=\"0f305db\" data-element_type=\"container\">\n\t\t<div class=\"elementor-element elementor-element-7c7e4f8 e-con-full e-flex e-con e-child\" data-id=\"7c7e4f8\" data-element_type=\"container\">\n\t\t\t\t<div class=\"elementor-element elementor-element-81b4466 elementor-widget elementor-widget-image\" data-id=\"81b4466\" data-element_type=\"widget\" data-widget_type=\"image.default\">\n\t\t\t\t\t\t\t\t\t\t\t\t\t\t\t<img fetchpriority=\"high\" decoding=\"async\" width=\"1024\" height=\"1024\" src=\"https:\/\/redsacre.com\/wp-content\/uploads\/redsacre-logo-1024x1024.jpg\" class=\"attachment-large size-large wp-image-826\" alt=\"\" srcset=\"https:\/\/redsacre.com\/wp-content\/uploads\/redsacre-logo-1024x1024.jpg 1024w, https:\/\/redsacre.com\/wp-content\/uploads\/redsacre-logo-300x300.jpg 300w, https:\/\/redsacre.com\/wp-content\/uploads\/redsacre-logo-150x150.jpg 150w, https:\/\/redsacre.com\/wp-content\/uploads\/redsacre-logo-768x768.jpg 768w, https:\/\/redsacre.com\/wp-content\/uploads\/redsacre-logo-1536x1536.jpg 1536w, https:\/\/redsacre.com\/wp-content\/uploads\/redsacre-logo-2048x2048.jpg 2048w, https:\/\/redsacre.com\/wp-content\/uploads\/redsacre-logo-600x600.jpg 600w, https:\/\/redsacre.com\/wp-content\/uploads\/redsacre-logo-100x100.jpg 100w\" sizes=\"(max-width: 1024px) 100vw, 1024px\" \/>\t\t\t\t\t\t\t\t\t\t\t\t\t\t\t<\/div>\n\t\t\t\t<\/div>\n\t\t\t\t<\/div>\n\t\t\t\t\t<\/div>\n\t\t\t\t<\/div>\n\t\t<div class=\"elementor-element elementor-element-df1e0b0 e-flex e-con-boxed e-con e-parent\" data-id=\"df1e0b0\" data-element_type=\"container\">\n\t\t\t\t\t<div class=\"e-con-inner\">\n\t\t\t\t<div class=\"elementor-element elementor-element-6ce9294 elementor-widget elementor-widget-text-editor\" data-id=\"6ce9294\" data-element_type=\"widget\" data-widget_type=\"text-editor.default\">\n\t\t\t\t\t\t\t\t\t<h3 data-start=\"182\" data-end=\"242\">Rejoignez-nous pour diffuser le pouvoir de la <em data-start=\"217\" data-end=\"242\">Rouge sacr\u00e9, Amour sacr\u00e9<\/em><\/h3><p data-start=\"244\" data-end=\"557\">Red Sacre invite les entrepreneurs, les d\u00e9taillants et les distributeurs passionn\u00e9s du monde entier \u00e0 devenir nos partenaires. <strong data-start=\"340\" data-end=\"361\">partenaires officiels<\/strong>.<br data-start=\"362\" data-end=\"365\" \/>Notre <strong data-start=\"369\" data-end=\"405\">Programme de partenariat avec les grossistes et les villes<\/strong> est con\u00e7u pour vous aider \u00e0 apporter l'esprit Red Sacre - <em data-start=\"459\" data-end=\"497\">protection, connexion et \u00e9l\u00e9gance<\/em> - sur votre march\u00e9 local avec un soutien complet de la marque et du num\u00e9rique.<\/p><hr data-start=\"559\" data-end=\"562\" \/><h3 data-start=\"564\" data-end=\"598\">\ud83d\udc8e Pourquoi s'associer \u00e0 Red Sacre ?<\/h3><p data-start=\"600\" data-end=\"790\"><strong data-start=\"600\" data-end=\"635\">1. Design fran\u00e7ais, attrait mondial<\/strong><br data-start=\"635\" data-end=\"638\" \/>Chaque pi\u00e8ce porte l'essence de l'\u00e9l\u00e9gance parisienne m\u00e9lang\u00e9e au symbolisme oriental. Nos cr\u00e9ations trouvent un \u00e9cho aupr\u00e8s des amateurs de mode et des personnes en qu\u00eate de spiritualit\u00e9.<\/p><p data-start=\"792\" data-end=\"978\"><strong data-start=\"792\" data-end=\"817\">2. Une histoire de marque forte<\/strong><br data-start=\"817\" data-end=\"820\" \/>\u201cSacred Red, Sacred Love\u201d - un message qui cr\u00e9e un lien \u00e9motionnel et visuel, offrant \u00e0 vos clients plus qu'un produit : un symbole d'amour, de foi et de destin.<\/p><p data-start=\"980\" data-end=\"1097\"><strong data-start=\"980\" data-end=\"1015\">3. Privil\u00e8ges exclusifs pour les partenaires<\/strong><br data-start=\"1015\" data-end=\"1018\" \/>En tant qu'agent officiel de la ville ou grossiste, vous b\u00e9n\u00e9ficierez d'un acc\u00e8s prioritaire aux services suivants<\/p><ul data-start=\"1098\" data-end=\"1208\"><li data-start=\"1098\" data-end=\"1122\"><p data-start=\"1100\" data-end=\"1122\">Lancement de nouveaux produits<\/p><\/li><li data-start=\"1123\" data-end=\"1168\"><p data-start=\"1125\" data-end=\"1168\">Collections saisonni\u00e8res et \u00e9ditions limit\u00e9es<\/p><\/li><li data-start=\"1169\" data-end=\"1208\"><p data-start=\"1171\" data-end=\"1208\">Exclusivit\u00e9 r\u00e9gionale (par accord)<\/p><\/li><\/ul><hr data-start=\"1210\" data-end=\"1213\" \/><h3 data-start=\"1215\" data-end=\"1242\">\ud83c\udf0d Soutien aux partenaires<\/h3><p data-start=\"1244\" data-end=\"1344\">Nous fournissons <strong data-start=\"1255\" data-end=\"1282\">des ressources compl\u00e8tes<\/strong> pour vous aider \u00e0 \u00e9tablir et \u00e0 d\u00e9velopper votre pr\u00e9sence locale sur Red Sacre :<\/p><h4 data-start=\"1346\" data-end=\"1379\">\ud83d\udecd Soutien \u00e0 la marque et au marketing<\/h4><ul data-start=\"1380\" data-end=\"1629\"><li data-start=\"1380\" data-end=\"1459\"><p data-start=\"1382\" data-end=\"1459\">Kit complet d'identit\u00e9 de marque (logo, couleurs, typographie, photographie de produits)<\/p><\/li><li data-start=\"1460\" data-end=\"1529\"><p data-start=\"1462\" data-end=\"1529\">Mat\u00e9riel de marketing professionnel pour la promotion en ligne et hors ligne<\/p><\/li><li data-start=\"1530\" data-end=\"1577\"><p data-start=\"1532\" data-end=\"1577\">Mod\u00e8les de m\u00e9dias sociaux et conseils sur le contenu<\/p><\/li><li data-start=\"1578\" data-end=\"1629\"><p data-start=\"1580\" data-end=\"1629\">Formation \u00e0 la narration et \u00e0 la pr\u00e9sentation de la marque<\/p><\/li><\/ul><h4 data-start=\"1631\" data-end=\"1669\">\ud83d\udcbb Soutien au site web et \u00e0 la boutique en ligne<\/h4><p data-start=\"1670\" data-end=\"1753\">Nous aidons nos partenaires \u00e0 construire facilement leur <strong data-start=\"1706\" data-end=\"1739\">une pr\u00e9sence en ligne propre \u00e0 Red Sacre<\/strong>, y compris :<\/p><ul data-start=\"1754\" data-end=\"1982\"><li data-start=\"1754\" data-end=\"1817\"><p data-start=\"1756\" data-end=\"1817\">Assistance \u00e0 l'installation d'une boutique Shopify \/ WooCommerce personnalis\u00e9e<\/p><\/li><li data-start=\"1818\" data-end=\"1877\"><p data-start=\"1820\" data-end=\"1877\">Images de produits, descriptions et contenu optimis\u00e9 pour le r\u00e9f\u00e9rencement<\/p><\/li><li data-start=\"1878\" data-end=\"1934\"><p data-start=\"1880\" data-end=\"1934\">Conseils pour connecter les syst\u00e8mes de paiement et d'exp\u00e9dition<\/p><\/li><li data-start=\"1935\" data-end=\"1982\"><p data-start=\"1937\" data-end=\"1982\">Soutien technique permanent pour les op\u00e9rations num\u00e9riques<\/p><\/li><\/ul><h4 data-start=\"1984\" data-end=\"2020\">\ud83e\udd1d Orientations commerciales et op\u00e9rationnelles<\/h4><ul data-start=\"2021\" data-end=\"2212\"><li data-start=\"2021\" data-end=\"2077\"><p data-start=\"2023\" data-end=\"2077\">Structure de prix de gros avec des marges comp\u00e9titives<\/p><\/li><li data-start=\"2078\" data-end=\"2115\"><p data-start=\"2080\" data-end=\"2115\">Kits d'\u00e9chantillons et mat\u00e9riel de pr\u00e9sentation<\/p><\/li><li data-start=\"2116\" data-end=\"2160\"><p data-start=\"2118\" data-end=\"2160\">Formation \u00e0 la vente et soutien \u00e0 la communication<\/p><\/li><li data-start=\"2161\" data-end=\"2212\"><p data-start=\"2163\" data-end=\"2212\">Mises \u00e0 jour mensuelles de la marque et coordination de la campagne<\/p><\/li><\/ul><hr data-start=\"2214\" data-end=\"2217\" \/><h3 data-start=\"2219\" data-end=\"2247\">\ud83c\udf39 Qui recherchons-nous ?<\/h3><p data-start=\"2249\" data-end=\"2278\">Nous recherchons des partenaires qui :<\/p><ul data-start=\"2279\" data-end=\"2533\"><li data-start=\"2279\" data-end=\"2339\"><p data-start=\"2281\" data-end=\"2339\">Avoir de l'exp\u00e9rience dans le domaine de la bijouterie, de la mode ou de la vente au d\u00e9tail de produits de style de vie.<\/p><\/li><li data-start=\"2340\" data-end=\"2390\"><p data-start=\"2342\" data-end=\"2390\">Valoriser l'esth\u00e9tique, le symbolisme et l'artisanat<\/p><\/li><li data-start=\"2391\" data-end=\"2451\"><p data-start=\"2393\" data-end=\"2451\">s'engagent \u00e0 construire une relation \u00e0 long terme avec la marque<\/p><\/li><li data-start=\"2452\" data-end=\"2533\"><p data-start=\"2454\" data-end=\"2533\">Disposer de r\u00e9seaux locaux dans les boutiques de d\u00e9tail, le commerce \u00e9lectronique ou les communaut\u00e9s d'influenceurs.<\/p><\/li><\/ul><hr data-start=\"2535\" data-end=\"2538\" \/><h3 data-start=\"2540\" data-end=\"2557\">\u2728 Comment adh\u00e9rer<\/h3><ol data-start=\"2559\" data-end=\"2927\"><li data-start=\"2559\" data-end=\"2665\"><p data-start=\"2562\" data-end=\"2665\"><strong data-start=\"2562\" data-end=\"2589\">Soumettre votre demande<\/strong><br data-start=\"2589\" data-end=\"2592\" \/>Envoyez-nous votre historique d'entreprise, votre ville cible et vos canaux actuels.<\/p><\/li><li data-start=\"2666\" data-end=\"2779\"><p data-start=\"2669\" data-end=\"2779\"><strong data-start=\"2669\" data-end=\"2691\">\u00c9valuation des partenaires<\/strong><br data-start=\"2691\" data-end=\"2694\" \/>Notre \u00e9quipe de marque \u00e9valuera le potentiel de votre r\u00e9gion et la disponibilit\u00e9 de l'exclusivit\u00e9.<\/p><\/li><li data-start=\"2780\" data-end=\"2927\"><p data-start=\"2783\" data-end=\"2927\"><strong data-start=\"2783\" data-end=\"2815\">Commencez votre voyage au Sacre Rouge<\/strong><br data-start=\"2815\" data-end=\"2818\" \/>Une fois approuv\u00e9, vous recevrez un acc\u00e8s complet \u00e0 nos ressources partenaires, \u00e0 notre catalogue de produits et \u00e0 notre syst\u00e8me d'assistance.<\/p><\/li><\/ol><hr data-start=\"2929\" data-end=\"2932\" \/><h3 data-start=\"2934\" data-end=\"2951\">\ud83d\udce9 Nous contacter<\/h3><p data-start=\"2953\" data-end=\"3172\">Apportez <em data-start=\"2965\" data-end=\"2990\">Rouge sacr\u00e9, Amour sacr\u00e9<\/em> dans votre ville.<br data-start=\"3004\" data-end=\"3007\" \/><strong data-start=\"3007\" data-end=\"3017\">Courriel :<\/strong> <a class=\"decorated-link cursor-pointer\" rel=\"noopener\" data-start=\"3018\" data-end=\"3033\">sales@redsacre.com<\/a><br data-start=\"3033\" data-end=\"3036\" \/><strong data-start=\"3036\" data-end=\"3050\">Instagram :<\/strong> <a class=\"decorated-link\" href=\"https:\/\/www.instagram.com\/redsacrestring\" target=\"_new\" rel=\"noopener\" data-start=\"3051\" data-end=\"3110\">@redsacrestring<\/a><br data-start=\"3110\" data-end=\"3113\" \/><strong data-start=\"3113\" data-end=\"3125\">Site web :<\/strong> <a class=\"decorated-link cursor-pointer\" target=\"_new\" rel=\"noopener\" data-start=\"3126\" data-end=\"3170\">www.redsacre.com<\/a><\/p>\t\t\t\t\t\t\t\t<\/div>\n\t\t\t\t\t<\/div>\n\t\t\t\t<\/div>\n\t\t\t\t<\/div>","protected":false},"excerpt":{"rendered":"<p>Red Sacre Wholesale &amp; City Partner Program Red Sacre Wholesale &amp; City Partner Program Join Us Send us your business background, target city, and current channels. Join Us to Spread the Power of Sacred Red, Sacred Love Red Sacre invites passionate entrepreneurs, retailers, and distributors worldwide to become our official partners.Our Wholesale &amp; City Partner [&hellip;]<\/p>","protected":false},"author":1,"featured_media":0,"parent":0,"menu_order":0,"comment_status":"closed","ping_status":"closed","template":"","meta":{"site-sidebar-layout":"no-sidebar","site-content-layout":"","ast-site-content-layout":"full-width-container","site-content-style":"default","site-sidebar-style":"default","ast-global-header-display":"","ast-banner-title-visibility":"","ast-main-header-display":"","ast-hfb-above-header-display":"","ast-hfb-below-header-display":"","ast-hfb-mobile-header-display":"","site-post-title":"","ast-breadcrumbs-content":"","ast-featured-img":"disabled","footer-sml-layout":"","theme-transparent-header-meta":"","adv-header-id-meta":"","stick-header-meta":"","header-above-stick-meta":"","header-main-stick-meta":"","header-below-stick-meta":"","astra-migrate-meta-layouts":"default","ast-page-background-enabled":"default","ast-page-background-meta":{"desktop":{"background-color":"var(--ast-global-color-5)","background-image":"","background-repeat":"repeat","background-position":"center center","background-size":"auto","background-attachment":"scroll","background-type":"","background-media":"","overlay-type":"","overlay-color":"","overlay-opacity":"","overlay-gradient":""},"tablet":{"background-color":"","background-image":"","background-repeat":"repeat","background-position":"center center","background-size":"auto","background-attachment":"scroll","background-type":"","background-media":"","overlay-type":"","overlay-color":"","overlay-opacity":"","overlay-gradient":""},"mobile":{"background-color":"","background-image":"","background-repeat":"repeat","background-position":"center center","background-size":"auto","background-attachment":"scroll","background-type":"","background-media":"","overlay-type":"","overlay-color":"","overlay-opacity":"","overlay-gradient":""}},"ast-content-background-meta":{"desktop":{"background-color":"var(--ast-global-color-4)","background-image":"","background-repeat":"repeat","background-position":"center center","background-size":"auto","background-attachment":"scroll","background-type":"","background-media":"","overlay-type":"","overlay-color":"","overlay-opacity":"","overlay-gradient":""},"tablet":{"background-color":"var(--ast-global-color-4)","background-image":"","background-repeat":"repeat","background-position":"center center","background-size":"auto","background-attachment":"scroll","background-type":"","background-media":"","overlay-type":"","overlay-color":"","overlay-opacity":"","overlay-gradient":""},"mobile":{"background-color":"var(--ast-global-color-4)","background-image":"","background-repeat":"repeat","background-position":"center center","background-size":"auto","background-attachment":"scroll","background-type":"","background-media":"","overlay-type":"","overlay-color":"","overlay-opacity":"","overlay-gradient":""}},"footnotes":""},"class_list":["post-852","page","type-page","status-publish","hentry"],"aioseo_notices":[],"_links":{"self":[{"href":"https:\/\/redsacre.com\/fr\/wp-json\/wp\/v2\/pages\/852","targetHints":{"allow":["GET"]}}],"collection":[{"href":"https:\/\/redsacre.com\/fr\/wp-json\/wp\/v2\/pages"}],"about":[{"href":"https:\/\/redsacre.com\/fr\/wp-json\/wp\/v2\/types\/page"}],"author":[{"embeddable":true,"href":"https:\/\/redsacre.com\/fr\/wp-json\/wp\/v2\/users\/1"}],"replies":[{"embeddable":true,"href":"https:\/\/redsacre.com\/fr\/wp-json\/wp\/v2\/comments?post=852"}],"version-history":[{"count":13,"href":"https:\/\/redsacre.com\/fr\/wp-json\/wp\/v2\/pages\/852\/revisions"}],"predecessor-version":[{"id":1022,"href":"https:\/\/redsacre.com\/fr\/wp-json\/wp\/v2\/pages\/852\/revisions\/1022"}],"wp:attachment":[{"href":"https:\/\/redsacre.com\/fr\/wp-json\/wp\/v2\/media?parent=852"}],"curies":[{"name":"wp","href":"https:\/\/api.w.org\/{rel}","templated":true}]}}