{"id":384,"date":"2025-10-02T14:27:11","date_gmt":"2025-10-02T14:27:11","guid":{"rendered":"https:\/\/redsacre.com\/?page_id=384"},"modified":"2025-10-10T02:16:46","modified_gmt":"2025-10-10T02:16:46","slug":"faq","status":"publish","type":"page","link":"https:\/\/redsacre.com\/fr\/faq\/","title":{"rendered":"FAQ"},"content":{"rendered":"<div data-elementor-type=\"wp-page\" data-elementor-id=\"384\" class=\"elementor elementor-384\" data-elementor-post-type=\"page\">\n\t\t\t\t\t\t<section class=\"elementor-section elementor-top-section elementor-element elementor-element-74c4dc82 elementor-section-full_width elementor-section-height-default elementor-section-height-default\" data-id=\"74c4dc82\" data-element_type=\"section\" data-settings=\"{&quot;background_background&quot;:&quot;classic&quot;}\">\n\t\t\t\t\t\t<div class=\"elementor-container elementor-column-gap-no\">\n\t\t\t\t\t<div class=\"elementor-column elementor-col-100 elementor-top-column elementor-element elementor-element-bb3853b\" data-id=\"bb3853b\" data-element_type=\"column\">\n\t\t\t<div class=\"elementor-widget-wrap elementor-element-populated\">\n\t\t\t\t\t\t<section class=\"elementor-section elementor-inner-section elementor-element elementor-element-184a251 elementor-section-full_width elementor-section-height-default elementor-section-height-default\" data-id=\"184a251\" data-element_type=\"section\">\n\t\t\t\t\t\t<div class=\"elementor-container elementor-column-gap-no\">\n\t\t\t\t\t<div class=\"elementor-column elementor-col-50 elementor-inner-column elementor-element elementor-element-5de74124\" data-id=\"5de74124\" data-element_type=\"column\">\n\t\t\t<div class=\"elementor-widget-wrap elementor-element-populated\">\n\t\t\t\t\t\t<div class=\"elementor-element elementor-element-5606e078 elementor-widget elementor-widget-image\" data-id=\"5606e078\" data-element_type=\"widget\" data-widget_type=\"image.default\">\n\t\t\t\t\t\t\t\t\t\t\t\t\t\t\t<img fetchpriority=\"high\" decoding=\"async\" width=\"1024\" height=\"1024\" src=\"https:\/\/redsacre.com\/wp-content\/uploads\/Lucky-Red-String-and-Angel-Number-777.png\" class=\"attachment-large size-large wp-image-167\" alt=\"\" srcset=\"https:\/\/redsacre.com\/wp-content\/uploads\/Lucky-Red-String-and-Angel-Number-777.png 1024w, https:\/\/redsacre.com\/wp-content\/uploads\/Lucky-Red-String-and-Angel-Number-777-300x300.png 300w, https:\/\/redsacre.com\/wp-content\/uploads\/Lucky-Red-String-and-Angel-Number-777-100x100.png 100w, https:\/\/redsacre.com\/wp-content\/uploads\/Lucky-Red-String-and-Angel-Number-777-600x600.png 600w, https:\/\/redsacre.com\/wp-content\/uploads\/Lucky-Red-String-and-Angel-Number-777-150x150.png 150w, https:\/\/redsacre.com\/wp-content\/uploads\/Lucky-Red-String-and-Angel-Number-777-768x768.png 768w\" sizes=\"(max-width: 1024px) 100vw, 1024px\" \/>\t\t\t\t\t\t\t\t\t\t\t\t\t\t\t<\/div>\n\t\t\t\t\t<\/div>\n\t\t<\/div>\n\t\t\t\t<div class=\"elementor-column elementor-col-50 elementor-inner-column elementor-element elementor-element-d886895\" data-id=\"d886895\" data-element_type=\"column\" data-settings=\"{&quot;background_background&quot;:&quot;classic&quot;}\">\n\t\t\t<div class=\"elementor-widget-wrap elementor-element-populated\">\n\t\t\t\t\t\t<div class=\"elementor-element elementor-element-1eb48ff9 elementor-widget elementor-widget-heading\" data-id=\"1eb48ff9\" data-element_type=\"widget\" data-widget_type=\"heading.default\">\n\t\t\t\t\t<h1 class=\"elementor-heading-title elementor-size-default\">faqs<\/h1>\t\t\t\t<\/div>\n\t\t\t\t<div class=\"elementor-element elementor-element-373daefd elementor-widget-divider--view-line elementor-widget elementor-widget-divider\" data-id=\"373daefd\" data-element_type=\"widget\" data-widget_type=\"divider.default\">\n\t\t\t\t\t\t\t<div class=\"elementor-divider\">\n\t\t\t<span class=\"elementor-divider-separator\">\n\t\t\t\t\t\t<\/span>\n\t\t<\/div>\n\t\t\t\t\t\t<\/div>\n\t\t\t\t<div class=\"elementor-element elementor-element-416ea823 elementor-widget elementor-widget-text-editor\" data-id=\"416ea823\" data-element_type=\"widget\" data-widget_type=\"text-editor.default\">\n\t\t\t\t\t\t\t\t\t<p data-start=\"1996\" data-end=\"2284\">Dans la culture orientale, le fil rouge est un symbole de chance, d'amour et de protection divine. Dans la tradition fran\u00e7aise, les bijoux incarnent la sophistication et la beaut\u00e9 intemporelle. <strong data-start=\"2155\" data-end=\"2282\">Red Sacre fusionne ces deux mondes - chaque pi\u00e8ce n'est pas seulement un accessoire, mais un souvenir spirituel porteur de b\u00e9n\u00e9dictions et de promesses.<\/strong><\/p><p data-start=\"2286\" data-end=\"2453\">Le mot <em data-start=\"2295\" data-end=\"2304\">\u201cSacre\u201d<\/em> signifie \u201csacr\u00e9\u201d. Porter Red Sacre, c'est porter \u00e0 la fois l'\u00e9l\u00e9gance et la garde spirituelle, un rappel silencieux mais puissant de l'amour, de l'espoir et de la fortune.<\/p><p data-start=\"2455\" data-end=\"2651\">Contrairement aux marques ax\u00e9es sur la mode, <strong data-start=\"2485\" data-end=\"2542\">Red Sacre met l'accent sur la signification et la connexion \u00e9motionnelle<\/strong>. Chaque mod\u00e8le est con\u00e7u avec l'intention de prot\u00e9ger, de b\u00e9nir et d'accompagner son porteur sur le chemin de la vie.<\/p>\t\t\t\t\t\t\t\t<\/div>\n\t\t\t\t\t<\/div>\n\t\t<\/div>\n\t\t\t\t\t<\/div>\n\t\t<\/section>\n\t\t\t\t\t<\/div>\n\t\t<\/div>\n\t\t\t\t\t<\/div>\n\t\t<\/section>\n\t\t\t\t<section class=\"elementor-section elementor-top-section elementor-element elementor-element-6e70eed elementor-section-full_width elementor-section-height-default elementor-section-height-default\" data-id=\"6e70eed\" data-element_type=\"section\">\n\t\t\t\t\t\t<div class=\"elementor-container elementor-column-gap-default\">\n\t\t\t\t\t<div class=\"elementor-column elementor-col-33 elementor-top-column elementor-element elementor-element-3f704db6\" data-id=\"3f704db6\" data-element_type=\"column\" data-settings=\"{&quot;background_background&quot;:&quot;classic&quot;}\">\n\t\t\t<div class=\"elementor-widget-wrap elementor-element-populated\">\n\t\t\t\t\t\t<div class=\"elementor-element elementor-element-ecebfd8 elementor-widget elementor-widget-image\" data-id=\"ecebfd8\" data-element_type=\"widget\" data-widget_type=\"image.default\">\n\t\t\t\t\t\t\t\t\t\t\t\t\t\t\t<img decoding=\"async\" width=\"684\" height=\"1024\" src=\"https:\/\/redsacre.com\/wp-content\/uploads\/2025\/09\/Red-Sacre-\u2014-Sacred-Red-Sacred27-684x1024.jpg\" class=\"attachment-large size-large wp-image-36\" alt=\"\" srcset=\"https:\/\/redsacre.com\/wp-content\/uploads\/2025\/09\/Red-Sacre-\u2014-Sacred-Red-Sacred27-684x1024.jpg 684w, https:\/\/redsacre.com\/wp-content\/uploads\/2025\/09\/Red-Sacre-\u2014-Sacred-Red-Sacred27-600x899.jpg 600w, https:\/\/redsacre.com\/wp-content\/uploads\/2025\/09\/Red-Sacre-\u2014-Sacred-Red-Sacred27-200x300.jpg 200w, https:\/\/redsacre.com\/wp-content\/uploads\/2025\/09\/Red-Sacre-\u2014-Sacred-Red-Sacred27-768x1150.jpg 768w, https:\/\/redsacre.com\/wp-content\/uploads\/2025\/09\/Red-Sacre-\u2014-Sacred-Red-Sacred27-1026x1536.jpg 1026w, https:\/\/redsacre.com\/wp-content\/uploads\/2025\/09\/Red-Sacre-\u2014-Sacred-Red-Sacred27.jpg 1135w\" sizes=\"(max-width: 684px) 100vw, 684px\" \/>\t\t\t\t\t\t\t\t\t\t\t\t\t\t\t<\/div>\n\t\t\t\t<div class=\"elementor-element elementor-element-12bfe2c elementor-widget elementor-widget-image\" data-id=\"12bfe2c\" data-element_type=\"widget\" data-widget_type=\"image.default\">\n\t\t\t\t\t\t\t\t\t\t\t\t\t\t\t<img decoding=\"async\" width=\"682\" height=\"1024\" src=\"https:\/\/redsacre.com\/wp-content\/uploads\/2025\/09\/Red-Sacre-\u2014-Sacred-Red-Sacred2-682x1024.jpg\" class=\"attachment-large size-large wp-image-11\" alt=\"\" srcset=\"https:\/\/redsacre.com\/wp-content\/uploads\/2025\/09\/Red-Sacre-\u2014-Sacred-Red-Sacred2-682x1024.jpg 682w, https:\/\/redsacre.com\/wp-content\/uploads\/2025\/09\/Red-Sacre-\u2014-Sacred-Red-Sacred2-600x900.jpg 600w, https:\/\/redsacre.com\/wp-content\/uploads\/2025\/09\/Red-Sacre-\u2014-Sacred-Red-Sacred2-200x300.jpg 200w, https:\/\/redsacre.com\/wp-content\/uploads\/2025\/09\/Red-Sacre-\u2014-Sacred-Red-Sacred2-768x1152.jpg 768w, https:\/\/redsacre.com\/wp-content\/uploads\/2025\/09\/Red-Sacre-\u2014-Sacred-Red-Sacred2-1024x1536.jpg 1024w, https:\/\/redsacre.com\/wp-content\/uploads\/2025\/09\/Red-Sacre-\u2014-Sacred-Red-Sacred2.jpg 1133w\" sizes=\"(max-width: 682px) 100vw, 682px\" \/>\t\t\t\t\t\t\t\t\t\t\t\t\t\t\t<\/div>\n\t\t\t\t\t<\/div>\n\t\t<\/div>\n\t\t\t\t<div class=\"elementor-column elementor-col-66 elementor-top-column elementor-element elementor-element-5f3be7a1\" data-id=\"5f3be7a1\" data-element_type=\"column\">\n\t\t\t<div class=\"elementor-widget-wrap elementor-element-populated\">\n\t\t\t\t\t\t<div class=\"elementor-element elementor-element-57d208cd elementor-widget elementor-widget-spacer\" data-id=\"57d208cd\" data-element_type=\"widget\" data-widget_type=\"spacer.default\">\n\t\t\t\t\t\t\t<div class=\"elementor-spacer\">\n\t\t\t<div class=\"elementor-spacer-inner\"><\/div>\n\t\t<\/div>\n\t\t\t\t\t\t<\/div>\n\t\t\t\t<div class=\"elementor-element elementor-element-440eeea1 elementor-widget elementor-widget-heading\" data-id=\"440eeea1\" data-element_type=\"widget\" data-widget_type=\"heading.default\">\n\t\t\t\t\t<h2 class=\"elementor-heading-title elementor-size-default\">1. Que signifie \u201cRed Sacre\u201d ?<\/h2>\t\t\t\t<\/div>\n\t\t\t\t<div class=\"elementor-element elementor-element-3c1c3fed elementor-widget elementor-widget-spacer\" data-id=\"3c1c3fed\" data-element_type=\"widget\" data-widget_type=\"spacer.default\">\n\t\t\t\t\t\t\t<div class=\"elementor-spacer\">\n\t\t\t<div class=\"elementor-spacer-inner\"><\/div>\n\t\t<\/div>\n\t\t\t\t\t\t<\/div>\n\t\t\t\t<div class=\"elementor-element elementor-element-726e4f0a elementor-widget elementor-widget-text-editor\" data-id=\"726e4f0a\" data-element_type=\"widget\" data-widget_type=\"text-editor.default\">\n\t\t\t\t\t\t\t\t\t<p><em data-start=\"212\" data-end=\"223\">Sacre rouge<\/em> signifie \u201cRouge sacr\u00e9\u201d. Inspir\u00e9s par la philosophie orientale et fabriqu\u00e9s avec l'\u00e9l\u00e9gance fran\u00e7aise, nos bijoux repr\u00e9sentent la chance, l'amour et la protection spirituelle. voluptatem. Ut enim ad minima veniam, quis nostrum exercitationem<\/p>\t\t\t\t\t\t\t\t<\/div>\n\t\t\t\t<div class=\"elementor-element elementor-element-6b1645e4 elementor-widget-divider--view-line elementor-widget elementor-widget-divider\" data-id=\"6b1645e4\" data-element_type=\"widget\" data-widget_type=\"divider.default\">\n\t\t\t\t\t\t\t<div class=\"elementor-divider\">\n\t\t\t<span class=\"elementor-divider-separator\">\n\t\t\t\t\t\t<\/span>\n\t\t<\/div>\n\t\t\t\t\t\t<\/div>\n\t\t\t\t<div class=\"elementor-element elementor-element-541d2578 elementor-widget elementor-widget-spacer\" data-id=\"541d2578\" data-element_type=\"widget\" data-widget_type=\"spacer.default\">\n\t\t\t\t\t\t\t<div class=\"elementor-spacer\">\n\t\t\t<div class=\"elementor-spacer-inner\"><\/div>\n\t\t<\/div>\n\t\t\t\t\t\t<\/div>\n\t\t\t\t<div class=\"elementor-element elementor-element-66c58d6a elementor-widget elementor-widget-heading\" data-id=\"66c58d6a\" data-element_type=\"widget\" data-widget_type=\"heading.default\">\n\t\t\t\t\t<h2 class=\"elementor-heading-title elementor-size-default\">2. Que symbolise le fil rouge ?<\/h2>\t\t\t\t<\/div>\n\t\t\t\t<div class=\"elementor-element elementor-element-1f321c50 elementor-widget elementor-widget-text-editor\" data-id=\"1f321c50\" data-element_type=\"widget\" data-widget_type=\"text-editor.default\">\n\t\t\t\t\t\t\t\t\t<p>Dans la tradition orientale, le fil rouge est un <strong data-start=\"730\" data-end=\"785\">symbole sacr\u00e9 de l'amour, de la protection et de la bonne fortune<\/strong>. Port\u00e9 au poignet, au doigt ou \u00e0 la cheville, il sert de gardien et de rappel de l'espoir et des b\u00e9n\u00e9dictions. voluptatem. Ut enim ad minima veniam, quis nostrum exercitationem<\/p>\t\t\t\t\t\t\t\t<\/div>\n\t\t\t\t<div class=\"elementor-element elementor-element-13dc664b elementor-widget-divider--view-line elementor-widget elementor-widget-divider\" data-id=\"13dc664b\" data-element_type=\"widget\" data-widget_type=\"divider.default\">\n\t\t\t\t\t\t\t<div class=\"elementor-divider\">\n\t\t\t<span class=\"elementor-divider-separator\">\n\t\t\t\t\t\t<\/span>\n\t\t<\/div>\n\t\t\t\t\t\t<\/div>\n\t\t\t\t<div class=\"elementor-element elementor-element-228c4cac elementor-widget elementor-widget-spacer\" data-id=\"228c4cac\" data-element_type=\"widget\" data-widget_type=\"spacer.default\">\n\t\t\t\t\t\t\t<div class=\"elementor-spacer\">\n\t\t\t<div class=\"elementor-spacer-inner\"><\/div>\n\t\t<\/div>\n\t\t\t\t\t\t<\/div>\n\t\t\t\t<div class=\"elementor-element elementor-element-5a0507bb elementor-widget elementor-widget-heading\" data-id=\"5a0507bb\" data-element_type=\"widget\" data-widget_type=\"heading.default\">\n\t\t\t\t\t<h2 class=\"elementor-heading-title elementor-size-default\">3. comment entretenir mon bijou Red Sacre ?<\/h2>\t\t\t\t<\/div>\n\t\t\t\t<div class=\"elementor-element elementor-element-76ecf6af elementor-widget elementor-widget-text-editor\" data-id=\"76ecf6af\" data-element_type=\"widget\" data-widget_type=\"text-editor.default\">\n\t\t\t\t\t\t\t\t\t<ul><li data-start=\"949\" data-end=\"1001\"><p data-start=\"951\" data-end=\"1001\">\u00c9viter de porter le produit lors d'un exercice physique intense ou lors de la natation.<\/p><\/li><li data-start=\"1002\" data-end=\"1062\"><p data-start=\"1004\" data-end=\"1062\">Tenir \u00e0 l'\u00e9cart des produits chimiques tels que les parfums ou les d\u00e9tergents.<\/p><\/li><li data-start=\"1063\" data-end=\"1110\"><p data-start=\"1065\" data-end=\"1110\">Conserver s\u00e9par\u00e9ment dans une bo\u00eete \u00e0 bijoux ou une pochette.<\/p><\/li><li data-start=\"1111\" data-end=\"1146\"><p data-start=\"1113\" data-end=\"1146\">Nettoyer d\u00e9licatement avec un chiffon doux.<\/p><\/li><\/ul>\t\t\t\t\t\t\t\t<\/div>\n\t\t\t\t\t<\/div>\n\t\t<\/div>\n\t\t\t\t\t<\/div>\n\t\t<\/section>\n\t\t\t\t<section class=\"elementor-section elementor-top-section elementor-element elementor-element-6d4badd1 elementor-section-boxed elementor-section-height-default elementor-section-height-default\" data-id=\"6d4badd1\" data-element_type=\"section\" data-settings=\"{&quot;background_background&quot;:&quot;classic&quot;}\">\n\t\t\t\t\t\t<div class=\"elementor-container elementor-column-gap-default\">\n\t\t\t\t\t<div class=\"elementor-column elementor-col-100 elementor-top-column elementor-element elementor-element-6c9b4fb\" data-id=\"6c9b4fb\" data-element_type=\"column\">\n\t\t\t<div class=\"elementor-widget-wrap elementor-element-populated\">\n\t\t\t\t\t\t<div class=\"elementor-element elementor-element-ad88cf elementor-widget elementor-widget-heading\" data-id=\"ad88cf\" data-element_type=\"widget\" data-widget_type=\"heading.default\">\n\t\t\t\t\t<h2 class=\"elementor-heading-title elementor-size-default\">5. Puis-je personnaliser mes bijoux Red Sacre ?<\/h2>\t\t\t\t<\/div>\n\t\t\t\t<div class=\"elementor-element elementor-element-1cce68d9 elementor-widget elementor-widget-text-editor\" data-id=\"1cce68d9\" data-element_type=\"widget\" data-widget_type=\"text-editor.default\">\n\t\t\t\t\t\t\t\t\t<p>Oui, nous proposons <strong data-start=\"1218\" data-end=\"1246\">services de personnalisation<\/strong>. Vous pouvez choisir le type de m\u00e9tal (or jaune, blanc ou rose), la couleur du fil et la gravure. Veuillez contacter notre service client\u00e8le pour les commandes sur mesure.<\/p>\t\t\t\t\t\t\t\t<\/div>\n\t\t\t\t\t<\/div>\n\t\t<\/div>\n\t\t\t\t\t<\/div>\n\t\t<\/section>\n\t\t\t\t<section class=\"elementor-section elementor-top-section elementor-element elementor-element-52012cc6 elementor-section-boxed elementor-section-height-default elementor-section-height-default\" data-id=\"52012cc6\" data-element_type=\"section\">\n\t\t\t\t\t\t<div class=\"elementor-container elementor-column-gap-default\">\n\t\t\t\t\t<div class=\"elementor-column elementor-col-33 elementor-top-column elementor-element elementor-element-7042382c\" data-id=\"7042382c\" data-element_type=\"column\">\n\t\t\t<div class=\"elementor-widget-wrap elementor-element-populated\">\n\t\t\t\t\t\t<div class=\"elementor-element elementor-element-668d7d81 elementor-widget elementor-widget-heading\" data-id=\"668d7d81\" data-element_type=\"widget\" data-widget_type=\"heading.default\">\n\t\t\t\t\t<h4 class=\"elementor-heading-title elementor-size-default\">VOUS AVEZ BESOIN<\/h4>\t\t\t\t<\/div>\n\t\t\t\t<div class=\"elementor-element elementor-element-f443898 elementor-widget elementor-widget-heading\" data-id=\"f443898\" data-element_type=\"widget\" data-widget_type=\"heading.default\">\n\t\t\t\t\t<h4 class=\"elementor-heading-title elementor-size-default\">QUELQUE CHOSE<\/h4>\t\t\t\t<\/div>\n\t\t\t\t<div class=\"elementor-element elementor-element-21839963 elementor-widget elementor-widget-heading\" data-id=\"21839963\" data-element_type=\"widget\" data-widget_type=\"heading.default\">\n\t\t\t\t\t<h4 class=\"elementor-heading-title elementor-size-default\">AUTREMENT ?<\/h4>\t\t\t\t<\/div>\n\t\t\t\t\t<\/div>\n\t\t<\/div>\n\t\t\t\t<div class=\"elementor-column elementor-col-33 elementor-top-column elementor-element elementor-element-74ca7c46\" data-id=\"74ca7c46\" data-element_type=\"column\">\n\t\t\t<div class=\"elementor-widget-wrap elementor-element-populated\">\n\t\t\t\t\t\t<div class=\"elementor-element elementor-element-273d84e8 elementor-widget-divider--separator-type-pattern elementor-widget-divider--bg-round elementor-widget-divider--view-line elementor-widget elementor-widget-divider\" data-id=\"273d84e8\" data-element_type=\"widget\" data-widget_type=\"divider.default\">\n\t\t\t\t\t\t\t<div class=\"elementor-divider\" style=\"--divider-pattern-url: url(&quot;data:image\/svg+xml,%3Csvg xmlns=&#039;http:\/\/www.w3.org\/2000\/svg&#039; preserveAspectRatio=&#039;none&#039; overflow=&#039;visible&#039; height=&#039;100%&#039; viewBox=&#039;0 0 60 30&#039; fill=&#039;black&#039; stroke=&#039;none&#039;%3E%3Crect x=&#039;15&#039; y=&#039;0&#039; width=&#039;30&#039; height=&#039;30&#039;\/%3E%3C\/svg%3E&quot;);\">\n\t\t\t<span class=\"elementor-divider-separator\">\n\t\t\t\t\t\t<\/span>\n\t\t<\/div>\n\t\t\t\t\t\t<\/div>\n\t\t\t\t\t<\/div>\n\t\t<\/div>\n\t\t\t\t<div class=\"elementor-column elementor-col-33 elementor-top-column elementor-element elementor-element-50055904\" data-id=\"50055904\" data-element_type=\"column\">\n\t\t\t<div class=\"elementor-widget-wrap elementor-element-populated\">\n\t\t\t\t\t\t<div class=\"elementor-element elementor-element-799dbfbb elementor-widget elementor-widget-heading\" data-id=\"799dbfbb\" data-element_type=\"widget\" data-widget_type=\"heading.default\">\n\t\t\t\t\t<h2 class=\"elementor-heading-title elementor-size-default\">Nous vous aiderons !<\/h2>\t\t\t\t<\/div>\n\t\t\t\t<div class=\"elementor-element elementor-element-79507e37 elementor-mobile-align-right elementor-widget elementor-widget-button\" data-id=\"79507e37\" data-element_type=\"widget\" data-widget_type=\"button.default\">\n\t\t\t\t\t\t\t\t\t\t<a class=\"elementor-button elementor-button-link elementor-size-lg\" href=\"#\">\n\t\t\t\t\t\t<span class=\"elementor-button-content-wrapper\">\n\t\t\t\t\t\t\t\t\t<span class=\"elementor-button-text\">ENVOYER UN MESSAGE<\/span>\n\t\t\t\t\t<\/span>\n\t\t\t\t\t<\/a>\n\t\t\t\t\t\t\t\t<\/div>\n\t\t\t\t\t<\/div>\n\t\t<\/div>\n\t\t\t\t\t<\/div>\n\t\t<\/section>\n\t\t\t\t<\/div>","protected":false},"excerpt":{"rendered":"<p>faqs In Eastern culture, the red thread is a symbol of luck, love, and divine protection. In French tradition, jewelry embodies sophistication and timeless beauty. Red Sacre fuses these worlds\u2014each piece is not just an accessory, but a spiritual keepsake carrying blessings and promises. The word \u201cSacre\u201d means \u201csacred.\u201d To wear Red Sacre is to [&hellip;]<\/p>","protected":false},"author":1,"featured_media":0,"parent":0,"menu_order":0,"comment_status":"closed","ping_status":"closed","template":"","meta":{"site-sidebar-layout":"no-sidebar","site-content-layout":"","ast-site-content-layout":"full-width-container","site-content-style":"default","site-sidebar-style":"default","ast-global-header-display":"","ast-banner-title-visibility":"","ast-main-header-display":"","ast-hfb-above-header-display":"","ast-hfb-below-header-display":"","ast-hfb-mobile-header-display":"","site-post-title":"disabled","ast-breadcrumbs-content":"","ast-featured-img":"disabled","footer-sml-layout":"","theme-transparent-header-meta":"","adv-header-id-meta":"","stick-header-meta":"","header-above-stick-meta":"","header-main-stick-meta":"","header-below-stick-meta":"","astra-migrate-meta-layouts":"default","ast-page-background-enabled":"default","ast-page-background-meta":{"desktop":{"background-color":"var(--ast-global-color-5)","background-image":"","background-repeat":"repeat","background-position":"center center","background-size":"auto","background-attachment":"scroll","background-type":"","background-media":"","overlay-type":"","overlay-color":"","overlay-opacity":"","overlay-gradient":""},"tablet":{"background-color":"","background-image":"","background-repeat":"repeat","background-position":"center center","background-size":"auto","background-attachment":"scroll","background-type":"","background-media":"","overlay-type":"","overlay-color":"","overlay-opacity":"","overlay-gradient":""},"mobile":{"background-color":"","background-image":"","background-repeat":"repeat","background-position":"center center","background-size":"auto","background-attachment":"scroll","background-type":"","background-media":"","overlay-type":"","overlay-color":"","overlay-opacity":"","overlay-gradient":""}},"ast-content-background-meta":{"desktop":{"background-color":"var(--ast-global-color-4)","background-image":"","background-repeat":"repeat","background-position":"center center","background-size":"auto","background-attachment":"scroll","background-type":"","background-media":"","overlay-type":"","overlay-color":"","overlay-opacity":"","overlay-gradient":""},"tablet":{"background-color":"var(--ast-global-color-4)","background-image":"","background-repeat":"repeat","background-position":"center center","background-size":"auto","background-attachment":"scroll","background-type":"","background-media":"","overlay-type":"","overlay-color":"","overlay-opacity":"","overlay-gradient":""},"mobile":{"background-color":"var(--ast-global-color-4)","background-image":"","background-repeat":"repeat","background-position":"center center","background-size":"auto","background-attachment":"scroll","background-type":"","background-media":"","overlay-type":"","overlay-color":"","overlay-opacity":"","overlay-gradient":""}},"footnotes":""},"class_list":["post-384","page","type-page","status-publish","hentry"],"aioseo_notices":[],"_links":{"self":[{"href":"https:\/\/redsacre.com\/fr\/wp-json\/wp\/v2\/pages\/384","targetHints":{"allow":["GET"]}}],"collection":[{"href":"https:\/\/redsacre.com\/fr\/wp-json\/wp\/v2\/pages"}],"about":[{"href":"https:\/\/redsacre.com\/fr\/wp-json\/wp\/v2\/types\/page"}],"author":[{"embeddable":true,"href":"https:\/\/redsacre.com\/fr\/wp-json\/wp\/v2\/users\/1"}],"replies":[{"embeddable":true,"href":"https:\/\/redsacre.com\/fr\/wp-json\/wp\/v2\/comments?post=384"}],"version-history":[{"count":10,"href":"https:\/\/redsacre.com\/fr\/wp-json\/wp\/v2\/pages\/384\/revisions"}],"predecessor-version":[{"id":612,"href":"https:\/\/redsacre.com\/fr\/wp-json\/wp\/v2\/pages\/384\/revisions\/612"}],"wp:attachment":[{"href":"https:\/\/redsacre.com\/fr\/wp-json\/wp\/v2\/media?parent=384"}],"curies":[{"name":"wp","href":"https:\/\/api.w.org\/{rel}","templated":true}]}}