{"id":379,"date":"2025-10-02T14:14:31","date_gmt":"2025-10-02T14:14:31","guid":{"rendered":"https:\/\/redsacre.com\/?page_id=379"},"modified":"2025-11-05T01:38:00","modified_gmt":"2025-11-05T01:38:00","slug":"privacy-policy","status":"publish","type":"page","link":"https:\/\/redsacre.com\/fr\/privacy-policy\/","title":{"rendered":"Politique de confidentialit\u00e9"},"content":{"rendered":"<p>Nous prenons votre vie priv\u00e9e au s\u00e9rieux et cette d\u00e9claration de confidentialit\u00e9 explique comment <strong>Sacre rouge<\/strong> (collectivement, \u201cnous\u201d, \u201cnotre\u201d ou \u201cnos\u201d) recueillent, utilisent, partagent et traitent vos informations.<\/p>\n\n\n\n<hr class=\"wp-block-separator has-alpha-channel-opacity\"\/>\n\n\n\n<h2 class=\"wp-block-heading has-large-font-size\">Collecte et utilisation des donn\u00e9es personnelles<\/h2>\n\n\n\n<p>Les donn\u00e9es \u00e0 caract\u00e8re personnel sont des informations qui peuvent \u00eatre utilis\u00e9es pour vous identifier directement ou indirectement. Les donn\u00e9es \u00e0 caract\u00e8re personnel comprennent \u00e9galement des donn\u00e9es anonymes li\u00e9es \u00e0 des informations qui peuvent \u00eatre utilis\u00e9es pour vous identifier directement ou indirectement. Les donn\u00e9es \u00e0 caract\u00e8re personnel n'incluent pas les donn\u00e9es qui ont \u00e9t\u00e9 rendues anonymes de mani\u00e8re irr\u00e9versible ou agr\u00e9g\u00e9es de sorte qu'elles ne nous permettent plus de vous identifier, que ce soit en combinaison avec d'autres informations ou autrement.<\/p>\n\n\n\n<hr class=\"wp-block-separator has-alpha-channel-opacity\"\/>\n\n\n\n<h2 class=\"wp-block-heading has-large-font-size\">Promouvoir la s\u00fbret\u00e9 et la s\u00e9curit\u00e9<\/h2>\n\n\n\n<p>Nous respectons les principes de l\u00e9galit\u00e9, de l\u00e9gitimit\u00e9 et de transparence, nous utilisons et traitons les donn\u00e9es les moins importantes dans un cadre limit\u00e9 et nous prenons des mesures techniques et administratives pour prot\u00e9ger la s\u00e9curit\u00e9 des donn\u00e9es. Nous utilisons les donn\u00e9es personnelles pour v\u00e9rifier les comptes et l'activit\u00e9 des utilisateurs, ainsi que pour promouvoir la s\u00fbret\u00e9 et la s\u00e9curit\u00e9, par exemple en surveillant la fraude et en enqu\u00eatant sur les activit\u00e9s suspectes ou potentiellement ill\u00e9gales ou sur les violations de nos conditions ou politiques. Ce traitement est fond\u00e9 sur notre int\u00e9r\u00eat l\u00e9gitime \u00e0 contribuer \u00e0 la s\u00e9curit\u00e9 de nos produits et services.<\/p>\n\n\n\n<hr class=\"wp-block-separator has-alpha-channel-opacity\"\/>\n\n\n\n<h2 class=\"wp-block-heading has-large-font-size\">Quelles sont les donn\u00e9es personnelles que nous recueillons ?<\/h2>\n\n\n\n<h3 class=\"wp-block-heading\">\u2160. Donn\u00e9es fournies :<\/h3>\n\n\n\n<p>Nous recueillons les donn\u00e9es \u00e0 caract\u00e8re personnel que vous nous fournissez lorsque vous utilisez nos produits et services ou lorsque vous interagissez avec nous, par exemple lorsque vous cr\u00e9ez un compte, nous contactez, participez \u00e0 une enqu\u00eate en ligne, utilisez notre aide en ligne ou notre outil de chat en ligne. Si vous effectuez un achat, nous recueillons des donn\u00e9es \u00e0 caract\u00e8re personnel en rapport avec cet achat. Ces donn\u00e9es comprennent vos donn\u00e9es de paiement, telles que votre num\u00e9ro de carte de cr\u00e9dit ou de d\u00e9bit et d'autres informations relatives \u00e0 la carte, et d'autres informations relatives au compte et \u00e0 l'authentification, ainsi que des informations relatives \u00e0 la facturation, \u00e0 l'exp\u00e9dition et aux coordonn\u00e9es.<\/p>\n\n\n\n<h3 class=\"wp-block-heading\">\u2161. Donn\u00e9es relatives \u00e0 l'utilisation de nos services et produits :<\/h3>\n\n\n\n<p>Lorsque vous visitez nos sites web, nous pouvons collecter des donn\u00e9es sur le type d'appareil que vous utilisez, l'identifiant unique de votre appareil, l'adresse IP de votre appareil, votre syst\u00e8me d'exploitation, le type de navigateur Internet que vous utilisez, des informations d'utilisation, des informations de diagnostic et des informations de localisation provenant de ou concernant les ordinateurs, t\u00e9l\u00e9phones ou autres appareils sur lesquels vous installez ou acc\u00e9dez \u00e0 nos produits ou services. Le cas \u00e9ch\u00e9ant, nos services peuvent utiliser le GPS, votre adresse IP et d'autres technologies pour d\u00e9terminer la localisation approximative d'un appareil afin de nous permettre d'am\u00e9liorer nos produits et services.<\/p>\n\n\n\n<hr class=\"wp-block-separator has-alpha-channel-opacity\"\/>\n\n\n\n<h2 class=\"wp-block-heading has-large-font-size\">Comment nous utilisons vos donn\u00e9es personnelles<\/h2>\n\n\n\n<h3 class=\"wp-block-heading has-medium-font-size\">\u2160. Fournir, am\u00e9liorer et d\u00e9velopper nos produits et services :<\/h3>\n\n\n\n<p>Nous utilisons les donn\u00e9es \u00e0 caract\u00e8re personnel pour nous aider \u00e0 fournir, am\u00e9liorer et d\u00e9velopper nos produits, nos services et notre publicit\u00e9. Cela inclut l'utilisation de donn\u00e9es personnelles \u00e0 des fins d'analyse de donn\u00e9es, de recherche et d'audit. Ce traitement est fond\u00e9 sur notre int\u00e9r\u00eat l\u00e9gitime \u00e0 vous offrir des produits et des services et \u00e0 assurer la continuit\u00e9 de nos activit\u00e9s. Si vous participez \u00e0 un concours ou \u00e0 une autre promotion, nous pouvons utiliser les donn\u00e9es \u00e0 caract\u00e8re personnel que vous nous fournissez pour g\u00e9rer ces programmes. Certaines de ces activit\u00e9s sont r\u00e9gies par des r\u00e8gles suppl\u00e9mentaires qui peuvent contenir des informations compl\u00e9mentaires sur la mani\u00e8re dont nous utilisons les donn\u00e9es \u00e0 caract\u00e8re personnel ; nous vous encourageons donc \u00e0 lire attentivement ces r\u00e8gles avant de participer.<\/p>\n\n\n\n<h3 class=\"wp-block-heading has-medium-font-size\">\u2161. Communiquer avec vous :<\/h3>\n\n\n\n<p>Sous r\u00e9serve de votre consentement expr\u00e8s pr\u00e9alable, nous pouvons utiliser vos donn\u00e9es personnelles pour vous envoyer des communications marketing concernant nos propres produits et services, pour communiquer avec vous au sujet de votre compte ou de vos transactions, et pour vous informer de nos politiques et conditions. Si vous ne souhaitez plus recevoir de communications par courrier \u00e9lectronique \u00e0 des fins de marketing, veuillez nous contacter \u00e0 l'adresse suivante <strong>Nous contacter<\/strong> de se d\u00e9sinscrire. Nous pouvons \u00e9galement utiliser vos donn\u00e9es pour traiter et r\u00e9pondre \u00e0 vos demandes lorsque vous <strong>Nous contacter<\/strong>. Sous r\u00e9serve de votre consentement expr\u00e8s pr\u00e9alable, nous pouvons partager vos donn\u00e9es personnelles avec des partenaires tiers qui peuvent vous envoyer des communications marketing en rapport avec leurs produits et services. Sous r\u00e9serve de votre consentement expr\u00e8s pr\u00e9alable, nous pouvons utiliser des donn\u00e9es personnelles pour personnaliser votre exp\u00e9rience avec nos produits et services et sur les sites web et applications de tiers et pour d\u00e9terminer l'efficacit\u00e9 de nos campagnes promotionnelles.<\/p>\n\n\n\n<p><strong>NOTE :<\/strong> Pour toute utilisation de vos donn\u00e9es d\u00e9crite ci-dessus qui n\u00e9cessite votre consentement expr\u00e8s pr\u00e9alable, notez que vous pouvez retirer votre consentement en nous contactant.<\/p>\n\n\n\n<hr class=\"wp-block-separator has-alpha-channel-opacity\"\/>\n\n\n\n<h2 class=\"wp-block-heading has-large-font-size\">D\u00e9finition de \u201cCookies\u201d<\/h2>\n\n\n\n<p>Les cookies sont de petits morceaux de texte utilis\u00e9s pour stocker des informations sur les navigateurs web. Les cookies sont largement utilis\u00e9s pour stocker et recevoir des identifiants et d'autres informations sur des ordinateurs, des t\u00e9l\u00e9phones et d'autres appareils. Nous utilisons \u00e9galement d'autres technologies, y compris les donn\u00e9es que nous stockons sur votre navigateur web ou votre appareil, les identifiants associ\u00e9s \u00e0 votre appareil et d'autres logiciels, \u00e0 des fins similaires. Dans la pr\u00e9sente d\u00e9claration sur les cookies, nous d\u00e9signons l'ensemble de ces technologies par le terme \u201ccookies\u201d.\u201d<\/p>\n\n\n\n<hr class=\"wp-block-separator has-alpha-channel-opacity\"\/>\n\n\n\n<h2 class=\"wp-block-heading has-large-font-size\">Utilisation des cookies<\/h2>\n\n\n\n<p>Nous utilisons des cookies pour fournir, prot\u00e9ger et am\u00e9liorer nos produits et services, notamment en personnalisant le contenu, en proposant et en mesurant les publicit\u00e9s, en comprenant le comportement des utilisateurs et en offrant une exp\u00e9rience plus s\u00fbre. Veuillez noter que les cookies sp\u00e9cifiques que nous pouvons utiliser varient en fonction des sites web et des services que vous utilisez.<\/p>\n\n\n\n<hr class=\"wp-block-separator has-alpha-channel-opacity\"\/>\n\n\n\n<h2 class=\"wp-block-heading has-large-font-size\">Divulgation de donn\u00e9es \u00e0 caract\u00e8re personnel<\/h2>\n\n\n\n<p>Nous mettons certaines donn\u00e9es personnelles \u00e0 la disposition de partenaires strat\u00e9giques qui travaillent avec nous pour fournir nos produits et services ou nous aider \u00e0 commercialiser nos produits aupr\u00e8s de nos clients. Les donn\u00e9es personnelles ne seront partag\u00e9es avec ces soci\u00e9t\u00e9s que dans le but de fournir ou d'am\u00e9liorer nos produits, nos services et notre publicit\u00e9 ; elles ne seront pas partag\u00e9es avec des tiers \u00e0 des fins de marketing sans votre consentement explicite pr\u00e9alable.<\/p>\n\n\n\n<hr class=\"wp-block-separator has-alpha-channel-opacity\"\/>\n\n\n\n<h2 class=\"wp-block-heading has-large-font-size\">Divulgation ou stockage, transfert et traitement des donn\u00e9es<\/h2>\n\n\n\n<h3 class=\"wp-block-heading has-medium-font-size\">\u2160. Respect des obligations l\u00e9gales :<\/h3>\n\n\n\n<p>En raison des lois imp\u00e9ratives de l'Espace \u00e9conomique europ\u00e9en ou du pays dans lequel vit l'utilisateur, certains actes juridiques existent ou ont eu lieu et certaines obligations l\u00e9gales doivent \u00eatre remplies. Traitement des donn\u00e9es personnelles des r\u00e9sidents de l'EEE - Comme d\u00e9crit ci-dessous, si vous r\u00e9sidez dans l'Espace \u00e9conomique europ\u00e9en (EEE), notre traitement de vos donn\u00e9es personnelles sera l\u00e9gitim\u00e9 : Chaque fois que nous demandons votre consentement pour le traitement de vos donn\u00e9es personnelles, ce traitement sera justifi\u00e9 conform\u00e9ment \u00e0 l'article 6, paragraphe 1, du r\u00e8glement g\u00e9n\u00e9ral sur la protection des donn\u00e9es (UE) (\u201cRGPD\u201d).<\/p>\n\n\n\n<h3 class=\"wp-block-heading has-medium-font-size\">\u2161. Aux fins de la mise en \u0153uvre ou de l'application raisonnable du pr\u00e9sent article :<\/h3>\n\n\n\n<p>Nous pouvons partager des donn\u00e9es personnelles avec toutes nos soci\u00e9t\u00e9s affili\u00e9es. En cas de fusion, de r\u00e9organisation, d'acquisition, de coentreprise, de cession, de scission, de transfert, de vente ou d'ali\u00e9nation de tout ou partie de nos activit\u00e9s, y compris dans le cadre d'une faillite ou d'une proc\u00e9dure similaire, nous pouvons transf\u00e9rer toutes les donn\u00e9es \u00e0 caract\u00e8re personnel \u00e0 la tierce partie concern\u00e9e. Nous pouvons \u00e9galement divulguer des donn\u00e9es \u00e0 caract\u00e8re personnel si nous d\u00e9terminons de bonne foi que cette divulgation est raisonnablement n\u00e9cessaire pour prot\u00e9ger nos droits et exercer les recours disponibles, faire appliquer nos conditions g\u00e9n\u00e9rales, enqu\u00eater sur les fraudes ou prot\u00e9ger nos activit\u00e9s ou nos utilisateurs.<\/p>\n\n\n\n<h3 class=\"wp-block-heading has-medium-font-size\">\u2162. Conformit\u00e9 l\u00e9gale et s\u00e9curit\u00e9 ou protection d'autres droits<\/h3>\n\n\n\n<p>La divulgation de donn\u00e9es \u00e0 caract\u00e8re personnel peut s'av\u00e9rer n\u00e9cessaire en vertu de la loi, d'une proc\u00e9dure judiciaire, d'un litige et\/ou de demandes \u00e9manant d'autorit\u00e9s publiques et gouvernementales \u00e0 l'int\u00e9rieur ou \u00e0 l'ext\u00e9rieur de votre pays de r\u00e9sidence. Nous pouvons \u00e9galement divulguer des donn\u00e9es \u00e0 caract\u00e8re personnel si nous d\u00e9terminons qu'\u00e0 des fins de s\u00e9curit\u00e9 nationale, d'application de la loi ou d'autres questions d'importance publique, la divulgation est n\u00e9cessaire ou appropri\u00e9e.<\/p>\n\n\n\n<hr class=\"wp-block-separator has-alpha-channel-opacity\"\/>\n\n\n\n<h2 class=\"wp-block-heading has-large-font-size\">Les enfants<\/h2>\n\n\n\n<p>Nos produits et services sont destin\u00e9s aux adultes. Par cons\u00e9quent, nous ne collectons pas, n'utilisons pas et ne divulguons pas sciemment des donn\u00e9es concernant des enfants de moins de 16 ans. Si nous apprenons que nous avons collect\u00e9 les donn\u00e9es personnelles d'un enfant de moins de 16 ans, ou l'\u00e2ge minimum \u00e9quivalent selon la juridiction, nous prendrons des mesures pour supprimer les donn\u00e9es d\u00e8s que possible. Veuillez imm\u00e9diatement <strong>Nous contacter<\/strong> si vous apprenez qu'un enfant de moins de 16 ans nous a fourni des donn\u00e9es \u00e0 caract\u00e8re personnel.<\/p>\n\n\n\n<hr class=\"wp-block-separator has-alpha-channel-opacity\"\/>\n\n\n\n<h2 class=\"wp-block-heading has-large-font-size\">Vos droits<\/h2>\n\n\n\n<p>Nous prenons des mesures raisonnables pour nous assurer que vos donn\u00e9es personnelles sont exactes, compl\u00e8tes et \u00e0 jour. Vous avez le droit d'acc\u00e9der aux donn\u00e9es personnelles que nous collectons, de les corriger ou de les supprimer. Vous avez \u00e9galement le droit de restreindre ou de vous opposer, \u00e0 tout moment, au traitement ult\u00e9rieur de vos donn\u00e9es \u00e0 caract\u00e8re personnel. Vous avez le droit de recevoir vos donn\u00e9es personnelles dans un format structur\u00e9 et standard. Vous pouvez d\u00e9poser une plainte aupr\u00e8s de l'autorit\u00e9 comp\u00e9tente en mati\u00e8re de protection des donn\u00e9es concernant le traitement de vos donn\u00e9es \u00e0 caract\u00e8re personnel.<\/p>\n\n\n\n<p>Afin de prot\u00e9ger la confidentialit\u00e9 et la s\u00e9curit\u00e9 de vos donn\u00e9es \u00e0 caract\u00e8re personnel, nous pouvons vous demander des donn\u00e9es qui nous permettent de confirmer votre identit\u00e9 et votre droit d'acc\u00e8s \u00e0 ces donn\u00e9es, ainsi que de rechercher et de vous fournir les donn\u00e9es \u00e0 caract\u00e8re personnel que nous conservons. Dans certains cas, les lois applicables ou les exigences r\u00e9glementaires nous autorisent ou nous obligent \u00e0 refuser de fournir ou \u00e0 supprimer tout ou partie des donn\u00e9es \u00e0 caract\u00e8re personnel que nous conservons.<\/p>\n\n\n\n<p>Vous pouvez <strong>Nous contacter<\/strong> pour exercer vos droits. Nous r\u00e9pondrons \u00e0 votre demande dans un d\u00e9lai raisonnable et, en tout \u00e9tat de cause, dans un d\u00e9lai inf\u00e9rieur \u00e0 30 jours.<\/p>\n\n\n\n<hr class=\"wp-block-separator has-alpha-channel-opacity\"\/>\n\n\n\n<h2 class=\"wp-block-heading has-large-font-size\">Sites web et services de tiers<\/h2>\n\n\n\n<p>Lorsqu'un client propose un lien vers le site web d'un tiers qui a une relation avec nous, nous n'assumons aucune obligation ou responsabilit\u00e9 \u00e0 l'\u00e9gard de cette politique en raison de la politique de confidentialit\u00e9 du tiers. Nos sites web, produits et services peuvent contenir des liens vers des sites web, produits et services de tiers ou vous permettre d'y acc\u00e9der. Nous ne sommes pas responsables des pratiques de ces tiers en mati\u00e8re de protection de la vie priv\u00e9e, ni des informations ou du contenu de leurs produits et services. La pr\u00e9sente d\u00e9claration de confidentialit\u00e9 s'applique uniquement aux donn\u00e9es que nous collectons par le biais de nos produits et services. Nous vous encourageons \u00e0 lire les politiques de confidentialit\u00e9 des tiers avant d'utiliser leurs sites web, produits ou services.<\/p>\n\n\n\n<hr class=\"wp-block-separator has-alpha-channel-opacity\"\/>\n\n\n\n<h2 class=\"wp-block-heading has-large-font-size\">S\u00e9curit\u00e9, int\u00e9grit\u00e9 et conservation des donn\u00e9es<\/h2>\n\n\n\n<p>Nous utilisons des mesures raisonnables de s\u00e9curit\u00e9 technique, administrative et physique con\u00e7ues pour sauvegarder et aider \u00e0 pr\u00e9venir l'acc\u00e8s non autoris\u00e9 \u00e0 vos donn\u00e9es, et pour utiliser correctement les donn\u00e9es que nous collectons. Nous conserverons vos donn\u00e9es \u00e0 caract\u00e8re personnel aussi longtemps que n\u00e9cessaire pour atteindre les objectifs d\u00e9crits dans la pr\u00e9sente d\u00e9claration de confidentialit\u00e9, \u00e0 moins qu'une p\u00e9riode de conservation plus longue ne soit requise ou autoris\u00e9e par la loi.<\/p>\n\n\n\n<hr class=\"wp-block-separator has-alpha-channel-opacity\"\/>\n\n\n\n<h2 class=\"wp-block-heading has-large-font-size\">Modifications de la pr\u00e9sente d\u00e9claration de confidentialit\u00e9<\/h2>\n\n\n\n<p>Nous pouvons modifier p\u00e9riodiquement la pr\u00e9sente d\u00e9claration de confidentialit\u00e9 afin de nous adapter aux nouvelles technologies, aux pratiques du secteur et aux exigences r\u00e9glementaires, entre autres raisons. Si vous continuez \u00e0 utiliser nos produits et services apr\u00e8s la date d'entr\u00e9e en vigueur de la d\u00e9claration de confidentialit\u00e9, cela signifie que vous acceptez la d\u00e9claration de confidentialit\u00e9 r\u00e9vis\u00e9e. Si vous n'acceptez pas la version r\u00e9vis\u00e9e de la d\u00e9claration de confidentialit\u00e9, veuillez vous abstenir d'utiliser nos produits ou services et <strong>Nous contacter<\/strong> pour fermer tout compte que vous auriez cr\u00e9\u00e9.<\/p>\n\n\n\n<hr class=\"wp-block-separator has-alpha-channel-opacity\"\/>\n\n\n\n<h2 class=\"wp-block-heading has-large-font-size\">Nous contacter<\/h2>\n\n\n\n<p>Si vous avez des questions concernant la pr\u00e9sente d\u00e9claration de confidentialit\u00e9 ou sa mise en \u0153uvre, voici comment vous pouvez nous contacter :<\/p>\n\n\n\n<p>\ud83d\udce7 <strong><a>sales@redsacre.com<\/a><\/strong><\/p>","protected":false},"excerpt":{"rendered":"<p>We take your privacy seriously and this privacy statement explains how Red Sacre (collectively, \u201cwe,\u201d \u201cus,\u201d or \u201cour\u201d) collect, use, share and process your information. Collection and Use of Personal Data Personal data is information that can be used to directly or indirectly identify you. Personal data also includes anonymous data that is linked to [&hellip;]<\/p>","protected":false},"author":1,"featured_media":0,"parent":0,"menu_order":0,"comment_status":"closed","ping_status":"closed","template":"","meta":{"site-sidebar-layout":"default","site-content-layout":"","ast-site-content-layout":"default","site-content-style":"default","site-sidebar-style":"default","ast-global-header-display":"","ast-banner-title-visibility":"","ast-main-header-display":"","ast-hfb-above-header-display":"","ast-hfb-below-header-display":"","ast-hfb-mobile-header-display":"","site-post-title":"","ast-breadcrumbs-content":"","ast-featured-img":"","footer-sml-layout":"","theme-transparent-header-meta":"","adv-header-id-meta":"","stick-header-meta":"","header-above-stick-meta":"","header-main-stick-meta":"","header-below-stick-meta":"","astra-migrate-meta-layouts":"default","ast-page-background-enabled":"default","ast-page-background-meta":{"desktop":{"background-color":"var(--ast-global-color-5)","background-image":"","background-repeat":"repeat","background-position":"center center","background-size":"auto","background-attachment":"scroll","background-type":"","background-media":"","overlay-type":"","overlay-color":"","overlay-opacity":"","overlay-gradient":""},"tablet":{"background-color":"","background-image":"","background-repeat":"repeat","background-position":"center center","background-size":"auto","background-attachment":"scroll","background-type":"","background-media":"","overlay-type":"","overlay-color":"","overlay-opacity":"","overlay-gradient":""},"mobile":{"background-color":"","background-image":"","background-repeat":"repeat","background-position":"center center","background-size":"auto","background-attachment":"scroll","background-type":"","background-media":"","overlay-type":"","overlay-color":"","overlay-opacity":"","overlay-gradient":""}},"ast-content-background-meta":{"desktop":{"background-color":"var(--ast-global-color-4)","background-image":"","background-repeat":"repeat","background-position":"center center","background-size":"auto","background-attachment":"scroll","background-type":"","background-media":"","overlay-type":"","overlay-color":"","overlay-opacity":"","overlay-gradient":""},"tablet":{"background-color":"var(--ast-global-color-4)","background-image":"","background-repeat":"repeat","background-position":"center center","background-size":"auto","background-attachment":"scroll","background-type":"","background-media":"","overlay-type":"","overlay-color":"","overlay-opacity":"","overlay-gradient":""},"mobile":{"background-color":"var(--ast-global-color-4)","background-image":"","background-repeat":"repeat","background-position":"center center","background-size":"auto","background-attachment":"scroll","background-type":"","background-media":"","overlay-type":"","overlay-color":"","overlay-opacity":"","overlay-gradient":""}},"footnotes":""},"class_list":["post-379","page","type-page","status-publish","hentry"],"aioseo_notices":[],"_links":{"self":[{"href":"https:\/\/redsacre.com\/fr\/wp-json\/wp\/v2\/pages\/379","targetHints":{"allow":["GET"]}}],"collection":[{"href":"https:\/\/redsacre.com\/fr\/wp-json\/wp\/v2\/pages"}],"about":[{"href":"https:\/\/redsacre.com\/fr\/wp-json\/wp\/v2\/types\/page"}],"author":[{"embeddable":true,"href":"https:\/\/redsacre.com\/fr\/wp-json\/wp\/v2\/users\/1"}],"replies":[{"embeddable":true,"href":"https:\/\/redsacre.com\/fr\/wp-json\/wp\/v2\/comments?post=379"}],"version-history":[{"count":3,"href":"https:\/\/redsacre.com\/fr\/wp-json\/wp\/v2\/pages\/379\/revisions"}],"predecessor-version":[{"id":1160,"href":"https:\/\/redsacre.com\/fr\/wp-json\/wp\/v2\/pages\/379\/revisions\/1160"}],"wp:attachment":[{"href":"https:\/\/redsacre.com\/fr\/wp-json\/wp\/v2\/media?parent=379"}],"curies":[{"name":"wp","href":"https:\/\/api.w.org\/{rel}","templated":true}]}}