{"id":960,"date":"2025-10-22T13:32:42","date_gmt":"2025-10-22T13:32:42","guid":{"rendered":"https:\/\/redsacre.com\/?post_type=product&#038;p=960"},"modified":"2025-11-05T09:22:47","modified_gmt":"2025-11-05T09:22:47","slug":"redsacre-red-string-silver-tree-of-life-bracelet","status":"publish","type":"product","link":"https:\/\/redsacre.com\/fi\/product\/redsacre-red-string-silver-tree-of-life-bracelet\/","title":{"rendered":"RedSacre Red String Silver Tree of Life Rannekoru"},"content":{"rendered":"<p data-start=\"182\" data-end=\"216\"><strong data-start=\"182\" data-end=\"216\">Pyh\u00e4t juuret. \u00c4\u00e4ret\u00f6n kasvu.<\/strong><\/p>\n<h4 data-start=\"218\" data-end=\"246\">\u2728 Tuotteen kuvaus<\/h4>\n<p data-start=\"247\" data-end=\"618\">The <strong data-start=\"251\" data-end=\"304\">Red Sacre Red String Silver Tree of Life Rannekoru<\/strong> on suojelun, voiman ja yhteyden symboli - muinaisen viisauden ja modernin pariisilaisen muotoilun ajaton yhdistelm\u00e4.<br data-start=\"421\" data-end=\"424\" \/>K\u00e4sintehty s\u00e4\u00e4dett\u00e4v\u00e4ll\u00e4 punaisella narulla ja hienosti yksityiskohtaisella <strong data-start=\"488\" data-end=\"530\">925 sterlinghopeaa el\u00e4m\u00e4npuu vieh\u00e4tys<\/strong>, t\u00e4m\u00e4 rannekoru ilment\u00e4\u00e4 harmoniaa, henkist\u00e4 maadoittamista ja uudistumisen ikuista kiertokulkua.<\/p>\n<p data-start=\"620\" data-end=\"978\">Monissa kulttuureissa <strong data-start=\"642\" data-end=\"656\">punainen merkkijono<\/strong> edustaa suojaa negatiivisuudelta, rakkautta ja hyv\u00e4\u00e4 onnea, kun taas <strong data-start=\"733\" data-end=\"749\">El\u00e4m\u00e4n puu<\/strong> tarkoittaa syvi\u00e4 juuria, kasvua ja kaikkien el\u00e4vien olentojen yhteenkuuluvuutta. Yhdess\u00e4 ne muodostavat voimakkaan tasapainon ja elinvoiman talismaanin - p\u00e4ivitt\u00e4isen muistutuksen siit\u00e4, ett\u00e4 sinua tukee n\u00e4kym\u00e4t\u00f6n voima ja loputtomat mahdollisuudet.<\/p>\n<hr data-start=\"980\" data-end=\"983\" \/>\n<h4 data-start=\"985\" data-end=\"1007\">\ud83c\udf3f T\u00e4rkeimm\u00e4t ominaisuudet<\/h4>\n<ul data-start=\"1008\" data-end=\"1476\">\n<li data-start=\"1092\" data-end=\"1148\">\n<p data-start=\"1094\" data-end=\"1148\"><strong data-start=\"1094\" data-end=\"1109\">Vieh\u00e4tysvoima Koko:<\/strong> Halkaisija noin 12mm (el\u00e4m\u00e4n puu)<\/p>\n<\/li>\n<li data-start=\"1230\" data-end=\"1303\">\n<p data-start=\"1232\" data-end=\"1303\"><strong data-start=\"1232\" data-end=\"1250\">Merkkijonon pituus:<\/strong> S\u00e4\u00e4dett\u00e4viss\u00e4 useimpiin ranteen kokoihin (unisex-malli).<\/p>\n<\/li>\n<li data-start=\"1304\" data-end=\"1337\">\n<p data-start=\"1306\" data-end=\"1337\"><strong data-start=\"1306\" data-end=\"1316\">V\u00e4ri:<\/strong> Klassinen pyh\u00e4 punainen<\/p>\n<\/li>\n<li data-start=\"1338\" data-end=\"1394\">\n<p data-start=\"1340\" data-end=\"1394\"><strong data-start=\"1340\" data-end=\"1351\">Viimeistely:<\/strong> K\u00e4sin kiillotettu hopea hienoilla yksityiskohdilla<\/p>\n<\/li>\n<li data-start=\"1395\" data-end=\"1476\">\n<p data-start=\"1397\" data-end=\"1476\"><strong data-start=\"1397\" data-end=\"1411\">Pakkaus:<\/strong> Toimitetaan Red Sacren allekirjoituksella varustetussa lahjapakkauksessa.<\/p>\n<\/li>\n<\/ul>\n<hr data-start=\"1478\" data-end=\"1481\" \/>\n<h4 data-start=\"1483\" data-end=\"1512\">\ud83d\udcab Symboliikka ja merkitys<\/h4>\n<ul data-start=\"1513\" data-end=\"1716\">\n<li data-start=\"1513\" data-end=\"1599\">\n<p data-start=\"1515\" data-end=\"1599\"><strong data-start=\"1515\" data-end=\"1531\">El\u00e4m\u00e4n puu<\/strong> - Kasvu, maadoittuminen, ikuinen voima ja yhteys kaikkeen el\u00e4m\u00e4\u00e4n.<\/p>\n<\/li>\n<li data-start=\"1600\" data-end=\"1656\">\n<p data-start=\"1602\" data-end=\"1656\"><strong data-start=\"1602\" data-end=\"1616\">Punainen merkkijono<\/strong> - Suojelua, onnea, rohkeutta ja rakkautta<\/p>\n<\/li>\n<li data-start=\"1657\" data-end=\"1716\">\n<p data-start=\"1659\" data-end=\"1716\"><strong data-start=\"1659\" data-end=\"1669\">Hopea<\/strong> - Selkeys, pohdinta ja emotionaalinen tasapaino<\/p>\n<\/li>\n<\/ul>\n<p data-start=\"1718\" data-end=\"1890\">T\u00e4m\u00e4n rannekorun k\u00e4ytt\u00e4minen tuo vakautta, vaurautta ja henkist\u00e4 suojelua p\u00e4ivitt\u00e4iselle matkallesi. Se on enemm\u00e4n kuin asuste - se on tarkoituksen ja energian amuletti.<\/p>\n<hr data-start=\"1892\" data-end=\"1895\" \/>\n<h4 data-start=\"1897\" data-end=\"1918\">\ud83c\udf81 T\u00e4ydellinen<\/h4>\n<ul data-start=\"1919\" data-end=\"2135\">\n<li data-start=\"1919\" data-end=\"1997\">\n<p data-start=\"1921\" data-end=\"1997\">Merkityksellinen <strong data-start=\"1934\" data-end=\"1957\">lahja l\u00e4heisille<\/strong> positiivisuuden ja uusien alkujen etsiminen<\/p>\n<\/li>\n<li data-start=\"1998\" data-end=\"2062\">\n<p data-start=\"2000\" data-end=\"2062\">Henkil\u00f6kohtainen <strong data-start=\"2011\" data-end=\"2029\">p\u00e4ivitt\u00e4inen talismaani<\/strong> suojaa ja sis\u00e4ist\u00e4 rauhaa<\/p>\n<\/li>\n<li data-start=\"2063\" data-end=\"2135\">\n<p data-start=\"2065\" data-end=\"2135\">Yhdist\u00e4minen muiden Red Sacre -rannekkeiden kanssa monikerroksisen hengellisen tyylin saavuttamiseksi.<\/p>\n<\/li>\n<\/ul>\n<hr data-start=\"2137\" data-end=\"2140\" \/>\n<h4 data-start=\"2142\" data-end=\"2169\">\ud83e\uddff Hoito-ohjeet<\/h4>\n<p data-start=\"2170\" data-end=\"2216\">S\u00e4ilytt\u00e4\u00e4ksesi rannekorusi loiston:<\/p>\n<ul data-start=\"2217\" data-end=\"2363\">\n<li data-start=\"2217\" data-end=\"2276\">\n<p data-start=\"2219\" data-end=\"2276\">V\u00e4lt\u00e4 kosketusta hajuvesien, voiteiden tai voimakkaiden kemikaalien kanssa.<\/p>\n<\/li>\n<li data-start=\"2277\" data-end=\"2315\">\n<p data-start=\"2279\" data-end=\"2315\">Poista ennen uintia tai uimista.<\/p>\n<\/li>\n<li data-start=\"2316\" data-end=\"2363\">\n<p data-start=\"2318\" data-end=\"2363\">S\u00e4ilyt\u00e4 kuivassa, pehme\u00e4ss\u00e4 pussissa, kun sit\u00e4 ei k\u00e4ytet\u00e4.<\/p>\n<\/li>\n<\/ul>\n<hr data-start=\"2365\" data-end=\"2368\" \/>\n<h4 data-start=\"2370\" data-end=\"2391\">\ud83c\udf0d Br\u00e4ndin tarina<\/h4>\n<p data-start=\"2392\" data-end=\"2642\"><strong data-start=\"2392\" data-end=\"2405\">Punainen Sacre<\/strong> sekoitukset <strong data-start=\"2413\" data-end=\"2444\">It\u00e4inen hengellinen perinne<\/strong> kanssa <strong data-start=\"2450\" data-end=\"2478\">Ranskalainen minimalistinen muotoilu<\/strong>, luoden symbolisia koruja, jotka puhuttelevat sek\u00e4 syd\u00e4nt\u00e4 ett\u00e4 sielua.<br data-start=\"2541\" data-end=\"2544\" \/>Jokainen pala on muistutus: <em data-start=\"2571\" data-end=\"2640\">Suojelu ja kauneus voivat olla rinnakkain. Pukeutumisellasi voi olla merkityst\u00e4.<\/em><\/p>","protected":false},"excerpt":{"rendered":"<ul data-start=\"1008\" data-end=\"1476\">\n<li data-start=\"1092\" data-end=\"1148\">\n<p data-start=\"1094\" data-end=\"1148\"><strong data-start=\"1094\" data-end=\"1109\">Vieh\u00e4tysvoima Koko:<\/strong> Halkaisija noin 12mm (el\u00e4m\u00e4n puu)<\/p>\n<\/li>\n<li data-start=\"1230\" data-end=\"1303\">\n<p data-start=\"1232\" data-end=\"1303\"><strong data-start=\"1232\" data-end=\"1250\">Merkkijonon pituus:<\/strong> S\u00e4\u00e4dett\u00e4viss\u00e4 useimpiin ranteen kokoihin (unisex-malli).<\/p>\n<\/li>\n<li data-start=\"1304\" data-end=\"1337\">\n<p data-start=\"1306\" data-end=\"1337\"><strong data-start=\"1306\" data-end=\"1316\">V\u00e4ri:<\/strong> Klassinen pyh\u00e4 punainen<\/p>\n<\/li>\n<li data-start=\"1338\" data-end=\"1394\">\n<p data-start=\"1340\" data-end=\"1394\"><strong data-start=\"1340\" data-end=\"1351\">Viimeistely:<\/strong> K\u00e4sin kiillotettu hopea hienoilla yksityiskohdilla<\/p>\n<\/li>\n<li data-start=\"1395\" data-end=\"1476\">\n<p data-start=\"1397\" data-end=\"1476\"><strong data-start=\"1397\" data-end=\"1411\">Pakkaus:<\/strong> Toimitetaan Red Sacren allekirjoituksella varustetussa lahjapakkauksessa.<\/p>\n<\/li>\n<\/ul>","protected":false},"featured_media":914,"comment_status":"open","ping_status":"closed","template":"","meta":{"site-sidebar-layout":"default","site-content-layout":"","ast-site-content-layout":"default","site-content-style":"default","site-sidebar-style":"default","ast-global-header-display":"","ast-banner-title-visibility":"","ast-main-header-display":"","ast-hfb-above-header-display":"","ast-hfb-below-header-display":"","ast-hfb-mobile-header-display":"","site-post-title":"","ast-breadcrumbs-content":"","ast-featured-img":"","footer-sml-layout":"","theme-transparent-header-meta":"default","adv-header-id-meta":"","stick-header-meta":"","header-above-stick-meta":"","header-main-stick-meta":"","header-below-stick-meta":"","astra-migrate-meta-layouts":"set","ast-page-background-enabled":"default","ast-page-background-meta":{"desktop":{"background-color":"var(--ast-global-color-5)","background-image":"","background-repeat":"repeat","background-position":"center center","background-size":"auto","background-attachment":"scroll","background-type":"","background-media":"","overlay-type":"","overlay-color":"","overlay-opacity":"","overlay-gradient":""},"tablet":{"background-color":"","background-image":"","background-repeat":"repeat","background-position":"center center","background-size":"auto","background-attachment":"scroll","background-type":"","background-media":"","overlay-type":"","overlay-color":"","overlay-opacity":"","overlay-gradient":""},"mobile":{"background-color":"","background-image":"","background-repeat":"repeat","background-position":"center center","background-size":"auto","background-attachment":"scroll","background-type":"","background-media":"","overlay-type":"","overlay-color":"","overlay-opacity":"","overlay-gradient":""}},"ast-content-background-meta":{"desktop":{"background-color":"var(--ast-global-color-4)","background-image":"","background-repeat":"repeat","background-position":"center center","background-size":"auto","background-attachment":"scroll","background-type":"","background-media":"","overlay-type":"","overlay-color":"","overlay-opacity":"","overlay-gradient":""},"tablet":{"background-color":"var(--ast-global-color-4)","background-image":"","background-repeat":"repeat","background-position":"center center","background-size":"auto","background-attachment":"scroll","background-type":"","background-media":"","overlay-type":"","overlay-color":"","overlay-opacity":"","overlay-gradient":""},"mobile":{"background-color":"var(--ast-global-color-4)","background-image":"","background-repeat":"repeat","background-position":"center center","background-size":"auto","background-attachment":"scroll","background-type":"","background-media":"","overlay-type":"","overlay-color":"","overlay-opacity":"","overlay-gradient":""}}},"product_brand":[],"product_cat":[24],"product_tag":[],"class_list":{"0":"post-960","1":"product","2":"type-product","3":"status-publish","4":"has-post-thumbnail","6":"product_cat-bracelet","7":"wcmi-has-gallery","8":"desktop-align-left","9":"tablet-align-left","10":"mobile-align-left","12":"first","13":"instock","14":"sale","15":"featured","16":"taxable","17":"shipping-taxable","18":"purchasable","19":"product-type-simple"},"aioseo_notices":[],"_links":{"self":[{"href":"https:\/\/redsacre.com\/fi\/wp-json\/wp\/v2\/product\/960","targetHints":{"allow":["GET"]}}],"collection":[{"href":"https:\/\/redsacre.com\/fi\/wp-json\/wp\/v2\/product"}],"about":[{"href":"https:\/\/redsacre.com\/fi\/wp-json\/wp\/v2\/types\/product"}],"replies":[{"embeddable":true,"href":"https:\/\/redsacre.com\/fi\/wp-json\/wp\/v2\/comments?post=960"}],"version-history":[{"count":0,"href":"https:\/\/redsacre.com\/fi\/wp-json\/wp\/v2\/product\/960\/revisions"}],"wp:featuredmedia":[{"embeddable":true,"href":"https:\/\/redsacre.com\/fi\/wp-json\/wp\/v2\/media\/914"}],"wp:attachment":[{"href":"https:\/\/redsacre.com\/fi\/wp-json\/wp\/v2\/media?parent=960"}],"wp:term":[{"taxonomy":"product_brand","embeddable":true,"href":"https:\/\/redsacre.com\/fi\/wp-json\/wp\/v2\/product_brand?post=960"},{"taxonomy":"product_cat","embeddable":true,"href":"https:\/\/redsacre.com\/fi\/wp-json\/wp\/v2\/product_cat?post=960"},{"taxonomy":"product_tag","embeddable":true,"href":"https:\/\/redsacre.com\/fi\/wp-json\/wp\/v2\/product_tag?post=960"}],"curies":[{"name":"wp","href":"https:\/\/api.w.org\/{rel}","templated":true}]}}