{"id":834,"date":"2025-10-19T11:16:18","date_gmt":"2025-10-19T11:16:18","guid":{"rendered":"https:\/\/redsacre.com\/?post_type=product&#038;p=834"},"modified":"2025-11-21T03:08:22","modified_gmt":"2025-11-21T03:08:22","slug":"red-sacre-red-string-pearl-bracelet","status":"publish","type":"product","link":"https:\/\/redsacre.com\/fi\/product\/red-sacre-red-string-pearl-bracelet\/","title":{"rendered":"Red Sacre Punainen merkkijono makeanveden helmi rannerengas"},"content":{"rendered":"<p data-start=\"295\" data-end=\"732\">The <a href=\"https:\/\/redsacre.com\/fi\/product\/red-sacre-red-string-pearl-bracelet\/\"><strong data-start=\"299\" data-end=\"349\">Red Sacre makeanveden helmi Red String rannekoru<\/strong><\/a> on hienostunut sekoitus minimalismia, symboliikkaa ja ajatonta k\u00e4sity\u00f6taitoa. Huolellisesti k\u00e4sin kudottu korkealaatuisesta punaisesta nailonjohdosta, se on aksentoitu <strong data-start=\"497\" data-end=\"533\">6-6.5mm\/11-12mm luonnollinen makeanveden helmi<\/strong>, joka s\u00e4teilee pehme\u00e4\u00e4 kiiltoa ja eleganssia. Herkk\u00e4 kullanv\u00e4rinen vieh\u00e4tys, johon on kaiverrettu <strong data-start=\"612\" data-end=\"627\">\u201cRed Sacre\u201d<\/strong> antaa hienostuneen viimeistelyn, kun taas s\u00e4\u00e4dett\u00e4v\u00e4 solmu takaa mukavan ja universaalin istuvuuden.<\/p>\n<p data-start=\"734\" data-end=\"911\">Jokainen rannekoru on huolella muotoiltu symboloimaan - <strong data-start=\"782\" data-end=\"820\">suojelua, rakkautta ja onnea<\/strong>, Se on enemm\u00e4n kuin pelkk\u00e4 koru - se on henkil\u00f6kohtainen talismaani jokap\u00e4iv\u00e4iseen k\u00e4ytt\u00f6\u00f6n.<\/p>\n<h3 data-start=\"913\" data-end=\"935\"><strong data-start=\"917\" data-end=\"935\">Tekniset tiedot<\/strong><\/h3>\n<ul data-start=\"936\" data-end=\"1287\">\n<li data-start=\"936\" data-end=\"1002\">\n<p data-start=\"938\" data-end=\"1002\"><strong data-start=\"938\" data-end=\"951\">Materiaali:<\/strong> Premium punainen kudottu johto, luonnon makeanveden helmi<\/p>\n<\/li>\n<li data-start=\"1003\" data-end=\"1030\">\n<p data-start=\"1005\" data-end=\"1030\"><strong data-start=\"1005\" data-end=\"1020\">Helmi koko:<\/strong> 6-6.5mm\/11-12mm<\/p>\n<\/li>\n<li data-start=\"1031\" data-end=\"1107\">\n<p data-start=\"1033\" data-end=\"1107\"><strong data-start=\"1033\" data-end=\"1053\">Rannekorun pituus: 5-8\u201d Kiristysnauha<\/strong><\/p>\n<\/li>\n<li data-start=\"1108\" data-end=\"1175\">\n<p data-start=\"1110\" data-end=\"1175\"><strong data-start=\"1110\" data-end=\"1120\">Vieh\u00e4tysvoima:<\/strong> Tag kaiverrettu \u201cRed Sacre\u201d<\/p>\n<\/li>\n<li data-start=\"1176\" data-end=\"1219\">\n<p data-start=\"1178\" data-end=\"1219\"><strong data-start=\"1178\" data-end=\"1190\">Sulkeminen:<\/strong> K\u00e4sin solmittu liukulukko<\/p>\n<\/li>\n<li data-start=\"1220\" data-end=\"1287\">\n<p data-start=\"1222\" data-end=\"1287\"><strong data-start=\"1222\" data-end=\"1236\">Pakkaus:<\/strong> Esitell\u00e4\u00e4n punaisessa Sacre-lahjapakkauksessa, jossa on hoitokortti.<\/p>\n<\/li>\n<\/ul>\n<hr data-start=\"1289\" data-end=\"1292\" \/>\n<h3 data-start=\"1294\" data-end=\"1320\"><strong data-start=\"1298\" data-end=\"1320\">Tuotteen edut<\/strong><\/h3>\n<ol data-start=\"1321\" data-end=\"1932\">\n<li data-start=\"1321\" data-end=\"1447\">\n<p data-start=\"1324\" data-end=\"1447\"><strong data-start=\"1324\" data-end=\"1355\">Aito makeanveden helmi:<\/strong> Jokainen helmi valitaan k\u00e4sin py\u00f6re\u00e4n muotonsa, sile\u00e4n pintansa ja luonnollisen irisevuutensa vuoksi.<\/p>\n<\/li>\n<li data-start=\"1448\" data-end=\"1594\">\n<p data-start=\"1451\" data-end=\"1594\"><strong data-start=\"1451\" data-end=\"1475\">Symbolinen punainen lanka:<\/strong> Perinteisesti edustaa <strong data-start=\"1503\" data-end=\"1538\">suojelua, onnea ja siunauksia<\/strong>, punainen johto tuo merkityst\u00e4 ja vieh\u00e4tyst\u00e4 mihin tahansa asuun.<\/p>\n<\/li>\n<li data-start=\"1595\" data-end=\"1717\">\n<p data-start=\"1598\" data-end=\"1717\"><strong data-start=\"1598\" data-end=\"1617\">S\u00e4\u00e4dett\u00e4v\u00e4 istuvuus:<\/strong> Liukusolmun muotoilu tarjoaa mukavuutta ja joustavuutta, mik\u00e4 takaa t\u00e4ydellisen istuvuuden jokaiseen ranteeseen.<\/p>\n<\/li>\n<li data-start=\"1718\" data-end=\"1824\">\n<p data-start=\"1721\" data-end=\"1824\"><strong data-start=\"1721\" data-end=\"1747\">Kest\u00e4v\u00e4 k\u00e4sity\u00f6taito:<\/strong> Valmistettu tiukasti kudotusta nailonista, joka parantaa kest\u00e4vyytt\u00e4 ja v\u00e4rin s\u00e4ilymist\u00e4.<\/p>\n<\/li>\n<li data-start=\"1825\" data-end=\"1932\">\n<p data-start=\"1828\" data-end=\"1932\"><strong data-start=\"1828\" data-end=\"1851\">Elegantti minimalismi:<\/strong> Hienovarainen mutta tyylik\u00e4s lis\u00e4varuste, joka sopii sek\u00e4 rentoon ett\u00e4 muodolliseen pukeutumiseen.<\/p>\n<\/li>\n<\/ol>\n<hr data-start=\"1934\" data-end=\"1937\" \/>\n<h3 data-start=\"1939\" data-end=\"1965\"><strong data-start=\"1943\" data-end=\"1965\">Keskeiset myyntipisteet<\/strong><\/h3>\n<ul data-start=\"1966\" data-end=\"2456\">\n<li data-start=\"1966\" data-end=\"2072\">\n<p data-start=\"1968\" data-end=\"2072\">\u2705 <strong data-start=\"1970\" data-end=\"1990\">Merkityksellinen lahja:<\/strong> Ihanteellinen syntym\u00e4p\u00e4iville, vuosip\u00e4iville tai suojelun ja kiintymyksen symboliksi.<\/p>\n<\/li>\n<li data-start=\"2073\" data-end=\"2149\">\n<p data-start=\"2075\" data-end=\"2149\">\u2705 <strong data-start=\"2077\" data-end=\"2095\">Unisex-muotoilu:<\/strong> Yksinkertainen, tyylik\u00e4s ja sopii sek\u00e4 miehille ett\u00e4 naisille.<\/p>\n<\/li>\n<li data-start=\"2150\" data-end=\"2237\">\n<p data-start=\"2152\" data-end=\"2237\">\u2705 <strong data-start=\"2154\" data-end=\"2178\">Ylellinen esittely:<\/strong> Toimitetaan tyylikk\u00e4\u00e4ss\u00e4 Red Sacre -pakkauksessa, valmiina lahjoitettavaksi.<\/p>\n<\/li>\n<li data-start=\"2238\" data-end=\"2321\">\n<p data-start=\"2240\" data-end=\"2321\">\u2705 <strong data-start=\"2242\" data-end=\"2263\">K\u00e4sintehty laatu:<\/strong> Jokainen rannekoru on viimeistelty k\u00e4sin tarkasti ja huolellisesti.<\/p>\n<\/li>\n<li data-start=\"2322\" data-end=\"2456\">\n<p data-start=\"2324\" data-end=\"2456\">\u2705 <strong data-start=\"2326\" data-end=\"2349\">Kulttuurinen symboliikka:<\/strong> Inspiraationa on monissa kulttuureissa esiintyv\u00e4 ajaton punaisen narun perinne, joka edustaa uskoa ja yhteytt\u00e4.<\/p>\n<\/li>\n<\/ul>\n<hr data-start=\"2458\" data-end=\"2461\" \/>\n<h3 data-start=\"2463\" data-end=\"2509\"><strong data-start=\"2467\" data-end=\"2509\">Yksityiskohtainen Independent Store Kuvaus<\/strong><\/h3>\n<p data-start=\"2510\" data-end=\"2788\">Syleile perinteiden ja nykyaikaisuuden tasapainoa, kun k\u00e4yt\u00e4t <a href=\"https:\/\/linktr.ee\/redsacre\"><strong data-start=\"2566\" data-end=\"2616\">Red Sacre makeanveden helmi Red String rannekoru<\/strong><\/a>. Suunniteltu niille, jotka arvostavat hienovaraista ylellisyytt\u00e4 ja merkityksellist\u00e4 symboliikkaa, t\u00e4m\u00e4 rannekoru yhdist\u00e4\u00e4 makeanveden helmen puhtauden punaisen narun lupaavaan energiaan.<\/p>\n<p data-start=\"2790\" data-end=\"3046\">T\u00e4ydellinen pinoamiseen tai yksin k\u00e4ytt\u00e4miseen, se siirtyy vaivattomasti p\u00e4iv\u00e4st\u00e4 iltaan ja tuo tyyliin ripauksen hillitty\u00e4 eleganssia. Jokainen rannekoru ilment\u00e4\u00e4 Red Sacren filosofiaa - <strong data-start=\"2979\" data-end=\"3046\">puhtautta muotoilussa, voimaa merkityksess\u00e4 ja armoa yksinkertaisuudessa.<\/strong><\/p>\n<p data-start=\"3048\" data-end=\"3193\">K\u00e4yt\u00e4 sit\u00e4 muistutuksena rakkaudesta, suojelusta ja sis\u00e4isest\u00e4 rauhasta - tai lahjoita se jollekin erityiselle henkil\u00f6lle hyv\u00e4n onnen ja syd\u00e4mellisen yhteyden eleen\u00e4.<\/p>","protected":false},"excerpt":{"rendered":"<ul data-start=\"936\" data-end=\"1287\">\n<li data-start=\"936\" data-end=\"1002\">\n<p data-start=\"938\" data-end=\"1002\"><strong data-start=\"938\" data-end=\"951\">Materiaali:<\/strong> Premium punainen kudottu johto, luonnon makeanveden helmi<\/p>\n<\/li>\n<li data-start=\"1003\" data-end=\"1030\">\n<p data-start=\"1005\" data-end=\"1030\"><strong data-start=\"1005\" data-end=\"1020\">Helmi koko:<\/strong> 6-6.5mm\/11-12mm<\/p>\n<\/li>\n<li data-start=\"1031\" data-end=\"1107\">\n<p data-start=\"1033\" data-end=\"1107\"><strong data-start=\"1033\" data-end=\"1053\">Rannekorun pituus: 5-8\u201d Kiristysnauha<\/strong><\/p>\n<\/li>\n<li data-start=\"1108\" data-end=\"1175\">\n<p data-start=\"1110\" data-end=\"1175\"><strong data-start=\"1110\" data-end=\"1120\">Vieh\u00e4tysvoima:<\/strong> Tag kaiverrettu \u201cRed Sacre\u201d<\/p>\n<\/li>\n<li data-start=\"1176\" data-end=\"1219\">\n<p data-start=\"1178\" data-end=\"1219\"><strong data-start=\"1178\" data-end=\"1190\">Sulkeminen:<\/strong> K\u00e4sin solmittu liukulukko<\/p>\n<\/li>\n<\/ul>","protected":false},"featured_media":872,"comment_status":"open","ping_status":"closed","template":"","meta":{"site-sidebar-layout":"default","site-content-layout":"","ast-site-content-layout":"default","site-content-style":"default","site-sidebar-style":"default","ast-global-header-display":"","ast-banner-title-visibility":"","ast-main-header-display":"","ast-hfb-above-header-display":"","ast-hfb-below-header-display":"","ast-hfb-mobile-header-display":"","site-post-title":"","ast-breadcrumbs-content":"","ast-featured-img":"","footer-sml-layout":"","theme-transparent-header-meta":"default","adv-header-id-meta":"","stick-header-meta":"","header-above-stick-meta":"","header-main-stick-meta":"","header-below-stick-meta":"","astra-migrate-meta-layouts":"set","ast-page-background-enabled":"default","ast-page-background-meta":{"desktop":{"background-color":"var(--ast-global-color-5)","background-image":"","background-repeat":"repeat","background-position":"center center","background-size":"auto","background-attachment":"scroll","background-type":"","background-media":"","overlay-type":"","overlay-color":"","overlay-opacity":"","overlay-gradient":""},"tablet":{"background-color":"","background-image":"","background-repeat":"repeat","background-position":"center center","background-size":"auto","background-attachment":"scroll","background-type":"","background-media":"","overlay-type":"","overlay-color":"","overlay-opacity":"","overlay-gradient":""},"mobile":{"background-color":"","background-image":"","background-repeat":"repeat","background-position":"center center","background-size":"auto","background-attachment":"scroll","background-type":"","background-media":"","overlay-type":"","overlay-color":"","overlay-opacity":"","overlay-gradient":""}},"ast-content-background-meta":{"desktop":{"background-color":"var(--ast-global-color-4)","background-image":"","background-repeat":"repeat","background-position":"center center","background-size":"auto","background-attachment":"scroll","background-type":"","background-media":"","overlay-type":"","overlay-color":"","overlay-opacity":"","overlay-gradient":""},"tablet":{"background-color":"var(--ast-global-color-4)","background-image":"","background-repeat":"repeat","background-position":"center center","background-size":"auto","background-attachment":"scroll","background-type":"","background-media":"","overlay-type":"","overlay-color":"","overlay-opacity":"","overlay-gradient":""},"mobile":{"background-color":"var(--ast-global-color-4)","background-image":"","background-repeat":"repeat","background-position":"center center","background-size":"auto","background-attachment":"scroll","background-type":"","background-media":"","overlay-type":"","overlay-color":"","overlay-opacity":"","overlay-gradient":""}}},"product_brand":[],"product_cat":[24,45],"product_tag":[44],"class_list":{"0":"post-834","1":"product","2":"type-product","3":"status-publish","4":"has-post-thumbnail","6":"product_cat-bracelet","7":"product_cat-pearl-red-string-collection","8":"product_tag-red-string-fresh-water-pearl-bracelet","9":"wcmi-has-gallery","10":"desktop-align-left","11":"tablet-align-left","12":"mobile-align-left","14":"first","15":"instock","16":"sale","17":"taxable","18":"shipping-taxable","19":"purchasable","20":"product-type-variable"},"aioseo_notices":[],"_links":{"self":[{"href":"https:\/\/redsacre.com\/fi\/wp-json\/wp\/v2\/product\/834","targetHints":{"allow":["GET"]}}],"collection":[{"href":"https:\/\/redsacre.com\/fi\/wp-json\/wp\/v2\/product"}],"about":[{"href":"https:\/\/redsacre.com\/fi\/wp-json\/wp\/v2\/types\/product"}],"replies":[{"embeddable":true,"href":"https:\/\/redsacre.com\/fi\/wp-json\/wp\/v2\/comments?post=834"}],"version-history":[{"count":2,"href":"https:\/\/redsacre.com\/fi\/wp-json\/wp\/v2\/product\/834\/revisions"}],"predecessor-version":[{"id":1262,"href":"https:\/\/redsacre.com\/fi\/wp-json\/wp\/v2\/product\/834\/revisions\/1262"}],"wp:featuredmedia":[{"embeddable":true,"href":"https:\/\/redsacre.com\/fi\/wp-json\/wp\/v2\/media\/872"}],"wp:attachment":[{"href":"https:\/\/redsacre.com\/fi\/wp-json\/wp\/v2\/media?parent=834"}],"wp:term":[{"taxonomy":"product_brand","embeddable":true,"href":"https:\/\/redsacre.com\/fi\/wp-json\/wp\/v2\/product_brand?post=834"},{"taxonomy":"product_cat","embeddable":true,"href":"https:\/\/redsacre.com\/fi\/wp-json\/wp\/v2\/product_cat?post=834"},{"taxonomy":"product_tag","embeddable":true,"href":"https:\/\/redsacre.com\/fi\/wp-json\/wp\/v2\/product_tag?post=834"}],"curies":[{"name":"wp","href":"https:\/\/api.w.org\/{rel}","templated":true}]}}