{"id":373,"date":"2025-10-02T14:06:56","date_gmt":"2025-10-02T14:06:56","guid":{"rendered":"https:\/\/redsacre.com\/?page_id=373"},"modified":"2025-10-02T14:06:56","modified_gmt":"2025-10-02T14:06:56","slug":"refund-policy","status":"publish","type":"page","link":"https:\/\/redsacre.com\/fi\/refund-policy\/","title":{"rendered":"Palautusk\u00e4yt\u00e4nt\u00f6"},"content":{"rendered":"<p>Meill\u00e4 on 30 p\u00e4iv\u00e4n palautusoikeus, mik\u00e4 tarkoittaa, ett\u00e4 sinulla on 30 p\u00e4iv\u00e4\u00e4 aikaa pyyt\u00e4\u00e4 palautusta tuotteen vastaanottamisen j\u00e4lkeen.<\/p>\n\n\n\n<p>Jotta tuote voidaan palauttaa, sen on oltava samassa kunnossa kuin se on vastaanotettu, k\u00e4ytt\u00e4m\u00e4tt\u00f6m\u00e4n\u00e4 tai k\u00e4ytt\u00e4m\u00e4tt\u00f6m\u00e4n\u00e4, tarroineen ja alkuper\u00e4ispakkauksessa. Tarvitset my\u00f6s kuitin tai ostotodistuksen.<\/p>\n\n\n\n<p>Voit aloittaa palautuksen ottamalla meihin yhteytt\u00e4 osoitteessa <strong><a>sales@redsacre.com<\/a><\/strong>.<\/p>\n\n\n\n<p>Jos palautus hyv\u00e4ksyt\u00e4\u00e4n, l\u00e4het\u00e4mme sinulle palautuslipukkeen sek\u00e4 ohjeet siit\u00e4, miten ja minne l\u00e4het\u00e4t pakettisi. Tuotteita, jotka l\u00e4hetet\u00e4\u00e4n meille takaisin ilman palautuspyynt\u00f6\u00e4, ei hyv\u00e4ksyt\u00e4.<\/p>\n\n\n\n<p>Voit aina ottaa meihin yhteytt\u00e4 kaikissa palautusta koskevissa kysymyksiss\u00e4 osoitteessa <strong><a>sales@redsacre.com<\/a><\/strong>.<\/p>\n\n\n\n<hr class=\"wp-block-separator has-alpha-channel-opacity\"\/>\n\n\n\n<h2 class=\"wp-block-heading\">Vahingot ja kysymykset<\/h2>\n\n\n\n<p>Tarkasta tilauksesi vastaanotettuasi ja ota v\u00e4litt\u00f6m\u00e4sti yhteytt\u00e4, jos tuote on viallinen, vahingoittunut tai jos saat v\u00e4\u00e4r\u00e4n tuotteen, jotta voimme arvioida asian ja korjata sen.<\/p>\n\n\n\n<hr class=\"wp-block-separator has-alpha-channel-opacity\"\/>\n\n\n\n<h2 class=\"wp-block-heading\">Poikkeukset \/ ei-palautettavat tuotteet<\/h2>\n\n\n\n<p>Tietyntyyppisi\u00e4 tuotteita ei voi palauttaa, kuten pilaantuvia tuotteita (kuten elintarvikkeita, kukkia tai kasveja), tilaustuotteita (kuten erikoistilauksia tai henkil\u00f6kohtaisia tuotteita) ja henkil\u00f6kohtaisia hoitotuotteita (kuten kauneudenhoitotuotteita). Emme my\u00f6sk\u00e4\u00e4n hyv\u00e4ksy vaarallisten aineiden, syttyvien nesteiden tai kaasujen palautuksia. Mysteerilaatikkotuotteita ei my\u00f6sk\u00e4\u00e4n voi palauttaa, sill\u00e4 yll\u00e4tyksellisyys on osa kokemusta.<\/p>\n\n\n\n<p>Valitettavasti emme voi hyv\u00e4ksy\u00e4 alennustuotteiden tai lahjakorttien palautuksia.<\/p>\n\n\n\n<p>Ota yhteytt\u00e4, jos sinulla on kysymyksi\u00e4 tai huolenaiheita tietyst\u00e4 tuotteesta.<\/p>\n\n\n\n<hr class=\"wp-block-separator has-alpha-channel-opacity\"\/>\n\n\n\n<h2 class=\"wp-block-heading\">Vaihdot<\/h2>\n\n\n\n<p>Nopein tapa varmistaa, ett\u00e4 saat haluamasi tuotteen, on palauttaa se, joka sinulla on, ja kun palautus on hyv\u00e4ksytty, tee uusi tuote erillisell\u00e4 ostokerralla.<\/p>\n\n\n\n<hr class=\"wp-block-separator has-alpha-channel-opacity\"\/>\n\n\n\n<h2 class=\"wp-block-heading\">Euroopan unionin 14 p\u00e4iv\u00e4n j\u00e4\u00e4hdytysaika<\/h2>\n\n\n\n<p>Edell\u00e4 mainitusta huolimatta, jos tavara toimitetaan Euroopan unioniin, sinulla on oikeus peruuttaa tai palauttaa tilauksesi 14 p\u00e4iv\u00e4n kuluessa mist\u00e4 tahansa syyst\u00e4 ja ilman perusteluja. Kuten edell\u00e4, tuotteen on oltava samassa kunnossa kuin sen sait, k\u00e4ytt\u00e4m\u00e4tt\u00f6m\u00e4n\u00e4 tai k\u00e4ytt\u00e4m\u00e4tt\u00f6m\u00e4n\u00e4, tarroilla varustettuna ja alkuper\u00e4ispakkauksessa. Tarvitset my\u00f6s kuitin tai ostotodistuksen.<\/p>\n\n\n\n<hr class=\"wp-block-separator has-alpha-channel-opacity\"\/>\n\n\n\n<h2 class=\"wp-block-heading\">Palautukset<\/h2>\n\n\n\n<p>Ilmoitamme sinulle, kun olemme vastaanottaneet ja tarkastaneet palautuksesi, ja ilmoitamme sinulle, onko palautus hyv\u00e4ksytty vai ei. Jos palautus hyv\u00e4ksyt\u00e4\u00e4n, saat automaattisesti hyvityksen alkuper\u00e4isell\u00e4 maksutavallasi 10 arkip\u00e4iv\u00e4n kuluessa. Muistathan, ett\u00e4 pankkisi tai luottokorttiyhti\u00f6si voi kest\u00e4\u00e4 jonkin aikaa k\u00e4sitell\u00e4 ja l\u00e4hett\u00e4\u00e4 palautuksen.<\/p>\n\n\n\n<p>Jos palautuksen hyv\u00e4ksymisest\u00e4 on kulunut yli 15 arkip\u00e4iv\u00e4\u00e4, ota meihin yhteytt\u00e4 osoitteessa <strong><a>sales@redsacre.com<\/a><\/strong>.<\/p>","protected":false},"excerpt":{"rendered":"<p>We have a 30-day return policy, which means you have 30 days after receiving your item to request a return. To be eligible for a return, your item must be in the same condition that you received it, unworn or unused, with tags, and in its original packaging. You\u2019ll also need the receipt or proof [&hellip;]<\/p>","protected":false},"author":1,"featured_media":0,"parent":0,"menu_order":0,"comment_status":"closed","ping_status":"closed","template":"","meta":{"site-sidebar-layout":"default","site-content-layout":"","ast-site-content-layout":"default","site-content-style":"default","site-sidebar-style":"default","ast-global-header-display":"","ast-banner-title-visibility":"","ast-main-header-display":"","ast-hfb-above-header-display":"","ast-hfb-below-header-display":"","ast-hfb-mobile-header-display":"","site-post-title":"","ast-breadcrumbs-content":"","ast-featured-img":"","footer-sml-layout":"","theme-transparent-header-meta":"","adv-header-id-meta":"","stick-header-meta":"","header-above-stick-meta":"","header-main-stick-meta":"","header-below-stick-meta":"","astra-migrate-meta-layouts":"default","ast-page-background-enabled":"default","ast-page-background-meta":{"desktop":{"background-color":"var(--ast-global-color-5)","background-image":"","background-repeat":"repeat","background-position":"center center","background-size":"auto","background-attachment":"scroll","background-type":"","background-media":"","overlay-type":"","overlay-color":"","overlay-opacity":"","overlay-gradient":""},"tablet":{"background-color":"","background-image":"","background-repeat":"repeat","background-position":"center center","background-size":"auto","background-attachment":"scroll","background-type":"","background-media":"","overlay-type":"","overlay-color":"","overlay-opacity":"","overlay-gradient":""},"mobile":{"background-color":"","background-image":"","background-repeat":"repeat","background-position":"center center","background-size":"auto","background-attachment":"scroll","background-type":"","background-media":"","overlay-type":"","overlay-color":"","overlay-opacity":"","overlay-gradient":""}},"ast-content-background-meta":{"desktop":{"background-color":"var(--ast-global-color-4)","background-image":"","background-repeat":"repeat","background-position":"center center","background-size":"auto","background-attachment":"scroll","background-type":"","background-media":"","overlay-type":"","overlay-color":"","overlay-opacity":"","overlay-gradient":""},"tablet":{"background-color":"var(--ast-global-color-4)","background-image":"","background-repeat":"repeat","background-position":"center center","background-size":"auto","background-attachment":"scroll","background-type":"","background-media":"","overlay-type":"","overlay-color":"","overlay-opacity":"","overlay-gradient":""},"mobile":{"background-color":"var(--ast-global-color-4)","background-image":"","background-repeat":"repeat","background-position":"center center","background-size":"auto","background-attachment":"scroll","background-type":"","background-media":"","overlay-type":"","overlay-color":"","overlay-opacity":"","overlay-gradient":""}},"footnotes":""},"class_list":["post-373","page","type-page","status-publish","hentry"],"aioseo_notices":[],"_links":{"self":[{"href":"https:\/\/redsacre.com\/fi\/wp-json\/wp\/v2\/pages\/373","targetHints":{"allow":["GET"]}}],"collection":[{"href":"https:\/\/redsacre.com\/fi\/wp-json\/wp\/v2\/pages"}],"about":[{"href":"https:\/\/redsacre.com\/fi\/wp-json\/wp\/v2\/types\/page"}],"author":[{"embeddable":true,"href":"https:\/\/redsacre.com\/fi\/wp-json\/wp\/v2\/users\/1"}],"replies":[{"embeddable":true,"href":"https:\/\/redsacre.com\/fi\/wp-json\/wp\/v2\/comments?post=373"}],"version-history":[{"count":1,"href":"https:\/\/redsacre.com\/fi\/wp-json\/wp\/v2\/pages\/373\/revisions"}],"predecessor-version":[{"id":374,"href":"https:\/\/redsacre.com\/fi\/wp-json\/wp\/v2\/pages\/373\/revisions\/374"}],"wp:attachment":[{"href":"https:\/\/redsacre.com\/fi\/wp-json\/wp\/v2\/media?parent=373"}],"curies":[{"name":"wp","href":"https:\/\/api.w.org\/{rel}","templated":true}]}}