{"id":960,"date":"2025-10-22T13:32:42","date_gmt":"2025-10-22T13:32:42","guid":{"rendered":"https:\/\/redsacre.com\/?post_type=product&#038;p=960"},"modified":"2025-11-05T09:22:47","modified_gmt":"2025-11-05T09:22:47","slug":"redsacre-red-string-silver-tree-of-life-bracelet","status":"publish","type":"product","link":"https:\/\/redsacre.com\/et\/product\/redsacre-red-string-silver-tree-of-life-bracelet\/","title":{"rendered":"RedSacre Punane string h\u00f5bedast elupuu k\u00e4ev\u00f5ru"},"content":{"rendered":"<p data-start=\"182\" data-end=\"216\"><strong data-start=\"182\" data-end=\"216\">P\u00fchad juured. L\u00f5pmatu kasv.<\/strong><\/p>\n<h4 data-start=\"218\" data-end=\"246\">\u2728 Toote kirjeldus<\/h4>\n<p data-start=\"247\" data-end=\"618\">The <strong data-start=\"251\" data-end=\"304\">Punane Sacre Punane n\u00f6\u00f6r h\u00f5bedast elupuu k\u00e4ev\u00f5ru<\/strong> on kaitse, j\u00f5u ja \u00fchenduse s\u00fcmbol - iidse tarkuse ja kaasaegse Pariisi disaini ajatu \u00fchendus.<br data-start=\"421\" data-end=\"424\" \/>K\u00e4sitsi valmistatud reguleeritava punase n\u00f6\u00f6riga ja peenelt detailse <strong data-start=\"488\" data-end=\"530\">925 h\u00f5bedast elupuu v\u00f5lu<\/strong>, see k\u00e4ev\u00f5ru kehastab harmooniat, vaimset maandamist ja igavest uuendustegevuse ts\u00fcklit.<\/p>\n<p data-start=\"620\" data-end=\"978\">Paljudes kultuurides on <strong data-start=\"642\" data-end=\"656\">punane n\u00f6\u00f6r<\/strong> esindab kaitset negatiivsuse, armastuse ja hea \u00f5nne eest, samas kui <strong data-start=\"733\" data-end=\"749\">Elupuu<\/strong> t\u00e4histab s\u00fcgavaid juuri, kasvu ja k\u00f5igi elusolendite omavahelist seotust. Koos moodustavad nad v\u00f5imsa tasakaalu ja eluj\u00f5u talismani - igap\u00e4evane meeldetuletus, et teid toetab n\u00e4htamatu j\u00f5ud ja l\u00f5putud v\u00f5imalused.<\/p>\n<hr data-start=\"980\" data-end=\"983\" \/>\n<h4 data-start=\"985\" data-end=\"1007\">\ud83c\udf3f Peamised omadused<\/h4>\n<ul data-start=\"1008\" data-end=\"1476\">\n<li data-start=\"1092\" data-end=\"1148\">\n<p data-start=\"1094\" data-end=\"1148\"><strong data-start=\"1094\" data-end=\"1109\">Charmi suurus:<\/strong> Umbes 12mm l\u00e4bim\u00f5\u00f5t (Tree of Life)<\/p>\n<\/li>\n<li data-start=\"1230\" data-end=\"1303\">\n<p data-start=\"1232\" data-end=\"1303\"><strong data-start=\"1232\" data-end=\"1250\">Stringi pikkus:<\/strong> Reguleeritav, et sobida enamikule randme suurustele (unisex disain).<\/p>\n<\/li>\n<li data-start=\"1304\" data-end=\"1337\">\n<p data-start=\"1306\" data-end=\"1337\"><strong data-start=\"1306\" data-end=\"1316\">V\u00e4rv:<\/strong> Klassikaline p\u00fcha punane<\/p>\n<\/li>\n<li data-start=\"1338\" data-end=\"1394\">\n<p data-start=\"1340\" data-end=\"1394\"><strong data-start=\"1340\" data-end=\"1351\">L\u00f5peta:<\/strong> K\u00e4sitsi poleeritud h\u00f5bedast, millel on peened detailid<\/p>\n<\/li>\n<li data-start=\"1395\" data-end=\"1476\">\n<p data-start=\"1397\" data-end=\"1476\"><strong data-start=\"1397\" data-end=\"1411\">Pakend:<\/strong> Saadaval Red Sacre'i allkirjastatud kinkekarbis.<\/p>\n<\/li>\n<\/ul>\n<hr data-start=\"1478\" data-end=\"1481\" \/>\n<h4 data-start=\"1483\" data-end=\"1512\">\ud83d\udcab S\u00fcmboolika ja t\u00e4hendus<\/h4>\n<ul data-start=\"1513\" data-end=\"1716\">\n<li data-start=\"1513\" data-end=\"1599\">\n<p data-start=\"1515\" data-end=\"1599\"><strong data-start=\"1515\" data-end=\"1531\">Elupuu<\/strong> - Kasv, maandumine, igavene tugevus ja \u00fchendus kogu eluga.<\/p>\n<\/li>\n<li data-start=\"1600\" data-end=\"1656\">\n<p data-start=\"1602\" data-end=\"1656\"><strong data-start=\"1602\" data-end=\"1616\">Punane string<\/strong> - Kaitse, \u00f5nn, julgus ja armastus<\/p>\n<\/li>\n<li data-start=\"1657\" data-end=\"1716\">\n<p data-start=\"1659\" data-end=\"1716\"><strong data-start=\"1659\" data-end=\"1669\">Silver<\/strong> - Selgus, j\u00e4relem\u00f5tlemine ja emotsionaalne tasakaal<\/p>\n<\/li>\n<\/ul>\n<p data-start=\"1718\" data-end=\"1890\">Selle k\u00e4ev\u00f5ru kandmine kutsub stabiilsust, j\u00f5ukust ja vaimset kaitset teie igap\u00e4evasele teekonnale. See on midagi enamat kui aksessuaar - see on eesm\u00e4rgip\u00e4rane ja energiline amulett.<\/p>\n<hr data-start=\"1892\" data-end=\"1895\" \/>\n<h4 data-start=\"1897\" data-end=\"1918\">\ud83c\udf81 T\u00e4iuslik<\/h4>\n<ul data-start=\"1919\" data-end=\"2135\">\n<li data-start=\"1919\" data-end=\"1997\">\n<p data-start=\"1921\" data-end=\"1997\">T\u00e4hendusrikas <strong data-start=\"1934\" data-end=\"1957\">kingitus l\u00e4hedastele<\/strong> positiivsuse ja uue alguse otsimine<\/p>\n<\/li>\n<li data-start=\"1998\" data-end=\"2062\">\n<p data-start=\"2000\" data-end=\"2062\">Isiklik <strong data-start=\"2011\" data-end=\"2029\">igap\u00e4evane talisman<\/strong> kaitseks ja sisemiseks rahuks<\/p>\n<\/li>\n<li data-start=\"2063\" data-end=\"2135\">\n<p data-start=\"2065\" data-end=\"2135\">Paaritamine teiste Red Sacre k\u00e4ev\u00f5rudega mitmekihilise vaimse stiili jaoks.<\/p>\n<\/li>\n<\/ul>\n<hr data-start=\"2137\" data-end=\"2140\" \/>\n<h4 data-start=\"2142\" data-end=\"2169\">\ud83e\uddff Hooldusjuhised<\/h4>\n<p data-start=\"2170\" data-end=\"2216\">S\u00e4ilitada oma k\u00e4ev\u00f5ru s\u00e4ra:<\/p>\n<ul data-start=\"2217\" data-end=\"2363\">\n<li data-start=\"2217\" data-end=\"2276\">\n<p data-start=\"2219\" data-end=\"2276\">V\u00e4ltige kokkupuudet parf\u00fc\u00fcmide, kreemide v\u00f5i karmide kemikaalidega.<\/p>\n<\/li>\n<li data-start=\"2277\" data-end=\"2315\">\n<p data-start=\"2279\" data-end=\"2315\">Eemaldage enne ujumist v\u00f5i ujumist.<\/p>\n<\/li>\n<li data-start=\"2316\" data-end=\"2363\">\n<p data-start=\"2318\" data-end=\"2363\">S\u00e4ilitage kuivas, pehmes kotis, kui seda ei kasutata.<\/p>\n<\/li>\n<\/ul>\n<hr data-start=\"2365\" data-end=\"2368\" \/>\n<h4 data-start=\"2370\" data-end=\"2391\">\ud83c\udf0d Br\u00e4ndi lugu<\/h4>\n<p data-start=\"2392\" data-end=\"2642\"><strong data-start=\"2392\" data-end=\"2405\">Punane Sacre<\/strong> segud <strong data-start=\"2413\" data-end=\"2444\">Ida vaimne traditsioon<\/strong> koos <strong data-start=\"2450\" data-end=\"2478\">Prantsuse minimalistlik disain<\/strong>, luues s\u00fcmboolseid ehteid, mis k\u00f5netavad nii s\u00fcdant kui ka hinge.<br data-start=\"2541\" data-end=\"2544\" \/>Iga t\u00fckk on meeldetuletus: <em data-start=\"2571\" data-end=\"2640\">Kaitse ja ilu v\u00f5ivad koos eksisteerida. See, mida te kannate, v\u00f5ib kanda t\u00e4hendust.<\/em><\/p>","protected":false},"excerpt":{"rendered":"<ul data-start=\"1008\" data-end=\"1476\">\n<li data-start=\"1092\" data-end=\"1148\">\n<p data-start=\"1094\" data-end=\"1148\"><strong data-start=\"1094\" data-end=\"1109\">Charmi suurus:<\/strong> Umbes 12mm l\u00e4bim\u00f5\u00f5t (Tree of Life)<\/p>\n<\/li>\n<li data-start=\"1230\" data-end=\"1303\">\n<p data-start=\"1232\" data-end=\"1303\"><strong data-start=\"1232\" data-end=\"1250\">Stringi pikkus:<\/strong> Reguleeritav, et sobida enamikule randme suurustele (unisex disain).<\/p>\n<\/li>\n<li data-start=\"1304\" data-end=\"1337\">\n<p data-start=\"1306\" data-end=\"1337\"><strong data-start=\"1306\" data-end=\"1316\">V\u00e4rv:<\/strong> Klassikaline p\u00fcha punane<\/p>\n<\/li>\n<li data-start=\"1338\" data-end=\"1394\">\n<p data-start=\"1340\" data-end=\"1394\"><strong data-start=\"1340\" data-end=\"1351\">L\u00f5peta:<\/strong> K\u00e4sitsi poleeritud h\u00f5bedast, millel on peened detailid<\/p>\n<\/li>\n<li data-start=\"1395\" data-end=\"1476\">\n<p data-start=\"1397\" data-end=\"1476\"><strong data-start=\"1397\" data-end=\"1411\">Pakend:<\/strong> Saadaval Red Sacre'i allkirjastatud kinkekarbis.<\/p>\n<\/li>\n<\/ul>","protected":false},"featured_media":914,"comment_status":"open","ping_status":"closed","template":"","meta":{"site-sidebar-layout":"default","site-content-layout":"","ast-site-content-layout":"default","site-content-style":"default","site-sidebar-style":"default","ast-global-header-display":"","ast-banner-title-visibility":"","ast-main-header-display":"","ast-hfb-above-header-display":"","ast-hfb-below-header-display":"","ast-hfb-mobile-header-display":"","site-post-title":"","ast-breadcrumbs-content":"","ast-featured-img":"","footer-sml-layout":"","theme-transparent-header-meta":"default","adv-header-id-meta":"","stick-header-meta":"","header-above-stick-meta":"","header-main-stick-meta":"","header-below-stick-meta":"","astra-migrate-meta-layouts":"set","ast-page-background-enabled":"default","ast-page-background-meta":{"desktop":{"background-color":"var(--ast-global-color-5)","background-image":"","background-repeat":"repeat","background-position":"center center","background-size":"auto","background-attachment":"scroll","background-type":"","background-media":"","overlay-type":"","overlay-color":"","overlay-opacity":"","overlay-gradient":""},"tablet":{"background-color":"","background-image":"","background-repeat":"repeat","background-position":"center center","background-size":"auto","background-attachment":"scroll","background-type":"","background-media":"","overlay-type":"","overlay-color":"","overlay-opacity":"","overlay-gradient":""},"mobile":{"background-color":"","background-image":"","background-repeat":"repeat","background-position":"center center","background-size":"auto","background-attachment":"scroll","background-type":"","background-media":"","overlay-type":"","overlay-color":"","overlay-opacity":"","overlay-gradient":""}},"ast-content-background-meta":{"desktop":{"background-color":"var(--ast-global-color-4)","background-image":"","background-repeat":"repeat","background-position":"center center","background-size":"auto","background-attachment":"scroll","background-type":"","background-media":"","overlay-type":"","overlay-color":"","overlay-opacity":"","overlay-gradient":""},"tablet":{"background-color":"var(--ast-global-color-4)","background-image":"","background-repeat":"repeat","background-position":"center center","background-size":"auto","background-attachment":"scroll","background-type":"","background-media":"","overlay-type":"","overlay-color":"","overlay-opacity":"","overlay-gradient":""},"mobile":{"background-color":"var(--ast-global-color-4)","background-image":"","background-repeat":"repeat","background-position":"center center","background-size":"auto","background-attachment":"scroll","background-type":"","background-media":"","overlay-type":"","overlay-color":"","overlay-opacity":"","overlay-gradient":""}}},"product_brand":[],"product_cat":[24],"product_tag":[],"class_list":{"0":"post-960","1":"product","2":"type-product","3":"status-publish","4":"has-post-thumbnail","6":"product_cat-bracelet","7":"wcmi-has-gallery","8":"desktop-align-left","9":"tablet-align-left","10":"mobile-align-left","12":"first","13":"instock","14":"sale","15":"featured","16":"taxable","17":"shipping-taxable","18":"purchasable","19":"product-type-simple"},"aioseo_notices":[],"_links":{"self":[{"href":"https:\/\/redsacre.com\/et\/wp-json\/wp\/v2\/product\/960","targetHints":{"allow":["GET"]}}],"collection":[{"href":"https:\/\/redsacre.com\/et\/wp-json\/wp\/v2\/product"}],"about":[{"href":"https:\/\/redsacre.com\/et\/wp-json\/wp\/v2\/types\/product"}],"replies":[{"embeddable":true,"href":"https:\/\/redsacre.com\/et\/wp-json\/wp\/v2\/comments?post=960"}],"version-history":[{"count":0,"href":"https:\/\/redsacre.com\/et\/wp-json\/wp\/v2\/product\/960\/revisions"}],"wp:featuredmedia":[{"embeddable":true,"href":"https:\/\/redsacre.com\/et\/wp-json\/wp\/v2\/media\/914"}],"wp:attachment":[{"href":"https:\/\/redsacre.com\/et\/wp-json\/wp\/v2\/media?parent=960"}],"wp:term":[{"taxonomy":"product_brand","embeddable":true,"href":"https:\/\/redsacre.com\/et\/wp-json\/wp\/v2\/product_brand?post=960"},{"taxonomy":"product_cat","embeddable":true,"href":"https:\/\/redsacre.com\/et\/wp-json\/wp\/v2\/product_cat?post=960"},{"taxonomy":"product_tag","embeddable":true,"href":"https:\/\/redsacre.com\/et\/wp-json\/wp\/v2\/product_tag?post=960"}],"curies":[{"name":"wp","href":"https:\/\/api.w.org\/{rel}","templated":true}]}}