{"id":834,"date":"2025-10-19T11:16:18","date_gmt":"2025-10-19T11:16:18","guid":{"rendered":"https:\/\/redsacre.com\/?post_type=product&#038;p=834"},"modified":"2025-11-21T03:08:22","modified_gmt":"2025-11-21T03:08:22","slug":"red-sacre-red-string-pearl-bracelet","status":"publish","type":"product","link":"https:\/\/redsacre.com\/et\/product\/red-sacre-red-string-pearl-bracelet\/","title":{"rendered":"Red Sacre Punane n\u00f6\u00f6r Fresh-Water p\u00e4rl k\u00e4ev\u00f5ru"},"content":{"rendered":"<p data-start=\"295\" data-end=\"732\">The <a href=\"https:\/\/redsacre.com\/et\/product\/red-sacre-red-string-pearl-bracelet\/\"><strong data-start=\"299\" data-end=\"349\">Punane Sacre mageveep\u00e4rli punane string k\u00e4ev\u00f5ru<\/strong><\/a> on rafineeritud segu minimalismist, s\u00fcmboolikast ja ajatust k\u00e4sit\u00f6\u00f6st. See on hoolikalt k\u00e4sitsi kootud k\u00f5rgekvaliteedilisest punasest nailonpaelast ja seda r\u00f5hutab \u00fcks silmus. <strong data-start=\"497\" data-end=\"533\">6-6.5mm\/11-12mm looduslik magevee p\u00e4rl<\/strong>, mis kiirgab pehmet l\u00e4iget ja elegantsi. \u00d5rn kullast toonist v\u00f5lu, millele on graveeritud <strong data-start=\"612\" data-end=\"627\">\u201cRed Sacre\u201d<\/strong> lisab viimistletud viimistluse, samal ajal kui reguleeritav s\u00f5lme tagab mugava ja universaalse sobivuse.<\/p>\n<p data-start=\"734\" data-end=\"911\">Iga k\u00e4ev\u00f5ru on hoolikalt valmistatud, et s\u00fcmboliseerida <strong data-start=\"782\" data-end=\"820\">kaitset, armastust ja \u00f5nne<\/strong>, mis muudab selle rohkemaks kui lihtsalt ehteks - see on isiklik talisman igap\u00e4evaseks kandmiseks.<\/p>\n<h3 data-start=\"913\" data-end=\"935\"><strong data-start=\"917\" data-end=\"935\">Spetsifikatsioonid<\/strong><\/h3>\n<ul data-start=\"936\" data-end=\"1287\">\n<li data-start=\"936\" data-end=\"1002\">\n<p data-start=\"938\" data-end=\"1002\"><strong data-start=\"938\" data-end=\"951\">Materjal:<\/strong> Premium punane kootud n\u00f6\u00f6r, looduslik magevee p\u00e4rl<\/p>\n<\/li>\n<li data-start=\"1003\" data-end=\"1030\">\n<p data-start=\"1005\" data-end=\"1030\"><strong data-start=\"1005\" data-end=\"1020\">Helme suurus:<\/strong> 6-6.5mm\/11-12mm<\/p>\n<\/li>\n<li data-start=\"1031\" data-end=\"1107\">\n<p data-start=\"1033\" data-end=\"1107\"><strong data-start=\"1033\" data-end=\"1053\">K\u00e4ev\u00f5ru pikkus: 5-8\u201d pingutuspaelaga<\/strong><\/p>\n<\/li>\n<li data-start=\"1108\" data-end=\"1175\">\n<p data-start=\"1110\" data-end=\"1175\"><strong data-start=\"1110\" data-end=\"1120\">V\u00f5lu:<\/strong> Silt, millele on graveeritud \u201cRed Sacre\u201d<\/p>\n<\/li>\n<li data-start=\"1176\" data-end=\"1219\">\n<p data-start=\"1178\" data-end=\"1219\"><strong data-start=\"1178\" data-end=\"1190\">Sulgemine:<\/strong> K\u00e4sitsi kootud libisev klamber<\/p>\n<\/li>\n<li data-start=\"1220\" data-end=\"1287\">\n<p data-start=\"1222\" data-end=\"1287\"><strong data-start=\"1222\" data-end=\"1236\">Pakend:<\/strong> Esitatud punases Sacre kinkekarbis koos hoolduskavaga.<\/p>\n<\/li>\n<\/ul>\n<hr data-start=\"1289\" data-end=\"1292\" \/>\n<h3 data-start=\"1294\" data-end=\"1320\"><strong data-start=\"1298\" data-end=\"1320\">Toote eelised<\/strong><\/h3>\n<ol data-start=\"1321\" data-end=\"1932\">\n<li data-start=\"1321\" data-end=\"1447\">\n<p data-start=\"1324\" data-end=\"1447\"><strong data-start=\"1324\" data-end=\"1355\">Ehtne mageveep\u00e4rl:<\/strong> Iga p\u00e4rl on k\u00e4sitsi valitud oma \u00fcmmarguse kuju, sileda pinna ja loomuliku irisatsiooni poolest.<\/p>\n<\/li>\n<li data-start=\"1448\" data-end=\"1594\">\n<p data-start=\"1451\" data-end=\"1594\"><strong data-start=\"1451\" data-end=\"1475\">S\u00fcmboolne punane niit:<\/strong> Traditsiooniliselt esindab <strong data-start=\"1503\" data-end=\"1538\">kaitset, \u00f5nne ja \u00f5nnistust<\/strong>, punane n\u00f6\u00f6r toob t\u00e4hendust ja v\u00f5lu igale riietusele.<\/p>\n<\/li>\n<li data-start=\"1595\" data-end=\"1717\">\n<p data-start=\"1598\" data-end=\"1717\"><strong data-start=\"1598\" data-end=\"1617\">Reguleeritav sobivus:<\/strong> Libisev s\u00f5lme disain pakub mugavust ja paindlikkust, tagades t\u00e4iusliku sobivuse igale randmele.<\/p>\n<\/li>\n<li data-start=\"1718\" data-end=\"1824\">\n<p data-start=\"1721\" data-end=\"1824\"><strong data-start=\"1721\" data-end=\"1747\">Vastupidav k\u00e4sit\u00f6\u00f6:<\/strong> Valmistatud tihedalt kootud nailonist, mis tagab parema vastupidavuse ja v\u00e4rvi s\u00e4ilimise.<\/p>\n<\/li>\n<li data-start=\"1825\" data-end=\"1932\">\n<p data-start=\"1828\" data-end=\"1932\"><strong data-start=\"1828\" data-end=\"1851\">Elegantne minimalism:<\/strong> Peenike, kuid elegantne aksessuaar, mis sobib nii vabaaja- kui ka ametlikule riietusele.<\/p>\n<\/li>\n<\/ol>\n<hr data-start=\"1934\" data-end=\"1937\" \/>\n<h3 data-start=\"1939\" data-end=\"1965\"><strong data-start=\"1943\" data-end=\"1965\">Peamised m\u00fc\u00fcgipunktid<\/strong><\/h3>\n<ul data-start=\"1966\" data-end=\"2456\">\n<li data-start=\"1966\" data-end=\"2072\">\n<p data-start=\"1968\" data-end=\"2072\">\u2705 <strong data-start=\"1970\" data-end=\"1990\">T\u00e4hendusrikas kingitus:<\/strong> Ideaalne s\u00fcnnip\u00e4evadeks, t\u00e4htp\u00e4evadeks v\u00f5i kaitse ja kiindumuse s\u00fcmboliks.<\/p>\n<\/li>\n<li data-start=\"2073\" data-end=\"2149\">\n<p data-start=\"2075\" data-end=\"2149\">\u2705 <strong data-start=\"2077\" data-end=\"2095\">Unisex disain:<\/strong> Lihtne, elegantne ja sobib nii meestele kui ka naistele.<\/p>\n<\/li>\n<li data-start=\"2150\" data-end=\"2237\">\n<p data-start=\"2152\" data-end=\"2237\">\u2705 <strong data-start=\"2154\" data-end=\"2178\">Luksuslik esitlus:<\/strong> Saadaval elegantses Red Sacre pakendis, valmis kinkimiseks.<\/p>\n<\/li>\n<li data-start=\"2238\" data-end=\"2321\">\n<p data-start=\"2240\" data-end=\"2321\">\u2705 <strong data-start=\"2242\" data-end=\"2263\">K\u00e4sitsi valmistatud kvaliteet:<\/strong> Iga k\u00e4ev\u00f5ru on k\u00e4sitsi viimistletud t\u00e4pselt ja hoolikalt.<\/p>\n<\/li>\n<li data-start=\"2322\" data-end=\"2456\">\n<p data-start=\"2324\" data-end=\"2456\">\u2705 <strong data-start=\"2326\" data-end=\"2349\">Kultuuris\u00fcmboolika:<\/strong> Inspiratsiooniks on paljudes kultuurides esinev aegumatu punane n\u00f6\u00f6r, mis esindab usku ja sidet.<\/p>\n<\/li>\n<\/ul>\n<hr data-start=\"2458\" data-end=\"2461\" \/>\n<h3 data-start=\"2463\" data-end=\"2509\"><strong data-start=\"2467\" data-end=\"2509\">\u00dcksikasjalik s\u00f5ltumatu kaupluse kirjeldus<\/strong><\/h3>\n<p data-start=\"2510\" data-end=\"2788\">V\u00f5tke omaks traditsioonide ja modernsuse tasakaal koos <a href=\"https:\/\/linktr.ee\/redsacre\"><strong data-start=\"2566\" data-end=\"2616\">Punane Sacre mageveep\u00e4rli punane string k\u00e4ev\u00f5ru<\/strong><\/a>. See k\u00e4ev\u00f5ru on m\u00f5eldud neile, kes hindavad peent luksust ja t\u00e4henduslikku s\u00fcmboolikat, ning selles on \u00fchendatud mageveep\u00e4rli puhtus ja punase paela soodne energia.<\/p>\n<p data-start=\"2790\" data-end=\"3046\">See sobib ideaalselt virnastamiseks v\u00f5i \u00fcksi kandmiseks, nii et seda saab vaevata kanda p\u00e4evast \u00f5htusse, lisades oma stiilile tagasihoidlikku elegantsust. Iga k\u00e4ev\u00f5ru kehastab Red Sacre'i filosoofiat - <strong data-start=\"2979\" data-end=\"3046\">puhtus disainis, tugevus t\u00e4henduses ja graatsia lihtsuses.<\/strong><\/p>\n<p data-start=\"3048\" data-end=\"3193\">Kanna seda armastuse, kaitse ja sisemise rahu meeldetuletusena - v\u00f5i kinkige see kellelegi erilisele inimesele \u00f5nne ja s\u00fcdamliku seotuse \u017eestina.<\/p>","protected":false},"excerpt":{"rendered":"<ul data-start=\"936\" data-end=\"1287\">\n<li data-start=\"936\" data-end=\"1002\">\n<p data-start=\"938\" data-end=\"1002\"><strong data-start=\"938\" data-end=\"951\">Materjal:<\/strong> Premium punane kootud n\u00f6\u00f6r, looduslik magevee p\u00e4rl<\/p>\n<\/li>\n<li data-start=\"1003\" data-end=\"1030\">\n<p data-start=\"1005\" data-end=\"1030\"><strong data-start=\"1005\" data-end=\"1020\">Helme suurus:<\/strong> 6-6.5mm\/11-12mm<\/p>\n<\/li>\n<li data-start=\"1031\" data-end=\"1107\">\n<p data-start=\"1033\" data-end=\"1107\"><strong data-start=\"1033\" data-end=\"1053\">K\u00e4ev\u00f5ru pikkus: 5-8\u201d pingutuspaelaga<\/strong><\/p>\n<\/li>\n<li data-start=\"1108\" data-end=\"1175\">\n<p data-start=\"1110\" data-end=\"1175\"><strong data-start=\"1110\" data-end=\"1120\">V\u00f5lu:<\/strong> Silt, millele on graveeritud \u201cRed Sacre\u201d<\/p>\n<\/li>\n<li data-start=\"1176\" data-end=\"1219\">\n<p data-start=\"1178\" data-end=\"1219\"><strong data-start=\"1178\" data-end=\"1190\">Sulgemine:<\/strong> K\u00e4sitsi kootud libisev klamber<\/p>\n<\/li>\n<\/ul>","protected":false},"featured_media":872,"comment_status":"open","ping_status":"closed","template":"","meta":{"site-sidebar-layout":"default","site-content-layout":"","ast-site-content-layout":"default","site-content-style":"default","site-sidebar-style":"default","ast-global-header-display":"","ast-banner-title-visibility":"","ast-main-header-display":"","ast-hfb-above-header-display":"","ast-hfb-below-header-display":"","ast-hfb-mobile-header-display":"","site-post-title":"","ast-breadcrumbs-content":"","ast-featured-img":"","footer-sml-layout":"","theme-transparent-header-meta":"default","adv-header-id-meta":"","stick-header-meta":"","header-above-stick-meta":"","header-main-stick-meta":"","header-below-stick-meta":"","astra-migrate-meta-layouts":"set","ast-page-background-enabled":"default","ast-page-background-meta":{"desktop":{"background-color":"var(--ast-global-color-5)","background-image":"","background-repeat":"repeat","background-position":"center center","background-size":"auto","background-attachment":"scroll","background-type":"","background-media":"","overlay-type":"","overlay-color":"","overlay-opacity":"","overlay-gradient":""},"tablet":{"background-color":"","background-image":"","background-repeat":"repeat","background-position":"center center","background-size":"auto","background-attachment":"scroll","background-type":"","background-media":"","overlay-type":"","overlay-color":"","overlay-opacity":"","overlay-gradient":""},"mobile":{"background-color":"","background-image":"","background-repeat":"repeat","background-position":"center center","background-size":"auto","background-attachment":"scroll","background-type":"","background-media":"","overlay-type":"","overlay-color":"","overlay-opacity":"","overlay-gradient":""}},"ast-content-background-meta":{"desktop":{"background-color":"var(--ast-global-color-4)","background-image":"","background-repeat":"repeat","background-position":"center center","background-size":"auto","background-attachment":"scroll","background-type":"","background-media":"","overlay-type":"","overlay-color":"","overlay-opacity":"","overlay-gradient":""},"tablet":{"background-color":"var(--ast-global-color-4)","background-image":"","background-repeat":"repeat","background-position":"center center","background-size":"auto","background-attachment":"scroll","background-type":"","background-media":"","overlay-type":"","overlay-color":"","overlay-opacity":"","overlay-gradient":""},"mobile":{"background-color":"var(--ast-global-color-4)","background-image":"","background-repeat":"repeat","background-position":"center center","background-size":"auto","background-attachment":"scroll","background-type":"","background-media":"","overlay-type":"","overlay-color":"","overlay-opacity":"","overlay-gradient":""}}},"product_brand":[],"product_cat":[24,45],"product_tag":[44],"class_list":{"0":"post-834","1":"product","2":"type-product","3":"status-publish","4":"has-post-thumbnail","6":"product_cat-bracelet","7":"product_cat-pearl-red-string-collection","8":"product_tag-red-string-fresh-water-pearl-bracelet","9":"wcmi-has-gallery","10":"desktop-align-left","11":"tablet-align-left","12":"mobile-align-left","14":"first","15":"instock","16":"sale","17":"taxable","18":"shipping-taxable","19":"purchasable","20":"product-type-variable"},"aioseo_notices":[],"_links":{"self":[{"href":"https:\/\/redsacre.com\/et\/wp-json\/wp\/v2\/product\/834","targetHints":{"allow":["GET"]}}],"collection":[{"href":"https:\/\/redsacre.com\/et\/wp-json\/wp\/v2\/product"}],"about":[{"href":"https:\/\/redsacre.com\/et\/wp-json\/wp\/v2\/types\/product"}],"replies":[{"embeddable":true,"href":"https:\/\/redsacre.com\/et\/wp-json\/wp\/v2\/comments?post=834"}],"version-history":[{"count":2,"href":"https:\/\/redsacre.com\/et\/wp-json\/wp\/v2\/product\/834\/revisions"}],"predecessor-version":[{"id":1262,"href":"https:\/\/redsacre.com\/et\/wp-json\/wp\/v2\/product\/834\/revisions\/1262"}],"wp:featuredmedia":[{"embeddable":true,"href":"https:\/\/redsacre.com\/et\/wp-json\/wp\/v2\/media\/872"}],"wp:attachment":[{"href":"https:\/\/redsacre.com\/et\/wp-json\/wp\/v2\/media?parent=834"}],"wp:term":[{"taxonomy":"product_brand","embeddable":true,"href":"https:\/\/redsacre.com\/et\/wp-json\/wp\/v2\/product_brand?post=834"},{"taxonomy":"product_cat","embeddable":true,"href":"https:\/\/redsacre.com\/et\/wp-json\/wp\/v2\/product_cat?post=834"},{"taxonomy":"product_tag","embeddable":true,"href":"https:\/\/redsacre.com\/et\/wp-json\/wp\/v2\/product_tag?post=834"}],"curies":[{"name":"wp","href":"https:\/\/api.w.org\/{rel}","templated":true}]}}