{"id":458,"date":"2025-10-09T01:51:21","date_gmt":"2025-10-09T01:51:21","guid":{"rendered":"https:\/\/redsacre.com\/?post_type=product&#038;p=458"},"modified":"2025-10-29T06:23:01","modified_gmt":"2025-10-29T06:23:01","slug":"red-sacre-red-string-bracelet","status":"publish","type":"product","link":"https:\/\/redsacre.com\/et\/product\/red-sacre-red-string-bracelet\/","title":{"rendered":"Punane Sacre Punane n\u00f6\u00f6riga k\u00e4ev\u00f5ru"},"content":{"rendered":"<p data-start=\"267\" data-end=\"550\">Inspireerituna ajatust saatuse ja jumaliku kaitse s\u00fcmbolist, on see aegumatu <strong data-start=\"337\" data-end=\"370\">Punane Sacre Punane n\u00f6\u00f6riga k\u00e4ev\u00f5ru<\/strong> tabab armastuse, usu ja \u00fchenduse olemust. Iga k\u00e4ev\u00f5ru, mis on valmistatud k\u00e4sitsi, t\u00e4psusega ja tahtlikult, p\u00f5imib traditsioonilise s\u00fcmboolika ja kaasaegse Pariisi elegantsi.<\/p>\n<p data-start=\"552\" data-end=\"798\">Punane niit on juba ammu usutud, et see toob \u00f5nne, hoiab \u00e4ra negatiivsuse ja \u00fchendab kohtumiseks m\u00e4\u00e4ratud hinged. Red Sacre'i kollektsioonis on see p\u00fcha niit t\u00f5stetud kantavaks kunstiteoseks - minimalistlikuks, kuid t\u00e4henduslikuks, \u00f5rnaks, kuid v\u00f5imsaks.<\/p>\n<p data-start=\"800\" data-end=\"953\">\u00dcksinda v\u00f5i koos teiste esemetega kandes on k\u00e4ev\u00f5ru igap\u00e4evane meeldetuletus lootusest, julgusest ja n\u00e4htamatutest sidemetest, mis meid k\u00f5iki \u00fchendavad.<\/p>\n<p data-start=\"955\" data-end=\"971\">\u2728 <strong data-start=\"957\" data-end=\"969\">\u00dcksikasjad:<\/strong><\/p>\n<ul data-start=\"972\" data-end=\"1195\">\n<li data-start=\"972\" data-end=\"1032\">\n<p data-start=\"974\" data-end=\"1032\">K\u00e4sitsi kootud punane siidist n\u00f6\u00f6r, mis s\u00fcmboliseerib armastust ja kaitset.<\/p>\n<\/li>\n<li data-start=\"1033\" data-end=\"1071\">\n<p data-start=\"1035\" data-end=\"1071\">Reguleeritav sobivus k\u00f5ikidele randme suurustele<\/p>\n<\/li>\n<li data-start=\"1138\" data-end=\"1195\">\n<p data-start=\"1140\" data-end=\"1195\">Unisex disain - ideaalne kinkimiseks ja \u00f5nnistuste jagamiseks<\/p>\n<\/li>\n<\/ul>\n<p data-start=\"1197\" data-end=\"1338\">Iga <strong data-start=\"1202\" data-end=\"1224\">Punane Sacre k\u00e4ev\u00f5ru<\/strong> on midagi enamat kui lihtsalt aksessuaar - see on teie reisi, armastuse ja teie p\u00fcha \u00fchenduse s\u00fcmbol universumiga.<\/p>","protected":false},"excerpt":{"rendered":"<ul>\n<li data-start=\"974\" data-end=\"1032\">K\u00e4sitsi kootud punane siidist n\u00f6\u00f6r, mis s\u00fcmboliseerib armastust ja kaitset.<\/li>\n<li><strong data-start=\"1033\" data-end=\"1053\">K\u00e4ev\u00f5ru pikkus: 5-8\u201d pingutuspaelaga<\/strong><\/li>\n<li>Unisex disain - ideaalne kinkimiseks ja \u00f5nnistuste jagamiseks<\/li>\n<\/ul>","protected":false},"featured_media":917,"comment_status":"open","ping_status":"closed","template":"","meta":{"site-sidebar-layout":"default","site-content-layout":"","ast-site-content-layout":"default","site-content-style":"default","site-sidebar-style":"default","ast-global-header-display":"","ast-banner-title-visibility":"","ast-main-header-display":"","ast-hfb-above-header-display":"","ast-hfb-below-header-display":"","ast-hfb-mobile-header-display":"","site-post-title":"","ast-breadcrumbs-content":"","ast-featured-img":"","footer-sml-layout":"","theme-transparent-header-meta":"default","adv-header-id-meta":"","stick-header-meta":"","header-above-stick-meta":"","header-main-stick-meta":"","header-below-stick-meta":"","astra-migrate-meta-layouts":"set","ast-page-background-enabled":"default","ast-page-background-meta":{"desktop":{"background-color":"var(--ast-global-color-5)","background-image":"","background-repeat":"repeat","background-position":"center center","background-size":"auto","background-attachment":"scroll","background-type":"","background-media":"","overlay-type":"","overlay-color":"","overlay-opacity":"","overlay-gradient":""},"tablet":{"background-color":"","background-image":"","background-repeat":"repeat","background-position":"center center","background-size":"auto","background-attachment":"scroll","background-type":"","background-media":"","overlay-type":"","overlay-color":"","overlay-opacity":"","overlay-gradient":""},"mobile":{"background-color":"","background-image":"","background-repeat":"repeat","background-position":"center center","background-size":"auto","background-attachment":"scroll","background-type":"","background-media":"","overlay-type":"","overlay-color":"","overlay-opacity":"","overlay-gradient":""}},"ast-content-background-meta":{"desktop":{"background-color":"var(--ast-global-color-4)","background-image":"","background-repeat":"repeat","background-position":"center center","background-size":"auto","background-attachment":"scroll","background-type":"","background-media":"","overlay-type":"","overlay-color":"","overlay-opacity":"","overlay-gradient":""},"tablet":{"background-color":"var(--ast-global-color-4)","background-image":"","background-repeat":"repeat","background-position":"center center","background-size":"auto","background-attachment":"scroll","background-type":"","background-media":"","overlay-type":"","overlay-color":"","overlay-opacity":"","overlay-gradient":""},"mobile":{"background-color":"var(--ast-global-color-4)","background-image":"","background-repeat":"repeat","background-position":"center center","background-size":"auto","background-attachment":"scroll","background-type":"","background-media":"","overlay-type":"","overlay-color":"","overlay-opacity":"","overlay-gradient":""}}},"product_brand":[],"product_cat":[24,46],"product_tag":[],"class_list":{"0":"post-458","1":"product","2":"type-product","3":"status-publish","4":"has-post-thumbnail","6":"product_cat-bracelet","7":"product_cat-red-zircon-lucky-string-collection","8":"wcmi-has-gallery","9":"desktop-align-left","10":"tablet-align-left","11":"mobile-align-left","13":"first","14":"instock","15":"sale","16":"taxable","17":"shipping-taxable","18":"purchasable","19":"product-type-variable","20":"has-default-attributes"},"aioseo_notices":[],"_links":{"self":[{"href":"https:\/\/redsacre.com\/et\/wp-json\/wp\/v2\/product\/458","targetHints":{"allow":["GET"]}}],"collection":[{"href":"https:\/\/redsacre.com\/et\/wp-json\/wp\/v2\/product"}],"about":[{"href":"https:\/\/redsacre.com\/et\/wp-json\/wp\/v2\/types\/product"}],"replies":[{"embeddable":true,"href":"https:\/\/redsacre.com\/et\/wp-json\/wp\/v2\/comments?post=458"}],"version-history":[{"count":0,"href":"https:\/\/redsacre.com\/et\/wp-json\/wp\/v2\/product\/458\/revisions"}],"wp:featuredmedia":[{"embeddable":true,"href":"https:\/\/redsacre.com\/et\/wp-json\/wp\/v2\/media\/917"}],"wp:attachment":[{"href":"https:\/\/redsacre.com\/et\/wp-json\/wp\/v2\/media?parent=458"}],"wp:term":[{"taxonomy":"product_brand","embeddable":true,"href":"https:\/\/redsacre.com\/et\/wp-json\/wp\/v2\/product_brand?post=458"},{"taxonomy":"product_cat","embeddable":true,"href":"https:\/\/redsacre.com\/et\/wp-json\/wp\/v2\/product_cat?post=458"},{"taxonomy":"product_tag","embeddable":true,"href":"https:\/\/redsacre.com\/et\/wp-json\/wp\/v2\/product_tag?post=458"}],"curies":[{"name":"wp","href":"https:\/\/api.w.org\/{rel}","templated":true}]}}