{"id":960,"date":"2025-10-22T13:32:42","date_gmt":"2025-10-22T13:32:42","guid":{"rendered":"https:\/\/redsacre.com\/?post_type=product&#038;p=960"},"modified":"2025-11-05T09:22:47","modified_gmt":"2025-11-05T09:22:47","slug":"redsacre-red-string-silver-tree-of-life-bracelet","status":"publish","type":"product","link":"https:\/\/redsacre.com\/es\/product\/redsacre-red-string-silver-tree-of-life-bracelet\/","title":{"rendered":"Pulsera \u00c1rbol de la Vida de Plata con Cord\u00f3n Rojo RedSacre"},"content":{"rendered":"<p data-start=\"182\" data-end=\"216\"><strong data-start=\"182\" data-end=\"216\">Ra\u00edces Sagradas. Crecimiento Infinito.<\/strong><\/p>\n<h4 data-start=\"218\" data-end=\"246\">\u2728 Descripci\u00f3n del producto<\/h4>\n<p data-start=\"247\" data-end=\"618\">En <strong data-start=\"251\" data-end=\"304\">Pulsera \u00c1rbol de la Vida de plata con cord\u00f3n rojo Red Sacre<\/strong> es un s\u00edmbolo de protecci\u00f3n, fuerza y conexi\u00f3n, una uni\u00f3n atemporal de sabidur\u00eda ancestral y moderno dise\u00f1o parisino.<br data-start=\"421\" data-end=\"424\" \/>Hecho a mano con un cord\u00f3n rojo ajustable y una <strong data-start=\"488\" data-end=\"530\">Colgante de plata de ley 925 \u00c1rbol de la Vida<\/strong>, Esta pulsera encarna la armon\u00eda, el enraizamiento espiritual y el eterno ciclo de renovaci\u00f3n.<\/p>\n<p data-start=\"620\" data-end=\"978\">En muchas culturas, el <strong data-start=\"642\" data-end=\"656\">hilo rojo<\/strong> representa la protecci\u00f3n contra la negatividad, el amor y la buena fortuna, mientras que el <strong data-start=\"733\" data-end=\"749\">\u00c1rbol de la vida<\/strong> representa las ra\u00edces profundas, el crecimiento y la interconexi\u00f3n de todos los seres vivos. Juntos forman un poderoso talism\u00e1n de equilibrio y vitalidad, un recordatorio diario de que cuentas con el apoyo de una fuerza invisible y un sinf\u00edn de posibilidades.<\/p>\n<hr data-start=\"980\" data-end=\"983\" \/>\n<h4 data-start=\"985\" data-end=\"1007\">Caracter\u00edsticas principales<\/h4>\n<ul data-start=\"1008\" data-end=\"1476\">\n<li data-start=\"1092\" data-end=\"1148\">\n<p data-start=\"1094\" data-end=\"1148\"><strong data-start=\"1094\" data-end=\"1109\">Tama\u00f1o del amuleto:<\/strong> Aprox. 12 mm de di\u00e1metro (\u00c1rbol de la Vida)<\/p>\n<\/li>\n<li data-start=\"1230\" data-end=\"1303\">\n<p data-start=\"1232\" data-end=\"1303\"><strong data-start=\"1232\" data-end=\"1250\">Longitud de la cadena:<\/strong> Ajustable a la mayor\u00eda de tama\u00f1os de mu\u00f1eca (dise\u00f1o unisex)<\/p>\n<\/li>\n<li data-start=\"1304\" data-end=\"1337\">\n<p data-start=\"1306\" data-end=\"1337\"><strong data-start=\"1306\" data-end=\"1316\">Color:<\/strong> Rojo Sagrado Cl\u00e1sico<\/p>\n<\/li>\n<li data-start=\"1338\" data-end=\"1394\">\n<p data-start=\"1340\" data-end=\"1394\"><strong data-start=\"1340\" data-end=\"1351\">Acabado:<\/strong> Plata pulida a mano con finos detalles<\/p>\n<\/li>\n<li data-start=\"1395\" data-end=\"1476\">\n<p data-start=\"1397\" data-end=\"1476\"><strong data-start=\"1397\" data-end=\"1411\">Embalaje:<\/strong> Se entrega en un estuche de regalo de la firma Red Sacre<\/p>\n<\/li>\n<\/ul>\n<hr data-start=\"1478\" data-end=\"1481\" \/>\n<h4 data-start=\"1483\" data-end=\"1512\">\ud83d\udcab Simbolismo y significado<\/h4>\n<ul data-start=\"1513\" data-end=\"1716\">\n<li data-start=\"1513\" data-end=\"1599\">\n<p data-start=\"1515\" data-end=\"1599\"><strong data-start=\"1515\" data-end=\"1531\">\u00c1rbol de la vida<\/strong> - Crecimiento, arraigo, fuerza eterna y conexi\u00f3n con toda la vida<\/p>\n<\/li>\n<li data-start=\"1600\" data-end=\"1656\">\n<p data-start=\"1602\" data-end=\"1656\"><strong data-start=\"1602\" data-end=\"1616\">Cord\u00f3n rojo<\/strong> - Protecci\u00f3n, suerte, valor y amor<\/p>\n<\/li>\n<li data-start=\"1657\" data-end=\"1716\">\n<p data-start=\"1659\" data-end=\"1716\"><strong data-start=\"1659\" data-end=\"1669\">Plata<\/strong> - Claridad, reflexi\u00f3n y equilibrio emocional<\/p>\n<\/li>\n<\/ul>\n<p data-start=\"1718\" data-end=\"1890\">Llevar esta pulsera invita a la estabilidad, la prosperidad y la protecci\u00f3n espiritual en tu jornada diaria. Es m\u00e1s que un accesorio: es un amuleto de prop\u00f3sito y energ\u00eda.<\/p>\n<hr data-start=\"1892\" data-end=\"1895\" \/>\n<h4 data-start=\"1897\" data-end=\"1918\">\ud83c\udf81 Perfecto para<\/h4>\n<ul data-start=\"1919\" data-end=\"2135\">\n<li data-start=\"1919\" data-end=\"1997\">\n<p data-start=\"1921\" data-end=\"1997\">Una significativa <strong data-start=\"1934\" data-end=\"1957\">regalo para los seres queridos<\/strong> buscando positividad y nuevos comienzos<\/p>\n<\/li>\n<li data-start=\"1998\" data-end=\"2062\">\n<p data-start=\"2000\" data-end=\"2062\">A personal <strong data-start=\"2011\" data-end=\"2029\">talism\u00e1n diario<\/strong> para la protecci\u00f3n y la paz interior<\/p>\n<\/li>\n<li data-start=\"2063\" data-end=\"2135\">\n<p data-start=\"2065\" data-end=\"2135\">Comb\u00ednalo con otros brazaletes Red Sacre para un estilo espiritual a capas<\/p>\n<\/li>\n<\/ul>\n<hr data-start=\"2137\" data-end=\"2140\" \/>\n<h4 data-start=\"2142\" data-end=\"2169\">Instrucciones de cuidado<\/h4>\n<p data-start=\"2170\" data-end=\"2216\">Para conservar el brillo de su pulsera:<\/p>\n<ul data-start=\"2217\" data-end=\"2363\">\n<li data-start=\"2217\" data-end=\"2276\">\n<p data-start=\"2219\" data-end=\"2276\">Evite el contacto con perfumes, lociones o productos qu\u00edmicos agresivos.<\/p>\n<\/li>\n<li data-start=\"2277\" data-end=\"2315\">\n<p data-start=\"2279\" data-end=\"2315\">Retirar antes de ba\u00f1arse o nadar.<\/p>\n<\/li>\n<li data-start=\"2316\" data-end=\"2363\">\n<p data-start=\"2318\" data-end=\"2363\">Gu\u00e1rdelo en una bolsa suave y seca cuando no lo utilice.<\/p>\n<\/li>\n<\/ul>\n<hr data-start=\"2365\" data-end=\"2368\" \/>\n<h4 data-start=\"2370\" data-end=\"2391\">\ud83c\udf0d Historia de marca<\/h4>\n<p data-start=\"2392\" data-end=\"2642\"><strong data-start=\"2392\" data-end=\"2405\">Red Sacre<\/strong> mezclas <strong data-start=\"2413\" data-end=\"2444\">Tradici\u00f3n espiritual oriental<\/strong> con <strong data-start=\"2450\" data-end=\"2478\">Dise\u00f1o minimalista franc\u00e9s<\/strong>, creando joyas simb\u00f3licas que hablan al coraz\u00f3n y al alma.<br data-start=\"2541\" data-end=\"2544\" \/>Cada pieza es un recordatorio: <em data-start=\"2571\" data-end=\"2640\">La protecci\u00f3n y la belleza pueden coexistir. Lo que te pones puede tener un significado.<\/em><\/p>","protected":false},"excerpt":{"rendered":"<ul data-start=\"1008\" data-end=\"1476\">\n<li data-start=\"1092\" data-end=\"1148\">\n<p data-start=\"1094\" data-end=\"1148\"><strong data-start=\"1094\" data-end=\"1109\">Tama\u00f1o del amuleto:<\/strong> Aprox. 12 mm de di\u00e1metro (\u00c1rbol de la Vida)<\/p>\n<\/li>\n<li data-start=\"1230\" data-end=\"1303\">\n<p data-start=\"1232\" data-end=\"1303\"><strong data-start=\"1232\" data-end=\"1250\">Longitud de la cadena:<\/strong> Ajustable a la mayor\u00eda de tama\u00f1os de mu\u00f1eca (dise\u00f1o unisex)<\/p>\n<\/li>\n<li data-start=\"1304\" data-end=\"1337\">\n<p data-start=\"1306\" data-end=\"1337\"><strong data-start=\"1306\" data-end=\"1316\">Color:<\/strong> Rojo Sagrado Cl\u00e1sico<\/p>\n<\/li>\n<li data-start=\"1338\" data-end=\"1394\">\n<p data-start=\"1340\" data-end=\"1394\"><strong data-start=\"1340\" data-end=\"1351\">Acabado:<\/strong> Plata pulida a mano con finos detalles<\/p>\n<\/li>\n<li data-start=\"1395\" data-end=\"1476\">\n<p data-start=\"1397\" data-end=\"1476\"><strong data-start=\"1397\" data-end=\"1411\">Embalaje:<\/strong> Se entrega en un estuche de regalo de la firma Red Sacre<\/p>\n<\/li>\n<\/ul>","protected":false},"featured_media":914,"comment_status":"open","ping_status":"closed","template":"","meta":{"site-sidebar-layout":"default","site-content-layout":"","ast-site-content-layout":"default","site-content-style":"default","site-sidebar-style":"default","ast-global-header-display":"","ast-banner-title-visibility":"","ast-main-header-display":"","ast-hfb-above-header-display":"","ast-hfb-below-header-display":"","ast-hfb-mobile-header-display":"","site-post-title":"","ast-breadcrumbs-content":"","ast-featured-img":"","footer-sml-layout":"","theme-transparent-header-meta":"default","adv-header-id-meta":"","stick-header-meta":"","header-above-stick-meta":"","header-main-stick-meta":"","header-below-stick-meta":"","astra-migrate-meta-layouts":"set","ast-page-background-enabled":"default","ast-page-background-meta":{"desktop":{"background-color":"var(--ast-global-color-5)","background-image":"","background-repeat":"repeat","background-position":"center center","background-size":"auto","background-attachment":"scroll","background-type":"","background-media":"","overlay-type":"","overlay-color":"","overlay-opacity":"","overlay-gradient":""},"tablet":{"background-color":"","background-image":"","background-repeat":"repeat","background-position":"center center","background-size":"auto","background-attachment":"scroll","background-type":"","background-media":"","overlay-type":"","overlay-color":"","overlay-opacity":"","overlay-gradient":""},"mobile":{"background-color":"","background-image":"","background-repeat":"repeat","background-position":"center center","background-size":"auto","background-attachment":"scroll","background-type":"","background-media":"","overlay-type":"","overlay-color":"","overlay-opacity":"","overlay-gradient":""}},"ast-content-background-meta":{"desktop":{"background-color":"var(--ast-global-color-4)","background-image":"","background-repeat":"repeat","background-position":"center center","background-size":"auto","background-attachment":"scroll","background-type":"","background-media":"","overlay-type":"","overlay-color":"","overlay-opacity":"","overlay-gradient":""},"tablet":{"background-color":"var(--ast-global-color-4)","background-image":"","background-repeat":"repeat","background-position":"center center","background-size":"auto","background-attachment":"scroll","background-type":"","background-media":"","overlay-type":"","overlay-color":"","overlay-opacity":"","overlay-gradient":""},"mobile":{"background-color":"var(--ast-global-color-4)","background-image":"","background-repeat":"repeat","background-position":"center center","background-size":"auto","background-attachment":"scroll","background-type":"","background-media":"","overlay-type":"","overlay-color":"","overlay-opacity":"","overlay-gradient":""}}},"product_brand":[],"product_cat":[24],"product_tag":[],"class_list":{"0":"post-960","1":"product","2":"type-product","3":"status-publish","4":"has-post-thumbnail","6":"product_cat-bracelet","7":"wcmi-has-gallery","8":"desktop-align-left","9":"tablet-align-left","10":"mobile-align-left","12":"first","13":"instock","14":"sale","15":"featured","16":"taxable","17":"shipping-taxable","18":"purchasable","19":"product-type-simple"},"aioseo_notices":[],"_links":{"self":[{"href":"https:\/\/redsacre.com\/es\/wp-json\/wp\/v2\/product\/960","targetHints":{"allow":["GET"]}}],"collection":[{"href":"https:\/\/redsacre.com\/es\/wp-json\/wp\/v2\/product"}],"about":[{"href":"https:\/\/redsacre.com\/es\/wp-json\/wp\/v2\/types\/product"}],"replies":[{"embeddable":true,"href":"https:\/\/redsacre.com\/es\/wp-json\/wp\/v2\/comments?post=960"}],"version-history":[{"count":0,"href":"https:\/\/redsacre.com\/es\/wp-json\/wp\/v2\/product\/960\/revisions"}],"wp:featuredmedia":[{"embeddable":true,"href":"https:\/\/redsacre.com\/es\/wp-json\/wp\/v2\/media\/914"}],"wp:attachment":[{"href":"https:\/\/redsacre.com\/es\/wp-json\/wp\/v2\/media?parent=960"}],"wp:term":[{"taxonomy":"product_brand","embeddable":true,"href":"https:\/\/redsacre.com\/es\/wp-json\/wp\/v2\/product_brand?post=960"},{"taxonomy":"product_cat","embeddable":true,"href":"https:\/\/redsacre.com\/es\/wp-json\/wp\/v2\/product_cat?post=960"},{"taxonomy":"product_tag","embeddable":true,"href":"https:\/\/redsacre.com\/es\/wp-json\/wp\/v2\/product_tag?post=960"}],"curies":[{"name":"wp","href":"https:\/\/api.w.org\/{rel}","templated":true}]}}