{"id":834,"date":"2025-10-19T11:16:18","date_gmt":"2025-10-19T11:16:18","guid":{"rendered":"https:\/\/redsacre.com\/?post_type=product&#038;p=834"},"modified":"2025-11-21T03:08:22","modified_gmt":"2025-11-21T03:08:22","slug":"red-sacre-red-string-pearl-bracelet","status":"publish","type":"product","link":"https:\/\/redsacre.com\/es\/product\/red-sacre-red-string-pearl-bracelet\/","title":{"rendered":"Pulsera de perlas de agua dulce Red Sacre Red string"},"content":{"rendered":"<p data-start=\"295\" data-end=\"732\">En <a href=\"https:\/\/redsacre.com\/es\/product\/red-sacre-red-string-pearl-bracelet\/\"><strong data-start=\"299\" data-end=\"349\">Pulsera de perlas de agua dulce Red Sacre<\/strong><\/a> es una refinada mezcla de minimalismo, simbolismo y artesan\u00eda atemporal. Meticulosamente tejida a mano con cord\u00f3n de nailon rojo de primera calidad, est\u00e1 acentuada con un <strong data-start=\"497\" data-end=\"533\">6-6,5mm\/11-12mm perla natural de agua dulce<\/strong>, irradiando suave brillo y elegancia. Un delicado dije en tono dorado grabado con <strong data-start=\"612\" data-end=\"627\">\u201cRed Sacre\u201d<\/strong> a\u00f1ade un sofisticado toque final, mientras que el nudo ajustable garantiza un ajuste c\u00f3modo y universal.<\/p>\n<p data-start=\"734\" data-end=\"911\">Cada pulsera est\u00e1 cuidadosamente elaborada para simbolizar <strong data-start=\"782\" data-end=\"820\">protecci\u00f3n, amor y buena fortuna<\/strong>, Es m\u00e1s que una joya: es un talism\u00e1n personal para el d\u00eda a d\u00eda.<\/p>\n<h3 data-start=\"913\" data-end=\"935\"><strong data-start=\"917\" data-end=\"935\">Especificaciones<\/strong><\/h3>\n<ul data-start=\"936\" data-end=\"1287\">\n<li data-start=\"936\" data-end=\"1002\">\n<p data-start=\"938\" data-end=\"1002\"><strong data-start=\"938\" data-end=\"951\">Material:<\/strong> Cord\u00f3n tejido rojo de primera calidad, perla natural de agua dulce<\/p>\n<\/li>\n<li data-start=\"1003\" data-end=\"1030\">\n<p data-start=\"1005\" data-end=\"1030\"><strong data-start=\"1005\" data-end=\"1020\">Tama\u00f1o de la perla:<\/strong> 6-6,5 mm\/11-12 mm<\/p>\n<\/li>\n<li data-start=\"1031\" data-end=\"1107\">\n<p data-start=\"1033\" data-end=\"1107\"><strong data-start=\"1033\" data-end=\"1053\">Longitud de la pulsera: 5-8\u201d Cord\u00f3n<\/strong><\/p>\n<\/li>\n<li data-start=\"1108\" data-end=\"1175\">\n<p data-start=\"1110\" data-end=\"1175\"><strong data-start=\"1110\" data-end=\"1120\">Encanto:<\/strong> Etiqueta grabada con \u201cRed Sacre\u201d.\u201d<\/p>\n<\/li>\n<li data-start=\"1176\" data-end=\"1219\">\n<p data-start=\"1178\" data-end=\"1219\"><strong data-start=\"1178\" data-end=\"1190\">Cierre:<\/strong> Cierre corredizo anudado a mano<\/p>\n<\/li>\n<li data-start=\"1220\" data-end=\"1287\">\n<p data-start=\"1222\" data-end=\"1287\"><strong data-start=\"1222\" data-end=\"1236\">Embalaje:<\/strong> Presentado en un estuche de regalo Red Sacre con tarjeta de cuidados<\/p>\n<\/li>\n<\/ul>\n<hr data-start=\"1289\" data-end=\"1292\" \/>\n<h3 data-start=\"1294\" data-end=\"1320\"><strong data-start=\"1298\" data-end=\"1320\">Ventajas del producto<\/strong><\/h3>\n<ol data-start=\"1321\" data-end=\"1932\">\n<li data-start=\"1321\" data-end=\"1447\">\n<p data-start=\"1324\" data-end=\"1447\"><strong data-start=\"1324\" data-end=\"1355\">Perla aut\u00e9ntica de agua dulce:<\/strong> Cada perla se selecciona a mano por su forma redonda, su superficie lisa y su iridiscencia natural.<\/p>\n<\/li>\n<li data-start=\"1448\" data-end=\"1594\">\n<p data-start=\"1451\" data-end=\"1594\"><strong data-start=\"1451\" data-end=\"1475\">Hilo rojo simb\u00f3lico:<\/strong> Tradicionalmente representando <strong data-start=\"1503\" data-end=\"1538\">protecci\u00f3n, suerte y bendiciones<\/strong>, El cord\u00f3n rojo aporta significado y encanto a cualquier atuendo.<\/p>\n<\/li>\n<li data-start=\"1595\" data-end=\"1717\">\n<p data-start=\"1598\" data-end=\"1717\"><strong data-start=\"1598\" data-end=\"1617\">Ajuste regulable:<\/strong> El dise\u00f1o de nudo corredizo proporciona comodidad y flexibilidad, garantizando un ajuste perfecto para cada mu\u00f1eca.<\/p>\n<\/li>\n<li data-start=\"1718\" data-end=\"1824\">\n<p data-start=\"1721\" data-end=\"1824\"><strong data-start=\"1721\" data-end=\"1747\">Artesan\u00eda duradera:<\/strong> Fabricado con nailon de tejido tupido para una mayor durabilidad y retenci\u00f3n del color.<\/p>\n<\/li>\n<li data-start=\"1825\" data-end=\"1932\">\n<p data-start=\"1828\" data-end=\"1932\"><strong data-start=\"1828\" data-end=\"1851\">Minimalismo elegante:<\/strong> Un accesorio sutil pero elegante que complementa tanto atuendos informales como formales.<\/p>\n<\/li>\n<\/ol>\n<hr data-start=\"1934\" data-end=\"1937\" \/>\n<h3 data-start=\"1939\" data-end=\"1965\"><strong data-start=\"1943\" data-end=\"1965\">Puntos clave de venta<\/strong><\/h3>\n<ul data-start=\"1966\" data-end=\"2456\">\n<li data-start=\"1966\" data-end=\"2072\">\n<p data-start=\"1968\" data-end=\"2072\">\u2705 <strong data-start=\"1970\" data-end=\"1990\">Un regalo significativo:<\/strong> Ideal para cumplea\u00f1os, aniversarios o como s\u00edmbolo de protecci\u00f3n y afecto.<\/p>\n<\/li>\n<li data-start=\"2073\" data-end=\"2149\">\n<p data-start=\"2075\" data-end=\"2149\">\u2705 <strong data-start=\"2077\" data-end=\"2095\">Dise\u00f1o unisex:<\/strong> Sencillo, elegante y adecuado tanto para hombres como para mujeres.<\/p>\n<\/li>\n<li data-start=\"2150\" data-end=\"2237\">\n<p data-start=\"2152\" data-end=\"2237\">\u2705 <strong data-start=\"2154\" data-end=\"2178\">Presentaci\u00f3n de lujo:<\/strong> Se presenta en un elegante envase Red Sacre, listo para regalar.<\/p>\n<\/li>\n<li data-start=\"2238\" data-end=\"2321\">\n<p data-start=\"2240\" data-end=\"2321\">\u2705 <strong data-start=\"2242\" data-end=\"2263\">Calidad artesanal:<\/strong> Cada pulsera est\u00e1 acabada a mano con precisi\u00f3n y esmero.<\/p>\n<\/li>\n<li data-start=\"2322\" data-end=\"2456\">\n<p data-start=\"2324\" data-end=\"2456\">\u2705 <strong data-start=\"2326\" data-end=\"2349\">Simbolismo cultural:<\/strong> Inspirado en la intemporal tradici\u00f3n del cord\u00f3n rojo, presente en muchas culturas, que representa la fe y la conexi\u00f3n.<\/p>\n<\/li>\n<\/ul>\n<hr data-start=\"2458\" data-end=\"2461\" \/>\n<h3 data-start=\"2463\" data-end=\"2509\"><strong data-start=\"2467\" data-end=\"2509\">Descripci\u00f3n detallada de la tienda independiente<\/strong><\/h3>\n<p data-start=\"2510\" data-end=\"2788\">Adopte el equilibrio entre tradici\u00f3n y modernidad con el <a href=\"https:\/\/linktr.ee\/redsacre\"><strong data-start=\"2566\" data-end=\"2616\">Pulsera de perlas de agua dulce Red Sacre<\/strong><\/a>. Dise\u00f1ada para quienes valoran el lujo sutil y el simbolismo significativo, esta pulsera combina la pureza de una perla de agua dulce con la energ\u00eda auspiciosa del cord\u00f3n rojo.<\/p>\n<p data-start=\"2790\" data-end=\"3046\">Perfecta para apilarla o llevarla sola, pasa sin esfuerzo del d\u00eda a la noche, aportando un toque de discreta elegancia a tu estilo. Cada pulsera encarna la filosof\u00eda de Red Sacre. <strong data-start=\"2979\" data-end=\"3046\">pureza en el dise\u00f1o, fuerza en el significado y gracia en la sencillez.<\/strong><\/p>\n<p data-start=\"3048\" data-end=\"3193\">Ll\u00e9velo como recordatorio de amor, protecci\u00f3n y paz interior, o reg\u00e1leselo a alguien especial como gesto de buena suerte y conexi\u00f3n sincera.<\/p>","protected":false},"excerpt":{"rendered":"<ul data-start=\"936\" data-end=\"1287\">\n<li data-start=\"936\" data-end=\"1002\">\n<p data-start=\"938\" data-end=\"1002\"><strong data-start=\"938\" data-end=\"951\">Material:<\/strong> Cord\u00f3n tejido rojo de primera calidad, perla natural de agua dulce<\/p>\n<\/li>\n<li data-start=\"1003\" data-end=\"1030\">\n<p data-start=\"1005\" data-end=\"1030\"><strong data-start=\"1005\" data-end=\"1020\">Tama\u00f1o de la perla:<\/strong> 6-6,5 mm\/11-12 mm<\/p>\n<\/li>\n<li data-start=\"1031\" data-end=\"1107\">\n<p data-start=\"1033\" data-end=\"1107\"><strong data-start=\"1033\" data-end=\"1053\">Longitud de la pulsera: 5-8\u201d Cord\u00f3n<\/strong><\/p>\n<\/li>\n<li data-start=\"1108\" data-end=\"1175\">\n<p data-start=\"1110\" data-end=\"1175\"><strong data-start=\"1110\" data-end=\"1120\">Encanto:<\/strong> Etiqueta grabada con \u201cRed Sacre\u201d.\u201d<\/p>\n<\/li>\n<li data-start=\"1176\" data-end=\"1219\">\n<p data-start=\"1178\" data-end=\"1219\"><strong data-start=\"1178\" data-end=\"1190\">Cierre:<\/strong> Cierre corredizo anudado a mano<\/p>\n<\/li>\n<\/ul>","protected":false},"featured_media":872,"comment_status":"open","ping_status":"closed","template":"","meta":{"site-sidebar-layout":"default","site-content-layout":"","ast-site-content-layout":"default","site-content-style":"default","site-sidebar-style":"default","ast-global-header-display":"","ast-banner-title-visibility":"","ast-main-header-display":"","ast-hfb-above-header-display":"","ast-hfb-below-header-display":"","ast-hfb-mobile-header-display":"","site-post-title":"","ast-breadcrumbs-content":"","ast-featured-img":"","footer-sml-layout":"","theme-transparent-header-meta":"default","adv-header-id-meta":"","stick-header-meta":"","header-above-stick-meta":"","header-main-stick-meta":"","header-below-stick-meta":"","astra-migrate-meta-layouts":"set","ast-page-background-enabled":"default","ast-page-background-meta":{"desktop":{"background-color":"var(--ast-global-color-5)","background-image":"","background-repeat":"repeat","background-position":"center center","background-size":"auto","background-attachment":"scroll","background-type":"","background-media":"","overlay-type":"","overlay-color":"","overlay-opacity":"","overlay-gradient":""},"tablet":{"background-color":"","background-image":"","background-repeat":"repeat","background-position":"center center","background-size":"auto","background-attachment":"scroll","background-type":"","background-media":"","overlay-type":"","overlay-color":"","overlay-opacity":"","overlay-gradient":""},"mobile":{"background-color":"","background-image":"","background-repeat":"repeat","background-position":"center center","background-size":"auto","background-attachment":"scroll","background-type":"","background-media":"","overlay-type":"","overlay-color":"","overlay-opacity":"","overlay-gradient":""}},"ast-content-background-meta":{"desktop":{"background-color":"var(--ast-global-color-4)","background-image":"","background-repeat":"repeat","background-position":"center center","background-size":"auto","background-attachment":"scroll","background-type":"","background-media":"","overlay-type":"","overlay-color":"","overlay-opacity":"","overlay-gradient":""},"tablet":{"background-color":"var(--ast-global-color-4)","background-image":"","background-repeat":"repeat","background-position":"center center","background-size":"auto","background-attachment":"scroll","background-type":"","background-media":"","overlay-type":"","overlay-color":"","overlay-opacity":"","overlay-gradient":""},"mobile":{"background-color":"var(--ast-global-color-4)","background-image":"","background-repeat":"repeat","background-position":"center center","background-size":"auto","background-attachment":"scroll","background-type":"","background-media":"","overlay-type":"","overlay-color":"","overlay-opacity":"","overlay-gradient":""}}},"product_brand":[],"product_cat":[24,45],"product_tag":[44],"class_list":{"0":"post-834","1":"product","2":"type-product","3":"status-publish","4":"has-post-thumbnail","6":"product_cat-bracelet","7":"product_cat-pearl-red-string-collection","8":"product_tag-red-string-fresh-water-pearl-bracelet","9":"wcmi-has-gallery","10":"desktop-align-left","11":"tablet-align-left","12":"mobile-align-left","14":"first","15":"instock","16":"sale","17":"taxable","18":"shipping-taxable","19":"purchasable","20":"product-type-variable"},"aioseo_notices":[],"_links":{"self":[{"href":"https:\/\/redsacre.com\/es\/wp-json\/wp\/v2\/product\/834","targetHints":{"allow":["GET"]}}],"collection":[{"href":"https:\/\/redsacre.com\/es\/wp-json\/wp\/v2\/product"}],"about":[{"href":"https:\/\/redsacre.com\/es\/wp-json\/wp\/v2\/types\/product"}],"replies":[{"embeddable":true,"href":"https:\/\/redsacre.com\/es\/wp-json\/wp\/v2\/comments?post=834"}],"version-history":[{"count":2,"href":"https:\/\/redsacre.com\/es\/wp-json\/wp\/v2\/product\/834\/revisions"}],"predecessor-version":[{"id":1262,"href":"https:\/\/redsacre.com\/es\/wp-json\/wp\/v2\/product\/834\/revisions\/1262"}],"wp:featuredmedia":[{"embeddable":true,"href":"https:\/\/redsacre.com\/es\/wp-json\/wp\/v2\/media\/872"}],"wp:attachment":[{"href":"https:\/\/redsacre.com\/es\/wp-json\/wp\/v2\/media?parent=834"}],"wp:term":[{"taxonomy":"product_brand","embeddable":true,"href":"https:\/\/redsacre.com\/es\/wp-json\/wp\/v2\/product_brand?post=834"},{"taxonomy":"product_cat","embeddable":true,"href":"https:\/\/redsacre.com\/es\/wp-json\/wp\/v2\/product_cat?post=834"},{"taxonomy":"product_tag","embeddable":true,"href":"https:\/\/redsacre.com\/es\/wp-json\/wp\/v2\/product_tag?post=834"}],"curies":[{"name":"wp","href":"https:\/\/api.w.org\/{rel}","templated":true}]}}