{"id":466,"date":"2025-10-09T02:26:09","date_gmt":"2025-10-09T02:26:09","guid":{"rendered":"https:\/\/redsacre.com\/?page_id=466"},"modified":"2025-10-09T02:26:09","modified_gmt":"2025-10-09T02:26:09","slug":"gdpr","status":"publish","type":"page","link":"https:\/\/redsacre.com\/es\/gdpr\/","title":{"rendered":"GDPR"},"content":{"rendered":"<h3 class=\"wp-block-heading\">\u00bfQu\u00e9 es el GDPR?<\/h3>\n\n\n\n<p>En <strong>Reglamento general de protecci\u00f3n de datos (RGPD)<\/strong> es una ley promulgada por la Uni\u00f3n Europea (UE) para regular c\u00f3mo las organizaciones de dentro y fuera de la UE tratan los datos personales de los residentes en la UE.<br>Se adopt\u00f3 en 2016 y entr\u00f3 en vigor el 25 de mayo de 2018.<\/p>\n\n\n\n<p>El objetivo del RGPD es dar a las personas m\u00e1s control sobre sus datos personales, garantizar la transparencia en su uso y unificar las normas de protecci\u00f3n de datos en todos los Estados miembros de la UE. Se aplica no solo a las empresas con sede en la UE, sino tambi\u00e9n a las que ofrecen bienes o servicios a personas f\u00edsicas dentro de la UE o controlan su comportamiento.<\/p>\n\n\n\n<hr class=\"wp-block-separator has-alpha-channel-opacity\"\/>\n\n\n\n<h2 class=\"wp-block-heading\">Nuestro compromiso en RedSacre<\/h2>\n\n\n\n<p>En <strong>RedSacre<\/strong>, nos tomamos muy en serio su privacidad y estamos plenamente comprometidos con el cumplimiento de los principios del GDPR.<br>Creemos en la transparencia, la equidad y la responsabilidad en el tratamiento de sus datos personales.<\/p>\n\n\n\n<p>Nos comprometemos a:<\/p>\n\n\n\n<ol class=\"wp-block-list\">\n<li><strong>Sea transparente y legal<\/strong><br>Explicamos claramente qu\u00e9 datos recogemos, por qu\u00e9 los recogemos, c\u00f3mo se utilizan y cu\u00e1nto tiempo los conservamos. Todas las actividades de tratamiento se basan en un fundamento jur\u00eddico como el consentimiento, el contrato o el inter\u00e9s leg\u00edtimo.<\/li>\n\n\n\n<li><strong>Recaudar s\u00f3lo lo necesario<\/strong><br>S\u00f3lo recogemos la informaci\u00f3n que necesitamos para prestar nuestros servicios o cumplir con nuestras obligaciones.<\/li>\n\n\n\n<li><strong>Mantener la precisi\u00f3n<\/strong><br>Mantenemos sus datos personales exactos y actualizados, y usted tiene derecho a corregir cualquier inexactitud.<\/li>\n\n\n\n<li><strong>Limitar la conservaci\u00f3n de datos<\/strong><br>Almacenamos los datos personales s\u00f3lo durante el tiempo necesario para cumplir la finalidad para la que fueron recogidos. Una vez que ya no son necesarios, los eliminamos de forma segura o los anonimizamos.<\/li>\n\n\n\n<li><strong>Garantizar la seguridad y la confidencialidad<\/strong><br>Utilizamos medidas t\u00e9cnicas y organizativas adecuadas para proteger sus datos contra el acceso, la divulgaci\u00f3n, la alteraci\u00f3n o la destrucci\u00f3n no autorizados.<\/li>\n\n\n\n<li><strong>Respetar los derechos de los usuarios<\/strong><br>Respetamos plenamente los derechos de los interesados en virtud del RGPD, incluidos el acceso, la rectificaci\u00f3n, la supresi\u00f3n, la limitaci\u00f3n, la portabilidad de los datos y la oposici\u00f3n.<\/li>\n\n\n\n<li><strong>Proteger las transferencias transfronterizas<\/strong><br>Cuando transferimos datos personales fuera de la UE, nos aseguramos de que existan las salvaguardias adecuadas, como las Cl\u00e1usulas Contractuales Tipo (CCT) o mecanismos de protecci\u00f3n equivalentes.<\/li>\n\n\n\n<li><strong>Rendir cuentas<\/strong><br>Mantenemos registros de procesamiento detallados, realizamos revisiones de seguridad peri\u00f3dicas y nos aseguramos de que nuestros socios tambi\u00e9n cumplen las normas de protecci\u00f3n de datos.<\/li>\n<\/ol>\n\n\n\n<hr class=\"wp-block-separator has-alpha-channel-opacity\"\/>\n\n\n\n<h2 class=\"wp-block-heading\">C\u00f3mo procesamos sus datos<\/h2>\n\n\n\n<p>A continuaci\u00f3n encontrar\u00e1 una descripci\u00f3n general de c\u00f3mo y por qu\u00e9 recopilamos y utilizamos sus datos:<\/p>\n\n\n\n<figure class=\"wp-block-table\"><table class=\"has-fixed-layout\"><thead><tr><th>Tipo de datos<\/th><th>Finalidad \/ Uso<\/th><th>Base jur\u00eddica<\/th><th>Per\u00edodo de conservaci\u00f3n<\/th><th>Medidas de protecci\u00f3n<\/th><\/tr><\/thead><tbody><tr><td>Informaci\u00f3n de la cuenta (nombre, correo electr\u00f3nico, direcci\u00f3n)<\/td><td>Para registrar y gestionar su cuenta, tramitar pedidos<\/td><td>Contrato \/ Consentimiento<\/td><td>Mientras la cuenta est\u00e9 activa<\/td><td>Almacenamiento cifrado, acceso restringido<\/td><\/tr><tr><td>Datos de pedidos y transacciones<\/td><td>Tramitar pagos, entregas y facturaci\u00f3n<\/td><td>Contrato \/ Obligaci\u00f3n legal<\/td><td>Per\u00edodo legal de conservaci\u00f3n<\/td><td>Control de acceso, registros de auditor\u00eda<\/td><\/tr><tr><td>Suscripci\u00f3n a boletines<\/td><td>Para enviar correos electr\u00f3nicos de marketing y actualizaciones de la marca<\/td><td>Consentimiento<\/td><td>Hasta darse de baja<\/td><td>F\u00e1cil exclusi\u00f3n voluntaria<\/td><\/tr><tr><td>Mensajes de atenci\u00f3n al cliente<\/td><td>Prestar asistencia y mejorar los servicios<\/td><td>Inter\u00e9s leg\u00edtimo<\/td><td>Plazo razonable tras la resoluci\u00f3n<\/td><td>Almacenamiento seguro<\/td><\/tr><tr><td>Cookies del sitio web \/ datos anal\u00edticos<\/td><td>Para mejorar la experiencia del usuario y el rendimiento del sitio web<\/td><td>Consentimiento \/ Inter\u00e9s leg\u00edtimo<\/td><td>A corto plazo o seg\u00fan las necesidades<\/td><td>Datos agregados o an\u00f3nimos<\/td><\/tr><\/tbody><\/table><\/figure>\n\n\n\n<hr class=\"wp-block-separator has-alpha-channel-opacity\"\/>\n\n\n\n<h2 class=\"wp-block-heading\">Sus derechos en virtud del GDPR<\/h2>\n\n\n\n<p>Si reside en la UE, tiene los siguientes derechos en relaci\u00f3n con sus datos personales:<\/p>\n\n\n\n<ol class=\"wp-block-list\">\n<li><strong>Derecho a ser informado<\/strong><br>Tiene derecho a saber c\u00f3mo y por qu\u00e9 se utilizan sus datos personales.<\/li>\n\n\n\n<li><strong>Derecho de acceso<\/strong><br>Puede solicitar una copia de los datos personales que tenemos sobre usted y detalles sobre c\u00f3mo se procesan.<\/li>\n\n\n\n<li><strong>Derecho de rectificaci\u00f3n<\/strong><br>Puede solicitar correcciones o actualizaciones si sus datos personales son inexactos o est\u00e1n incompletos.<\/li>\n\n\n\n<li><strong>Derecho a la eliminaci\u00f3n (derecho al olvido)<\/strong><br>Puede solicitar la supresi\u00f3n de sus datos personales cuando ya no sean necesarios o retirar su consentimiento.<\/li>\n\n\n\n<li><strong>Derecho a restringir el tratamiento<\/strong><br>Puede solicitar que limitemos el tratamiento de sus datos personales en determinadas condiciones.<\/li>\n\n\n\n<li><strong>Derecho a la portabilidad de datos<\/strong><br>Puede recibir sus datos en un formato estructurado y de uso com\u00fan y transferirlos a otro proveedor de servicios.<\/li>\n\n\n\n<li><strong>Derecho de oposici\u00f3n<\/strong><br>Puede oponerse al tratamiento de datos con fines espec\u00edficos, como la mercadotecnia directa.<\/li>\n\n\n\n<li><strong>Derechos relacionados con la toma de decisiones automatizada<\/strong><br>Tiene derecho a no ser objeto de una decisi\u00f3n basada \u00fanicamente en el tratamiento automatizado, incluida la elaboraci\u00f3n de perfiles, si le afecta de forma significativa.<\/li>\n<\/ol>\n\n\n\n<p>Responderemos a todas las solicitudes relacionadas con el GDPR en el plazo de un mes desde su recepci\u00f3n.<\/p>\n\n\n\n<hr class=\"wp-block-separator has-alpha-channel-opacity\"\/>\n\n\n\n<h2 class=\"wp-block-heading\">Nuestras medidas de cumplimiento<\/h2>\n\n\n\n<p>Para garantizar el cumplimiento del GDPR, hemos aplicado las siguientes medidas:<\/p>\n\n\n\n<ul class=\"wp-block-list\">\n<li><strong>Evaluaciones de impacto sobre la protecci\u00f3n de datos (EIPD):<\/strong><br>Evaluamos los riesgos potenciales de las actividades de tratamiento de alto impacto y aplicamos salvaguardias para minimizarlos.<\/li>\n\n\n\n<li><strong>Privacidad por dise\u00f1o y por defecto:<\/strong><br>Integramos la protecci\u00f3n de la privacidad en nuestros sistemas y flujos de trabajo desde el principio.<\/li>\n\n\n\n<li><strong>Contratos con terceros:<\/strong><br>Solo trabajamos con proveedores de servicios que cumplen las normas del GDPR y firman Acuerdos de Procesamiento de Datos (DPA).<\/li>\n\n\n\n<li><strong>Notificaci\u00f3n de violaci\u00f3n de datos:<\/strong><br>En caso de violaci\u00f3n de los datos, lo notificaremos a las autoridades pertinentes en un plazo de 72 horas e informaremos a las personas afectadas cuando sea necesario.<\/li>\n\n\n\n<li><strong>Auditor\u00edas peri\u00f3dicas y formaci\u00f3n:<\/strong><br>Realizamos auditor\u00edas peri\u00f3dicas de privacidad y seguridad y formamos a nuestros empleados para que manejen los datos de forma responsable.<\/li>\n<\/ul>\n\n\n\n<hr class=\"wp-block-separator has-alpha-channel-opacity\"\/>\n\n\n\n<h2 class=\"wp-block-heading\">Consecuencias del incumplimiento<\/h2>\n\n\n\n<p>Las organizaciones que incumplan el GDPR pueden enfrentarse a graves sanciones, incluidas multas de hasta 500 euros. <strong>20 millones de euros<\/strong> o <strong>4% de facturaci\u00f3n global anual<\/strong>, lo que sea m\u00e1s alto.<br>RedSacre se dedica a mantener el pleno cumplimiento para proteger tanto a nuestros clientes como nuestra integridad empresarial.<\/p>\n\n\n\n<hr class=\"wp-block-separator has-alpha-channel-opacity\"\/>\n\n\n\n<h2 class=\"wp-block-heading\">C\u00f3mo ponerse en contacto con nosotros<\/h2>\n\n\n\n<p>Si reside en la UE o cree que sus datos est\u00e1n protegidos por el GDPR, puede ponerse en contacto con nosotros para ejercer sus derechos o hacer preguntas sobre sus datos.<\/p>\n\n\n\n<p><strong>Correo electr\u00f3nico:<\/strong> <a>services@redsacre.com<\/a><br><strong>Asunto:<\/strong> \u201cSolicitud GDPR - [Acceso \/ Correcci\u00f3n \/ Supresi\u00f3n \/ Restricci\u00f3n \/ Portabilidad \/ Objeci\u00f3n]\u201d<\/p>\n\n\n\n<p>Por motivos de seguridad, es posible que tengamos que verificar su identidad antes de atender su solicitud.<br>Nuestro objetivo es responder a todas las consultas relacionadas con el GDPR en un plazo de 30 d\u00edas.<\/p>\n\n\n\n<p><\/p>","protected":false},"excerpt":{"rendered":"<p>What is GDPR? The General Data Protection Regulation (GDPR) is a law enacted by the European Union (EU) to regulate how organizations inside and outside the EU handle the personal data of EU residents.It was adopted in 2016 and came into effect on May 25, 2018. GDPR is designed to give individuals more control over [&hellip;]<\/p>","protected":false},"author":1,"featured_media":0,"parent":0,"menu_order":0,"comment_status":"closed","ping_status":"closed","template":"","meta":{"site-sidebar-layout":"default","site-content-layout":"","ast-site-content-layout":"default","site-content-style":"default","site-sidebar-style":"default","ast-global-header-display":"","ast-banner-title-visibility":"","ast-main-header-display":"","ast-hfb-above-header-display":"","ast-hfb-below-header-display":"","ast-hfb-mobile-header-display":"","site-post-title":"","ast-breadcrumbs-content":"","ast-featured-img":"","footer-sml-layout":"","theme-transparent-header-meta":"","adv-header-id-meta":"","stick-header-meta":"","header-above-stick-meta":"","header-main-stick-meta":"","header-below-stick-meta":"","astra-migrate-meta-layouts":"default","ast-page-background-enabled":"default","ast-page-background-meta":{"desktop":{"background-color":"var(--ast-global-color-5)","background-image":"","background-repeat":"repeat","background-position":"center center","background-size":"auto","background-attachment":"scroll","background-type":"","background-media":"","overlay-type":"","overlay-color":"","overlay-opacity":"","overlay-gradient":""},"tablet":{"background-color":"","background-image":"","background-repeat":"repeat","background-position":"center center","background-size":"auto","background-attachment":"scroll","background-type":"","background-media":"","overlay-type":"","overlay-color":"","overlay-opacity":"","overlay-gradient":""},"mobile":{"background-color":"","background-image":"","background-repeat":"repeat","background-position":"center center","background-size":"auto","background-attachment":"scroll","background-type":"","background-media":"","overlay-type":"","overlay-color":"","overlay-opacity":"","overlay-gradient":""}},"ast-content-background-meta":{"desktop":{"background-color":"var(--ast-global-color-4)","background-image":"","background-repeat":"repeat","background-position":"center center","background-size":"auto","background-attachment":"scroll","background-type":"","background-media":"","overlay-type":"","overlay-color":"","overlay-opacity":"","overlay-gradient":""},"tablet":{"background-color":"var(--ast-global-color-4)","background-image":"","background-repeat":"repeat","background-position":"center center","background-size":"auto","background-attachment":"scroll","background-type":"","background-media":"","overlay-type":"","overlay-color":"","overlay-opacity":"","overlay-gradient":""},"mobile":{"background-color":"var(--ast-global-color-4)","background-image":"","background-repeat":"repeat","background-position":"center center","background-size":"auto","background-attachment":"scroll","background-type":"","background-media":"","overlay-type":"","overlay-color":"","overlay-opacity":"","overlay-gradient":""}},"footnotes":""},"class_list":["post-466","page","type-page","status-publish","hentry"],"aioseo_notices":[],"_links":{"self":[{"href":"https:\/\/redsacre.com\/es\/wp-json\/wp\/v2\/pages\/466","targetHints":{"allow":["GET"]}}],"collection":[{"href":"https:\/\/redsacre.com\/es\/wp-json\/wp\/v2\/pages"}],"about":[{"href":"https:\/\/redsacre.com\/es\/wp-json\/wp\/v2\/types\/page"}],"author":[{"embeddable":true,"href":"https:\/\/redsacre.com\/es\/wp-json\/wp\/v2\/users\/1"}],"replies":[{"embeddable":true,"href":"https:\/\/redsacre.com\/es\/wp-json\/wp\/v2\/comments?post=466"}],"version-history":[{"count":1,"href":"https:\/\/redsacre.com\/es\/wp-json\/wp\/v2\/pages\/466\/revisions"}],"predecessor-version":[{"id":467,"href":"https:\/\/redsacre.com\/es\/wp-json\/wp\/v2\/pages\/466\/revisions\/467"}],"wp:attachment":[{"href":"https:\/\/redsacre.com\/es\/wp-json\/wp\/v2\/media?parent=466"}],"curies":[{"name":"wp","href":"https:\/\/api.w.org\/{rel}","templated":true}]}}