{"id":957,"date":"2025-10-22T13:25:32","date_gmt":"2025-10-22T13:25:32","guid":{"rendered":"https:\/\/redsacre.com\/?post_type=product&#038;p=957"},"modified":"2025-11-05T09:23:23","modified_gmt":"2025-11-05T09:23:23","slug":"rot-sacre-rot-sacre-rot-gluck-farbe-zirkon-armband","status":"publish","type":"product","link":"https:\/\/redsacre.com\/de\/product\/rot-sacre-rot-sacre-rot-gluck-farbe-zirkon-armband\/","title":{"rendered":"Rotes Sacre Rotes Sacre Rotes Zirkonarmband in Gl\u00fccksfarbe"},"content":{"rendered":"<h3 data-start=\"187\" data-end=\"240\"><strong data-start=\"191\" data-end=\"240\">Heiliges Rot - Strahlendes Gl\u00fcck - Zeitlose Eleganz<\/strong><\/h3>\n<p data-start=\"242\" data-end=\"655\">Die <strong data-start=\"246\" data-end=\"291\">Rotes Sacre Rot Gl\u00fccksfarbe Zirkon-Armband<\/strong> verk\u00f6rpert die perfekte Balance zwischen Sch\u00f6nheit und Symbolik - eine Hommage an Schutz, Leidenschaft und Wohlstand.<br data-start=\"401\" data-end=\"404\" \/>Jedes Armband ist handgefertigt mit einem <strong data-start=\"440\" data-end=\"472\">roter Brillant-Zirkon (5\u00d75mm)<\/strong> eingefasst in ein minimalistisches Knotendesign, das St\u00e4rke und Gelassenheit ausstrahlt. Die rote Kordel - bekannt als <em data-start=\"565\" data-end=\"580\">heilige Saite<\/em> in vielen Kulturen - symbolisiert <strong data-start=\"615\" data-end=\"652\">Gl\u00fcck, Liebe und g\u00f6ttlicher Schutz<\/strong>.<\/p>\n<p data-start=\"657\" data-end=\"816\">Es ist sowohl f\u00fcr M\u00e4nner als auch f\u00fcr Frauen gedacht und verbindet spirituelle Bedeutung mit Pariser Eleganz, was es zu einem allt\u00e4glichen Amulett macht, das Ihre Energie und Ihren Stil steigert.<\/p>\n<hr data-start=\"818\" data-end=\"821\" \/>\n<h3 data-start=\"823\" data-end=\"849\"><strong data-start=\"827\" data-end=\"849\">\ud83d\udc8e Produkt-Details<\/strong><\/h3>\n<ul data-start=\"851\" data-end=\"1335\">\n<li data-start=\"851\" data-end=\"897\">\n<p data-start=\"853\" data-end=\"897\"><strong data-start=\"853\" data-end=\"863\">Stein:<\/strong> Roter Zirkon (5\u00d75mm, Facettenschliff)<\/p>\n<\/li>\n<li data-start=\"898\" data-end=\"956\">\n<p data-start=\"900\" data-end=\"956\"><strong data-start=\"900\" data-end=\"918\">Stein Bedeutung:<\/strong> Leidenschaft - Schutz - Lebensenergie<\/p>\n<\/li>\n<li data-start=\"957\" data-end=\"1033\">\n<p data-start=\"959\" data-end=\"1033\"><strong data-start=\"959\" data-end=\"977\">Material der Kordel:<\/strong> Hochwertige gewachste rote Saite, verschlei\u00dffest und wasserbest\u00e4ndig<\/p>\n<\/li>\n<li data-start=\"1034\" data-end=\"1117\">\n<p data-start=\"1036\" data-end=\"1117\"><strong data-start=\"1036\" data-end=\"1056\">L\u00e4nge des Armbands:<\/strong> Einstellbar von <strong data-start=\"1073\" data-end=\"1091\">16 cm bis 26 cm<\/strong> (f\u00fcr die meisten Handgelenksgr\u00f6\u00dfen)<\/p>\n<\/li>\n<li data-start=\"1205\" data-end=\"1252\">\n<p data-start=\"1207\" data-end=\"1252\"><strong data-start=\"1207\" data-end=\"1217\">Stil:<\/strong> Minimalistisches Unisex-Charme-Armband<\/p>\n<\/li>\n<li data-start=\"1253\" data-end=\"1335\">\n<p data-start=\"1255\" data-end=\"1335\"><strong data-start=\"1255\" data-end=\"1269\">Verpackung:<\/strong> Kommt mit einer Unterschrift <em data-start=\"1293\" data-end=\"1304\">Rotes Sakrament<\/em> Schmucketui &amp; Bedeutungskarte<\/p>\n<\/li>\n<\/ul>\n<hr data-start=\"1337\" data-end=\"1340\" \/>\n<h3 data-start=\"1342\" data-end=\"1362\"><strong data-start=\"1346\" data-end=\"1362\">\ud83c\udf1f Symbolik<\/strong><\/h3>\n<ul data-start=\"1364\" data-end=\"1679\">\n<li data-start=\"1364\" data-end=\"1429\">\n<p data-start=\"1366\" data-end=\"1429\"><strong data-start=\"1366\" data-end=\"1380\">Rot Farbe:<\/strong> Repr\u00e4sentiert Vitalit\u00e4t, Mut und Gl\u00fcck<\/p>\n<\/li>\n<li data-start=\"1430\" data-end=\"1548\">\n<p data-start=\"1432\" data-end=\"1548\"><strong data-start=\"1432\" data-end=\"1449\">Zirkon Stein:<\/strong> Bekannt als der \u201cStein des Glanzes\u201d, der Klarheit, Wohlstand und Selbstvertrauen f\u00f6rdern soll<\/p>\n<\/li>\n<li data-start=\"1549\" data-end=\"1679\">\n<p data-start=\"1551\" data-end=\"1679\"><strong data-start=\"1551\" data-end=\"1570\">Der rote Faden:<\/strong> Ein zeitloser Talisman, der in alten Traditionen verwurzelt ist und getragen wird, um positive Energie anzuziehen und Negativit\u00e4t abzuwehren<\/p>\n<\/li>\n<\/ul>\n<p data-start=\"1681\" data-end=\"1831\">Ob allein oder in Kombination mit anderen <em data-start=\"1722\" data-end=\"1733\">Rotes Sakrament<\/em> Armb\u00e4nder, dient dieses St\u00fcck als Erinnerung daran, selbstbewusst mit Liebe und Licht im Herzen zu gehen.<\/p>\n<hr data-start=\"1833\" data-end=\"1836\" \/>\n<h3 data-start=\"1838\" data-end=\"1860\"><strong data-start=\"1842\" data-end=\"1860\">\ud83c\udf81 Perfekt f\u00fcr<\/strong><\/h3>\n<ul data-start=\"1862\" data-end=\"2048\">\n<li data-start=\"1862\" data-end=\"1927\">\n<p data-start=\"1864\" data-end=\"1927\">Ein aussagekr\u00e4ftiges <strong data-start=\"1877\" data-end=\"1925\">Geschenk f\u00fcr Liebe, Freundschaft oder Neuanf\u00e4nge<\/strong><\/p>\n<\/li>\n<li data-start=\"1928\" data-end=\"1981\">\n<p data-start=\"1930\" data-end=\"1981\">T\u00e4gliches Tragen f\u00fcr <strong data-start=\"1945\" data-end=\"1979\">positive Energie und Schutz<\/strong><\/p>\n<\/li>\n<li data-start=\"1982\" data-end=\"2048\">\n<p data-start=\"1984\" data-end=\"2048\">Ideal f\u00fcr Geburtstage, Jahrestage und spirituelle Feiern<\/p>\n<\/li>\n<\/ul>\n<hr data-start=\"2050\" data-end=\"2053\" \/>\n<h3 data-start=\"2055\" data-end=\"2084\"><strong data-start=\"2059\" data-end=\"2084\">\ud83d\udd4a\ufe0f Pflegehinweise<\/strong><\/h3>\n<ul data-start=\"2086\" data-end=\"2226\">\n<li data-start=\"2086\" data-end=\"2137\">\n<p data-start=\"2088\" data-end=\"2137\">Vermeiden Sie den Kontakt mit scharfen Chemikalien und Parf\u00fcm<\/p>\n<\/li>\n<li data-start=\"2138\" data-end=\"2172\">\n<p data-start=\"2140\" data-end=\"2172\">Vorsichtig mit einem weichen Tuch reinigen<\/p>\n<\/li>\n<li data-start=\"2173\" data-end=\"2226\">\n<p data-start=\"2175\" data-end=\"2226\">Passen Sie die Schnur langsam an, um die Integrit\u00e4t des Knotens zu erhalten.<\/p>\n<\/li>\n<\/ul>\n<hr data-start=\"2228\" data-end=\"2231\" \/>\n<p data-start=\"2233\" data-end=\"2386\"><strong data-start=\"2233\" data-end=\"2273\">Red Sacre - Heiliges Rot, heilige Liebe.<\/strong><br data-start=\"2273\" data-end=\"2276\" \/>Jedes Armband tr\u00e4gt nicht nur einen Hauch von Eleganz in sich, sondern auch einen Wunsch nach Frieden, Gl\u00fcck und g\u00f6ttlicher Verbindung.<\/p>","protected":false},"excerpt":{"rendered":"<ul data-start=\"851\" data-end=\"1335\">\n<li data-start=\"851\" data-end=\"897\">\n<p data-start=\"853\" data-end=\"897\"><strong data-start=\"853\" data-end=\"863\">Stein:<\/strong> Roter Zirkon (5\u00d75mm, Facettenschliff)<\/p>\n<\/li>\n<li data-start=\"898\" data-end=\"956\">\n<p data-start=\"900\" data-end=\"956\"><strong data-start=\"900\" data-end=\"918\">Stein Bedeutung:<\/strong> Leidenschaft - Schutz - Lebensenergie<\/p>\n<\/li>\n<li data-start=\"957\" data-end=\"1033\">\n<p data-start=\"959\" data-end=\"1033\"><strong data-start=\"959\" data-end=\"977\">Material der Kordel:<\/strong> Hochwertige gewachste rote Saite, verschlei\u00dffest und wasserbest\u00e4ndig<\/p>\n<\/li>\n<li data-start=\"1034\" data-end=\"1117\">\n<p data-start=\"1036\" data-end=\"1117\"><strong data-start=\"1036\" data-end=\"1056\">L\u00e4nge des Armbands:<\/strong> Einstellbar von <strong data-start=\"1073\" data-end=\"1091\">16 cm bis 26 cm<\/strong> (f\u00fcr die meisten Handgelenksgr\u00f6\u00dfen)<\/p>\n<\/li>\n<li data-start=\"1205\" data-end=\"1252\">\n<p data-start=\"1207\" data-end=\"1252\"><strong data-start=\"1207\" data-end=\"1217\">Stil:<\/strong> Minimalistisches Unisex-Charme-Armband<\/p>\n<\/li>\n<li data-start=\"1253\" data-end=\"1335\">\n<p data-start=\"1255\" data-end=\"1335\"><strong data-start=\"1255\" data-end=\"1269\">Verpackung:<\/strong> Kommt mit einer Unterschrift <em data-start=\"1293\" data-end=\"1304\">Rotes Sakrament<\/em> Schmucketui &amp; Bedeutungskarte<\/p>\n<\/li>\n<\/ul>","protected":false},"featured_media":919,"comment_status":"open","ping_status":"closed","template":"","meta":{"site-sidebar-layout":"default","site-content-layout":"","ast-site-content-layout":"default","site-content-style":"default","site-sidebar-style":"default","ast-global-header-display":"","ast-banner-title-visibility":"","ast-main-header-display":"","ast-hfb-above-header-display":"","ast-hfb-below-header-display":"","ast-hfb-mobile-header-display":"","site-post-title":"","ast-breadcrumbs-content":"","ast-featured-img":"","footer-sml-layout":"","theme-transparent-header-meta":"default","adv-header-id-meta":"","stick-header-meta":"","header-above-stick-meta":"","header-main-stick-meta":"","header-below-stick-meta":"","astra-migrate-meta-layouts":"set","ast-page-background-enabled":"default","ast-page-background-meta":{"desktop":{"background-color":"var(--ast-global-color-5)","background-image":"","background-repeat":"repeat","background-position":"center center","background-size":"auto","background-attachment":"scroll","background-type":"","background-media":"","overlay-type":"","overlay-color":"","overlay-opacity":"","overlay-gradient":""},"tablet":{"background-color":"","background-image":"","background-repeat":"repeat","background-position":"center center","background-size":"auto","background-attachment":"scroll","background-type":"","background-media":"","overlay-type":"","overlay-color":"","overlay-opacity":"","overlay-gradient":""},"mobile":{"background-color":"","background-image":"","background-repeat":"repeat","background-position":"center center","background-size":"auto","background-attachment":"scroll","background-type":"","background-media":"","overlay-type":"","overlay-color":"","overlay-opacity":"","overlay-gradient":""}},"ast-content-background-meta":{"desktop":{"background-color":"var(--ast-global-color-4)","background-image":"","background-repeat":"repeat","background-position":"center center","background-size":"auto","background-attachment":"scroll","background-type":"","background-media":"","overlay-type":"","overlay-color":"","overlay-opacity":"","overlay-gradient":""},"tablet":{"background-color":"var(--ast-global-color-4)","background-image":"","background-repeat":"repeat","background-position":"center center","background-size":"auto","background-attachment":"scroll","background-type":"","background-media":"","overlay-type":"","overlay-color":"","overlay-opacity":"","overlay-gradient":""},"mobile":{"background-color":"var(--ast-global-color-4)","background-image":"","background-repeat":"repeat","background-position":"center center","background-size":"auto","background-attachment":"scroll","background-type":"","background-media":"","overlay-type":"","overlay-color":"","overlay-opacity":"","overlay-gradient":""}}},"product_brand":[],"product_cat":[24,46],"product_tag":[],"class_list":{"0":"post-957","1":"product","2":"type-product","3":"status-publish","4":"has-post-thumbnail","6":"product_cat-bracelet","7":"product_cat-red-zircon-lucky-string-collection","8":"wcmi-has-gallery","9":"desktop-align-left","10":"tablet-align-left","11":"mobile-align-left","13":"first","14":"instock","15":"sale","16":"taxable","17":"shipping-taxable","18":"purchasable","19":"product-type-simple"},"aioseo_notices":[],"_links":{"self":[{"href":"https:\/\/redsacre.com\/de\/wp-json\/wp\/v2\/product\/957","targetHints":{"allow":["GET"]}}],"collection":[{"href":"https:\/\/redsacre.com\/de\/wp-json\/wp\/v2\/product"}],"about":[{"href":"https:\/\/redsacre.com\/de\/wp-json\/wp\/v2\/types\/product"}],"replies":[{"embeddable":true,"href":"https:\/\/redsacre.com\/de\/wp-json\/wp\/v2\/comments?post=957"}],"version-history":[{"count":0,"href":"https:\/\/redsacre.com\/de\/wp-json\/wp\/v2\/product\/957\/revisions"}],"wp:featuredmedia":[{"embeddable":true,"href":"https:\/\/redsacre.com\/de\/wp-json\/wp\/v2\/media\/919"}],"wp:attachment":[{"href":"https:\/\/redsacre.com\/de\/wp-json\/wp\/v2\/media?parent=957"}],"wp:term":[{"taxonomy":"product_brand","embeddable":true,"href":"https:\/\/redsacre.com\/de\/wp-json\/wp\/v2\/product_brand?post=957"},{"taxonomy":"product_cat","embeddable":true,"href":"https:\/\/redsacre.com\/de\/wp-json\/wp\/v2\/product_cat?post=957"},{"taxonomy":"product_tag","embeddable":true,"href":"https:\/\/redsacre.com\/de\/wp-json\/wp\/v2\/product_tag?post=957"}],"curies":[{"name":"wp","href":"https:\/\/api.w.org\/{rel}","templated":true}]}}