{"id":834,"date":"2025-10-19T11:16:18","date_gmt":"2025-10-19T11:16:18","guid":{"rendered":"https:\/\/redsacre.com\/?post_type=product&#038;p=834"},"modified":"2025-11-21T03:08:22","modified_gmt":"2025-11-21T03:08:22","slug":"rotes-sacre-roter-string-perlenarmband","status":"publish","type":"product","link":"https:\/\/redsacre.com\/de\/product\/rotes-sacre-roter-string-perlenarmband\/","title":{"rendered":"Red Sacre Rote Schnur S\u00fc\u00dfwasserperlen-Armband"},"content":{"rendered":"<p data-start=\"295\" data-end=\"732\">Die <a href=\"https:\/\/redsacre.com\/de\/product\/rotes-sacre-roter-string-perlenarmband\/\"><strong data-start=\"299\" data-end=\"349\">Rotes Sacre S\u00fc\u00dfwasserperlen-Armband mit roter Schnur<\/strong><\/a> ist eine raffinierte Mischung aus Minimalismus, Symbolik und zeitloser Handwerkskunst. Sorgf\u00e4ltig von Hand aus roter Premium-Nylonschnur gewebt, ist es mit einem <strong data-start=\"497\" data-end=\"533\">6-6,5 mm\/11-12 mm nat\u00fcrliche S\u00fc\u00dfwasserperle<\/strong>, und strahlt sanften Glanz und Eleganz aus. Ein zarter goldfarbener Anh\u00e4nger mit Gravur <strong data-start=\"612\" data-end=\"627\">\u201cRed Sacre\u201d<\/strong> Der verstellbare Knoten sorgt f\u00fcr eine bequeme und universelle Passform.<\/p>\n<p data-start=\"734\" data-end=\"911\">Jedes Armband wird sorgf\u00e4ltig hergestellt und symbolisiert <strong data-start=\"782\" data-end=\"820\">Schutz, Liebe und Gl\u00fccksf\u00e4lle<\/strong>, Damit ist sie mehr als nur ein Schmuckst\u00fcck - sie ist ein pers\u00f6nlicher Talisman f\u00fcr den Alltag.<\/p>\n<h3 data-start=\"913\" data-end=\"935\"><strong data-start=\"917\" data-end=\"935\">Spezifikationen<\/strong><\/h3>\n<ul data-start=\"936\" data-end=\"1287\">\n<li data-start=\"936\" data-end=\"1002\">\n<p data-start=\"938\" data-end=\"1002\"><strong data-start=\"938\" data-end=\"951\">Material:<\/strong> Hochwertige rote gewebte Kordel, nat\u00fcrliche S\u00fc\u00dfwasserperle<\/p>\n<\/li>\n<li data-start=\"1003\" data-end=\"1030\">\n<p data-start=\"1005\" data-end=\"1030\"><strong data-start=\"1005\" data-end=\"1020\">Perlengr\u00f6\u00dfe:<\/strong> 6-6,5 mm\/11-12 mm<\/p>\n<\/li>\n<li data-start=\"1031\" data-end=\"1107\">\n<p data-start=\"1033\" data-end=\"1107\"><strong data-start=\"1033\" data-end=\"1053\">L\u00e4nge des Armbands: 5-8\u201d Kordelzug<\/strong><\/p>\n<\/li>\n<li data-start=\"1108\" data-end=\"1175\">\n<p data-start=\"1110\" data-end=\"1175\"><strong data-start=\"1110\" data-end=\"1120\">Charme:<\/strong> Schild mit der Gravur \u201cRed Sacre\u201d<\/p>\n<\/li>\n<li data-start=\"1176\" data-end=\"1219\">\n<p data-start=\"1178\" data-end=\"1219\"><strong data-start=\"1178\" data-end=\"1190\">Schlie\u00dfung:<\/strong> Handgekn\u00fcpfter Schiebeschlu\u00df<\/p>\n<\/li>\n<li data-start=\"1220\" data-end=\"1287\">\n<p data-start=\"1222\" data-end=\"1287\"><strong data-start=\"1222\" data-end=\"1236\">Verpackung:<\/strong> Pr\u00e4sentiert in einer Red Sacre-Geschenkbox mit Pflegekarte<\/p>\n<\/li>\n<\/ul>\n<hr data-start=\"1289\" data-end=\"1292\" \/>\n<h3 data-start=\"1294\" data-end=\"1320\"><strong data-start=\"1298\" data-end=\"1320\">Produktvorteile<\/strong><\/h3>\n<ol data-start=\"1321\" data-end=\"1932\">\n<li data-start=\"1321\" data-end=\"1447\">\n<p data-start=\"1324\" data-end=\"1447\"><strong data-start=\"1324\" data-end=\"1355\">Echte S\u00fc\u00dfwasserperle:<\/strong> Jede Perle wird aufgrund ihrer runden Form, ihrer glatten Oberfl\u00e4che und ihres nat\u00fcrlichen Schillerns von Hand ausgew\u00e4hlt.<\/p>\n<\/li>\n<li data-start=\"1448\" data-end=\"1594\">\n<p data-start=\"1451\" data-end=\"1594\"><strong data-start=\"1451\" data-end=\"1475\">Symbolischer roter Faden:<\/strong> Traditionell vertreten <strong data-start=\"1503\" data-end=\"1538\">Schutz, Gl\u00fcck und Segen<\/strong>, Die rote Kordel verleiht jedem Outfit Bedeutung und Charme.<\/p>\n<\/li>\n<li data-start=\"1595\" data-end=\"1717\">\n<p data-start=\"1598\" data-end=\"1717\"><strong data-start=\"1598\" data-end=\"1617\">Einstellbare Passform:<\/strong> Das Design des Schiebeknotens bietet Komfort und Flexibilit\u00e4t und gew\u00e4hrleistet eine perfekte Passform f\u00fcr jedes Handgelenk.<\/p>\n<\/li>\n<li data-start=\"1718\" data-end=\"1824\">\n<p data-start=\"1721\" data-end=\"1824\"><strong data-start=\"1721\" data-end=\"1747\">Langlebige Handwerkskunst:<\/strong> Hergestellt aus dicht gewebtem Nylon f\u00fcr verbesserte Haltbarkeit und Farbbest\u00e4ndigkeit.<\/p>\n<\/li>\n<li data-start=\"1825\" data-end=\"1932\">\n<p data-start=\"1828\" data-end=\"1932\"><strong data-start=\"1828\" data-end=\"1851\">Eleganter Minimalismus:<\/strong> Ein dezentes, aber elegantes Accessoire, das sowohl zu legerer als auch zu formeller Kleidung passt.<\/p>\n<\/li>\n<\/ol>\n<hr data-start=\"1934\" data-end=\"1937\" \/>\n<h3 data-start=\"1939\" data-end=\"1965\"><strong data-start=\"1943\" data-end=\"1965\">Wichtigste Verkaufsargumente<\/strong><\/h3>\n<ul data-start=\"1966\" data-end=\"2456\">\n<li data-start=\"1966\" data-end=\"2072\">\n<p data-start=\"1968\" data-end=\"2072\">\u2705 <strong data-start=\"1970\" data-end=\"1990\">Bedeutungsvolles Geschenk:<\/strong> Ideal f\u00fcr Geburtstage, Jahrestage oder als Symbol f\u00fcr Schutz und Zuneigung.<\/p>\n<\/li>\n<li data-start=\"2073\" data-end=\"2149\">\n<p data-start=\"2075\" data-end=\"2149\">\u2705 <strong data-start=\"2077\" data-end=\"2095\">Unisex-Design:<\/strong> Schlicht, elegant und sowohl f\u00fcr M\u00e4nner als auch f\u00fcr Frauen geeignet.<\/p>\n<\/li>\n<li data-start=\"2150\" data-end=\"2237\">\n<p data-start=\"2152\" data-end=\"2237\">\u2705 <strong data-start=\"2154\" data-end=\"2178\">Luxuri\u00f6se Pr\u00e4sentation:<\/strong> Kommt in einer eleganten Red Sacre-Verpackung, bereit zum Verschenken.<\/p>\n<\/li>\n<li data-start=\"2238\" data-end=\"2321\">\n<p data-start=\"2240\" data-end=\"2321\">\u2705 <strong data-start=\"2242\" data-end=\"2263\">Handgefertigte Qualit\u00e4t:<\/strong> Jedes Armband wird mit Pr\u00e4zision und Sorgfalt handgefertigt.<\/p>\n<\/li>\n<li data-start=\"2322\" data-end=\"2456\">\n<p data-start=\"2324\" data-end=\"2456\">\u2705 <strong data-start=\"2326\" data-end=\"2349\">Kulturelle Symbolik:<\/strong> Inspiriert von der zeitlosen Tradition der roten Schnur, die in vielen Kulturen zu finden ist und f\u00fcr Glauben und Verbundenheit steht.<\/p>\n<\/li>\n<\/ul>\n<hr data-start=\"2458\" data-end=\"2461\" \/>\n<h3 data-start=\"2463\" data-end=\"2509\"><strong data-start=\"2467\" data-end=\"2509\">Detaillierte Beschreibung des unabh\u00e4ngigen Gesch\u00e4fts<\/strong><\/h3>\n<p data-start=\"2510\" data-end=\"2788\">Das Gleichgewicht zwischen Tradition und Modernit\u00e4t mit dem <a href=\"https:\/\/linktr.ee\/redsacre\"><strong data-start=\"2566\" data-end=\"2616\">Rotes Sacre S\u00fc\u00dfwasserperlen-Armband mit roter Schnur<\/strong><\/a>. Dieses Armband wurde f\u00fcr diejenigen entworfen, die subtilen Luxus und bedeutungsvolle Symbolik sch\u00e4tzen. Es verbindet die Reinheit einer S\u00fc\u00dfwasserperle mit der verhei\u00dfungsvollen Energie der roten Schnur.<\/p>\n<p data-start=\"2790\" data-end=\"3046\">Perfekt zum Stapeln oder als Einzelst\u00fcck zu tragen, l\u00e4sst es sich m\u00fchelos vom Tag zum Abend kombinieren und verleiht Ihrem Stil einen Hauch von schlichter Eleganz. Jedes Armband verk\u00f6rpert die Philosophie von Red Sacre. <strong data-start=\"2979\" data-end=\"3046\">Reinheit im Design, St\u00e4rke in der Bedeutung und Anmut in der Schlichtheit.<\/strong><\/p>\n<p data-start=\"3048\" data-end=\"3193\">Tragen Sie ihn als Erinnerung an Liebe, Schutz und inneren Frieden - oder verschenken Sie ihn an einen besonderen Menschen als Geste des Gl\u00fccks und der Herzensverbindung.<\/p>","protected":false},"excerpt":{"rendered":"<ul data-start=\"936\" data-end=\"1287\">\n<li data-start=\"936\" data-end=\"1002\">\n<p data-start=\"938\" data-end=\"1002\"><strong data-start=\"938\" data-end=\"951\">Material:<\/strong> Hochwertige rote gewebte Kordel, nat\u00fcrliche S\u00fc\u00dfwasserperle<\/p>\n<\/li>\n<li data-start=\"1003\" data-end=\"1030\">\n<p data-start=\"1005\" data-end=\"1030\"><strong data-start=\"1005\" data-end=\"1020\">Perlengr\u00f6\u00dfe:<\/strong> 6-6,5 mm\/11-12 mm<\/p>\n<\/li>\n<li data-start=\"1031\" data-end=\"1107\">\n<p data-start=\"1033\" data-end=\"1107\"><strong data-start=\"1033\" data-end=\"1053\">L\u00e4nge des Armbands: 5-8\u201d Kordelzug<\/strong><\/p>\n<\/li>\n<li data-start=\"1108\" data-end=\"1175\">\n<p data-start=\"1110\" data-end=\"1175\"><strong data-start=\"1110\" data-end=\"1120\">Charme:<\/strong> Schild mit der Gravur \u201cRed Sacre\u201d<\/p>\n<\/li>\n<li data-start=\"1176\" data-end=\"1219\">\n<p data-start=\"1178\" data-end=\"1219\"><strong data-start=\"1178\" data-end=\"1190\">Schlie\u00dfung:<\/strong> Handgekn\u00fcpfter Schiebeschlu\u00df<\/p>\n<\/li>\n<\/ul>","protected":false},"featured_media":872,"comment_status":"open","ping_status":"closed","template":"","meta":{"site-sidebar-layout":"default","site-content-layout":"","ast-site-content-layout":"default","site-content-style":"default","site-sidebar-style":"default","ast-global-header-display":"","ast-banner-title-visibility":"","ast-main-header-display":"","ast-hfb-above-header-display":"","ast-hfb-below-header-display":"","ast-hfb-mobile-header-display":"","site-post-title":"","ast-breadcrumbs-content":"","ast-featured-img":"","footer-sml-layout":"","theme-transparent-header-meta":"default","adv-header-id-meta":"","stick-header-meta":"","header-above-stick-meta":"","header-main-stick-meta":"","header-below-stick-meta":"","astra-migrate-meta-layouts":"set","ast-page-background-enabled":"default","ast-page-background-meta":{"desktop":{"background-color":"var(--ast-global-color-5)","background-image":"","background-repeat":"repeat","background-position":"center center","background-size":"auto","background-attachment":"scroll","background-type":"","background-media":"","overlay-type":"","overlay-color":"","overlay-opacity":"","overlay-gradient":""},"tablet":{"background-color":"","background-image":"","background-repeat":"repeat","background-position":"center center","background-size":"auto","background-attachment":"scroll","background-type":"","background-media":"","overlay-type":"","overlay-color":"","overlay-opacity":"","overlay-gradient":""},"mobile":{"background-color":"","background-image":"","background-repeat":"repeat","background-position":"center center","background-size":"auto","background-attachment":"scroll","background-type":"","background-media":"","overlay-type":"","overlay-color":"","overlay-opacity":"","overlay-gradient":""}},"ast-content-background-meta":{"desktop":{"background-color":"var(--ast-global-color-4)","background-image":"","background-repeat":"repeat","background-position":"center center","background-size":"auto","background-attachment":"scroll","background-type":"","background-media":"","overlay-type":"","overlay-color":"","overlay-opacity":"","overlay-gradient":""},"tablet":{"background-color":"var(--ast-global-color-4)","background-image":"","background-repeat":"repeat","background-position":"center center","background-size":"auto","background-attachment":"scroll","background-type":"","background-media":"","overlay-type":"","overlay-color":"","overlay-opacity":"","overlay-gradient":""},"mobile":{"background-color":"var(--ast-global-color-4)","background-image":"","background-repeat":"repeat","background-position":"center center","background-size":"auto","background-attachment":"scroll","background-type":"","background-media":"","overlay-type":"","overlay-color":"","overlay-opacity":"","overlay-gradient":""}}},"product_brand":[],"product_cat":[24,45],"product_tag":[44],"class_list":{"0":"post-834","1":"product","2":"type-product","3":"status-publish","4":"has-post-thumbnail","6":"product_cat-bracelet","7":"product_cat-pearl-red-string-collection","8":"product_tag-red-string-fresh-water-pearl-bracelet","9":"wcmi-has-gallery","10":"desktop-align-left","11":"tablet-align-left","12":"mobile-align-left","14":"first","15":"instock","16":"sale","17":"taxable","18":"shipping-taxable","19":"purchasable","20":"product-type-variable"},"aioseo_notices":[],"_links":{"self":[{"href":"https:\/\/redsacre.com\/de\/wp-json\/wp\/v2\/product\/834","targetHints":{"allow":["GET"]}}],"collection":[{"href":"https:\/\/redsacre.com\/de\/wp-json\/wp\/v2\/product"}],"about":[{"href":"https:\/\/redsacre.com\/de\/wp-json\/wp\/v2\/types\/product"}],"replies":[{"embeddable":true,"href":"https:\/\/redsacre.com\/de\/wp-json\/wp\/v2\/comments?post=834"}],"version-history":[{"count":2,"href":"https:\/\/redsacre.com\/de\/wp-json\/wp\/v2\/product\/834\/revisions"}],"predecessor-version":[{"id":1262,"href":"https:\/\/redsacre.com\/de\/wp-json\/wp\/v2\/product\/834\/revisions\/1262"}],"wp:featuredmedia":[{"embeddable":true,"href":"https:\/\/redsacre.com\/de\/wp-json\/wp\/v2\/media\/872"}],"wp:attachment":[{"href":"https:\/\/redsacre.com\/de\/wp-json\/wp\/v2\/media?parent=834"}],"wp:term":[{"taxonomy":"product_brand","embeddable":true,"href":"https:\/\/redsacre.com\/de\/wp-json\/wp\/v2\/product_brand?post=834"},{"taxonomy":"product_cat","embeddable":true,"href":"https:\/\/redsacre.com\/de\/wp-json\/wp\/v2\/product_cat?post=834"},{"taxonomy":"product_tag","embeddable":true,"href":"https:\/\/redsacre.com\/de\/wp-json\/wp\/v2\/product_tag?post=834"}],"curies":[{"name":"wp","href":"https:\/\/api.w.org\/{rel}","templated":true}]}}