{"id":379,"date":"2025-10-02T14:14:31","date_gmt":"2025-10-02T14:14:31","guid":{"rendered":"https:\/\/redsacre.com\/?page_id=379"},"modified":"2025-11-05T01:38:00","modified_gmt":"2025-11-05T01:38:00","slug":"privacy-policy","status":"publish","type":"page","link":"https:\/\/redsacre.com\/de\/privacy-policy\/","title":{"rendered":"Datenschutzbestimmungen"},"content":{"rendered":"<p>Wir nehmen den Schutz Ihrer Daten ernst, und diese Datenschutzerkl\u00e4rung erl\u00e4utert, wie <strong>Rotes Sakrament<\/strong> (zusammenfassend als \u201cwir\u201d, \u201cuns\u201d oder \u201cunser\u201d bezeichnet) sammeln, verwenden, teilen und verarbeiten Ihre Daten.<\/p>\n\n\n\n<hr class=\"wp-block-separator has-alpha-channel-opacity\"\/>\n\n\n\n<h2 class=\"wp-block-heading has-large-font-size\">Erhebung und Verwendung personenbezogener Daten<\/h2>\n\n\n\n<p>Personenbezogene Daten sind Informationen, die dazu dienen k\u00f6nnen, Sie direkt oder indirekt zu identifizieren. Zu den personenbezogenen Daten geh\u00f6ren auch anonyme Daten, die mit Informationen verkn\u00fcpft sind, anhand derer Sie direkt oder indirekt identifiziert werden k\u00f6nnen. Zu den personenbezogenen Daten geh\u00f6ren keine Daten, die unwiderruflich anonymisiert oder aggregiert wurden, so dass sie es uns nicht mehr erm\u00f6glichen, Sie zu identifizieren, sei es in Kombination mit anderen Informationen oder auf andere Weise.<\/p>\n\n\n\n<hr class=\"wp-block-separator has-alpha-channel-opacity\"\/>\n\n\n\n<h2 class=\"wp-block-heading has-large-font-size\">F\u00f6rderung von Sicherheit und Schutz<\/h2>\n\n\n\n<p>Wir halten uns an die Grunds\u00e4tze der Legalit\u00e4t, Legitimit\u00e4t und Transparenz, verwenden und verarbeiten die wenigsten Daten in einem begrenzten Rahmen und ergreifen technische und administrative Ma\u00dfnahmen, um die Sicherheit der Daten zu sch\u00fctzen. Wir verwenden personenbezogene Daten zur \u00dcberpr\u00fcfung von Konten und Nutzeraktivit\u00e4ten sowie zur F\u00f6rderung der Sicherheit, z. B. zur Betrugs\u00fcberwachung und zur Untersuchung verd\u00e4chtiger oder potenziell illegaler Aktivit\u00e4ten oder Verst\u00f6\u00dfe gegen unsere Bedingungen oder Richtlinien. Eine solche Verarbeitung beruht auf unserem berechtigten Interesse, die Sicherheit unserer Produkte und Dienstleistungen zu gew\u00e4hrleisten.<\/p>\n\n\n\n<hr class=\"wp-block-separator has-alpha-channel-opacity\"\/>\n\n\n\n<h2 class=\"wp-block-heading has-large-font-size\">Welche pers\u00f6nlichen Daten wir sammeln<\/h2>\n\n\n\n<h3 class=\"wp-block-heading\">\u2160. Daten, die Sie bereitstellen:<\/h3>\n\n\n\n<p>Wir erfassen die personenbezogenen Daten, die Sie uns zur Verf\u00fcgung stellen, wenn Sie unsere Produkte und Dienstleistungen nutzen oder anderweitig mit uns interagieren, z. B. wenn Sie ein Konto erstellen, uns kontaktieren, an einer Online-Umfrage teilnehmen, unsere Online-Hilfe oder unser Online-Chat-Tool nutzen. Wenn Sie einen Kauf t\u00e4tigen, erfassen wir personenbezogene Daten im Zusammenhang mit dem Kauf. Zu diesen Daten geh\u00f6ren Ihre Zahlungsdaten, wie z. B. Ihre Kredit- oder Debitkartennummer und andere Karteninformationen, und andere Konto- und Authentifizierungsinformationen sowie Rechnungs-, Versand- und Kontaktinformationen.<\/p>\n\n\n\n<h3 class=\"wp-block-heading\">\u2161. Daten \u00fcber die Nutzung unserer Dienstleistungen und Produkte:<\/h3>\n\n\n\n<p>Wenn Sie unsere Websites besuchen, k\u00f6nnen wir Daten \u00fcber die Art des von Ihnen verwendeten Ger\u00e4ts, die eindeutige Kennung Ihres Ger\u00e4ts, die IP-Adresse Ihres Ger\u00e4ts, Ihr Betriebssystem, die Art des von Ihnen verwendeten Internetbrowsers, Nutzungsinformationen, Diagnoseinformationen und Standortinformationen von oder \u00fcber die Computer, Telefone oder andere Ger\u00e4te erfassen, auf denen Sie unsere Produkte oder Dienstleistungen installieren oder darauf zugreifen. Sofern verf\u00fcgbar, k\u00f6nnen unsere Dienste GPS, Ihre IP-Adresse und andere Technologien nutzen, um den ungef\u00e4hren Standort eines Ger\u00e4ts zu bestimmen, damit wir unsere Produkte und Dienste verbessern k\u00f6nnen.<\/p>\n\n\n\n<hr class=\"wp-block-separator has-alpha-channel-opacity\"\/>\n\n\n\n<h2 class=\"wp-block-heading has-large-font-size\">Wie wir Ihre pers\u00f6nlichen Daten verwenden<\/h2>\n\n\n\n<h3 class=\"wp-block-heading has-medium-font-size\">\u2160. Die Bereitstellung, Verbesserung und Entwicklung unserer Produkte und Dienstleistungen:<\/h3>\n\n\n\n<p>Wir verwenden personenbezogene Daten, um unsere Produkte, Dienstleistungen und Werbung anzubieten, zu verbessern und weiterzuentwickeln. Dazu geh\u00f6rt auch die Verwendung personenbezogener Daten f\u00fcr Zwecke wie Datenanalyse, Forschung und Audits. Eine solche Verarbeitung beruht auf unserem berechtigten Interesse, Ihnen Produkte und Dienstleistungen anzubieten, und dient der Gesch\u00e4ftskontinuit\u00e4t. Wenn Sie an einem Wettbewerb oder einer anderen Werbeaktion teilnehmen, k\u00f6nnen wir die von Ihnen bereitgestellten personenbezogenen Daten zur Verwaltung dieser Programme verwenden. F\u00fcr einige dieser Aktivit\u00e4ten gelten zus\u00e4tzliche Regeln, die weitere Angaben \u00fcber die Verwendung personenbezogener Daten enthalten k\u00f6nnen.<\/p>\n\n\n\n<h3 class=\"wp-block-heading has-medium-font-size\">\u2161. Wir kommunizieren mit Ihnen:<\/h3>\n\n\n\n<p>Vorbehaltlich Ihrer vorherigen ausdr\u00fccklichen Zustimmung k\u00f6nnen wir personenbezogene Daten verwenden, um Ihnen Marketingmitteilungen in Bezug auf unsere eigenen Produkte und Dienstleistungen zu senden, mit Ihnen \u00fcber Ihr Konto oder Ihre Transaktionen zu kommunizieren und Sie \u00fcber unsere Richtlinien und Bedingungen zu informieren. Wenn Sie keine E-Mail-Nachrichten zu Marketingzwecken mehr erhalten m\u00f6chten, bitten wir Sie <strong>Kontakt<\/strong> zu widersprechen. Wir k\u00f6nnen Ihre Daten auch zur Bearbeitung und Beantwortung Ihrer Anfragen verwenden, wenn Sie <strong>Kontakt<\/strong>. Vorbehaltlich Ihrer vorherigen ausdr\u00fccklichen Zustimmung k\u00f6nnen wir Ihre personenbezogenen Daten an dritte Partner weitergeben, die Ihnen Marketingmitteilungen in Bezug auf ihre Produkte und Dienstleistungen senden k\u00f6nnen. Vorbehaltlich Ihrer vorherigen ausdr\u00fccklichen Zustimmung k\u00f6nnen wir personenbezogene Daten verwenden, um Ihre Erfahrungen mit unseren Produkten und Dienstleistungen sowie mit den Websites und Anwendungen Dritter zu personalisieren und die Wirksamkeit unserer Werbekampagnen zu ermitteln.<\/p>\n\n\n\n<p><strong>HINWEIS:<\/strong> F\u00fcr jede der oben beschriebenen Verwendungen Ihrer Daten, die Ihre vorherige ausdr\u00fcckliche Zustimmung erfordern, k\u00f6nnen Sie Ihre Zustimmung widerrufen, indem Sie sich mit uns in Verbindung setzen.<\/p>\n\n\n\n<hr class=\"wp-block-separator has-alpha-channel-opacity\"\/>\n\n\n\n<h2 class=\"wp-block-heading has-large-font-size\">Definition von \u201cCookies\u201d<\/h2>\n\n\n\n<p>Cookies sind kleine Textdateien, die zum Speichern von Informationen in Webbrowsern verwendet werden. Cookies werden h\u00e4ufig verwendet, um Kennungen und andere Informationen auf Computern, Telefonen und anderen Ger\u00e4ten zu speichern und zu empfangen. Wir verwenden auch andere Technologien, einschlie\u00dflich Daten, die wir in Ihrem Webbrowser oder auf Ihrem Ger\u00e4t speichern, Kennungen, die mit Ihrem Ger\u00e4t verbunden sind, und andere Software, f\u00fcr \u00e4hnliche Zwecke. In dieser Cookie-Erkl\u00e4rung bezeichnen wir alle diese Technologien als \u201cCookies\u201d.\u201d<\/p>\n\n\n\n<hr class=\"wp-block-separator has-alpha-channel-opacity\"\/>\n\n\n\n<h2 class=\"wp-block-heading has-large-font-size\">Verwendung von Cookies<\/h2>\n\n\n\n<p>Wir verwenden Cookies, um unsere Produkte und Dienstleistungen bereitzustellen, zu sch\u00fctzen und zu verbessern, z. B. um Inhalte zu personalisieren, Werbung anzubieten und zu messen, das Nutzerverhalten zu verstehen und ein sichereres Erlebnis zu bieten. Bitte beachten Sie, dass die spezifischen Cookies, die wir verwenden, je nach den von Ihnen genutzten Websites und Diensten variieren k\u00f6nnen.<\/p>\n\n\n\n<hr class=\"wp-block-separator has-alpha-channel-opacity\"\/>\n\n\n\n<h2 class=\"wp-block-heading has-large-font-size\">Weitergabe von personenbezogenen Daten<\/h2>\n\n\n\n<p>Wir stellen bestimmte personenbezogene Daten strategischen Partnern zur Verf\u00fcgung, die mit uns zusammenarbeiten, um unsere Produkte und Dienstleistungen anzubieten oder uns bei der Vermarktung an Kunden zu unterst\u00fctzen. Personenbezogene Daten werden von uns nur an diese Unternehmen weitergegeben, um unsere Produkte, Dienstleistungen und Werbung bereitzustellen oder zu verbessern; sie werden nicht ohne Ihre vorherige ausdr\u00fcckliche Zustimmung an Dritte f\u00fcr deren eigene Marketingzwecke weitergegeben.<\/p>\n\n\n\n<hr class=\"wp-block-separator has-alpha-channel-opacity\"\/>\n\n\n\n<h2 class=\"wp-block-heading has-large-font-size\">Offenlegung von Daten oder Speicherung, \u00dcbertragung und Verarbeitung<\/h2>\n\n\n\n<h3 class=\"wp-block-heading has-medium-font-size\">\u2160. Erf\u00fcllung der gesetzlichen Verpflichtungen:<\/h3>\n\n\n\n<p>Aufgrund der zwingenden Gesetze des Europ\u00e4ischen Wirtschaftsraums oder des Landes, in dem der Nutzer wohnt, gibt es bestimmte Rechtsakte oder sind bestimmte rechtliche Verpflichtungen zu erf\u00fcllen. Behandlung personenbezogener Daten von EWR-B\u00fcrgern - Wenn Sie Ihren Wohnsitz innerhalb des Europ\u00e4ischen Wirtschaftsraums (EWR) haben, ist unsere Verarbeitung Ihrer personenbezogenen Daten wie unten beschrieben legitimiert: Wann immer wir Ihre Zustimmung zur Verarbeitung Ihrer personenbezogenen Daten ben\u00f6tigen, ist diese Verarbeitung gem\u00e4\u00df Artikel 6 Absatz 1 der Allgemeinen Datenschutzverordnung (EU) (\u201cDSGVO\u201d) gerechtfertigt.<\/p>\n\n\n\n<h3 class=\"wp-block-heading has-medium-font-size\">\u2161. F\u00fcr die Zwecke einer angemessenen Umsetzung oder Anwendung dieses Artikels:<\/h3>\n\n\n\n<p>Wir k\u00f6nnen personenbezogene Daten mit allen mit uns verbundenen Unternehmen austauschen. Im Falle einer Fusion, Umstrukturierung, \u00dcbernahme, eines Joint Ventures, einer Abtretung, Ausgliederung, \u00dcbertragung oder eines Verkaufs oder einer Ver\u00e4u\u00dferung unseres gesamten Unternehmens oder eines Teils davon, auch in Verbindung mit einem Konkurs- oder \u00e4hnlichen Verfahren, k\u00f6nnen wir alle personenbezogenen Daten an den betreffenden Dritten \u00fcbertragen. Wir k\u00f6nnen personenbezogene Daten auch offenlegen, wenn wir in gutem Glauben feststellen, dass die Offenlegung vern\u00fcnftigerweise notwendig ist, um unsere Rechte zu sch\u00fctzen und verf\u00fcgbare Rechtsmittel zu verfolgen, unsere Gesch\u00e4ftsbedingungen durchzusetzen, Betrug zu untersuchen oder unseren Betrieb oder unsere Nutzer zu sch\u00fctzen.<\/p>\n\n\n\n<h3 class=\"wp-block-heading has-medium-font-size\">\u2162. Einhaltung von Gesetzen und Sicherheit oder Schutz anderer Rechte<\/h3>\n\n\n\n<p>Es kann erforderlich sein, dass wir aufgrund von Gesetzen, rechtlichen Verfahren, Rechtsstreitigkeiten und\/oder Anfragen von \u00f6ffentlichen und staatlichen Beh\u00f6rden innerhalb oder au\u00dferhalb Ihres Wohnsitzlandes personenbezogene Daten offenlegen m\u00fcssen. Wir k\u00f6nnen personenbezogene Daten auch offenlegen, wenn wir feststellen, dass die Offenlegung aus Gr\u00fcnden der nationalen Sicherheit, der Strafverfolgung oder anderer Fragen von \u00f6ffentlicher Bedeutung notwendig oder angemessen ist.<\/p>\n\n\n\n<hr class=\"wp-block-separator has-alpha-channel-opacity\"\/>\n\n\n\n<h2 class=\"wp-block-heading has-large-font-size\">Kinder<\/h2>\n\n\n\n<p>Unsere Produkte und Dienstleistungen sind f\u00fcr Erwachsene bestimmt. Dementsprechend sammeln, verwenden oder ver\u00f6ffentlichen wir nicht wissentlich Daten von Kindern unter 16 Jahren. Wenn wir erfahren, dass wir personenbezogene Daten von Kindern unter 16 Jahren oder dem entsprechenden Mindestalter je nach Gerichtsbarkeit erfasst haben, werden wir Ma\u00dfnahmen ergreifen, um die Daten so schnell wie m\u00f6glich zu l\u00f6schen. Bitte sofort <strong>Kontakt<\/strong> wenn Sie feststellen, dass ein Kind unter 16 Jahren uns personenbezogene Daten zur Verf\u00fcgung gestellt hat.<\/p>\n\n\n\n<hr class=\"wp-block-separator has-alpha-channel-opacity\"\/>\n\n\n\n<h2 class=\"wp-block-heading has-large-font-size\">Ihre Rechte<\/h2>\n\n\n\n<p>Wir ergreifen angemessene Ma\u00dfnahmen, um sicherzustellen, dass Ihre personenbezogenen Daten richtig, vollst\u00e4ndig und aktuell sind. Sie haben das Recht, auf die von uns erhobenen personenbezogenen Daten zuzugreifen, sie zu korrigieren oder zu l\u00f6schen. Sie haben auch das Recht, die weitere Verarbeitung Ihrer personenbezogenen Daten einzuschr\u00e4nken oder ihr jederzeit zu widersprechen. Sie haben das Recht, Ihre personenbezogenen Daten in einem strukturierten und standardisierten Format zu erhalten. Sie k\u00f6nnen bei der zust\u00e4ndigen Datenschutzbeh\u00f6rde eine Beschwerde \u00fcber die Verarbeitung Ihrer personenbezogenen Daten einreichen.<\/p>\n\n\n\n<p>Um die Privatsph\u00e4re und die Sicherheit Ihrer personenbezogenen Daten zu sch\u00fctzen, k\u00f6nnen wir Daten von Ihnen anfordern, um Ihre Identit\u00e4t und Ihr Recht auf Zugang zu diesen Daten zu best\u00e4tigen und um die von uns gespeicherten personenbezogenen Daten zu suchen und Ihnen zur Verf\u00fcgung zu stellen. Es gibt F\u00e4lle, in denen geltende Gesetze oder beh\u00f6rdliche Vorschriften es uns erlauben oder vorschreiben, die Bereitstellung einiger oder aller von uns gespeicherten personenbezogenen Daten zu verweigern oder sie zu l\u00f6schen.<\/p>\n\n\n\n<p>Sie k\u00f6nnen <strong>Kontakt<\/strong> um Ihre Rechte auszu\u00fcben. Wir werden Ihre Anfrage innerhalb eines angemessenen Zeitraums, auf jeden Fall aber in weniger als 30 Tagen, beantworten.<\/p>\n\n\n\n<hr class=\"wp-block-separator has-alpha-channel-opacity\"\/>\n\n\n\n<h2 class=\"wp-block-heading has-large-font-size\">Websites und Dienste von Drittanbietern<\/h2>\n\n\n\n<p>Wenn ein Kunde einen Link zu einer Website eines Drittanbieters schaltet, der mit uns in Beziehung steht, \u00fcbernehmen wir aufgrund der Datenschutzrichtlinien des Drittanbieters keine Verpflichtung oder Verantwortung f\u00fcr diese Richtlinien. Unsere Websites, Produkte und Dienstleistungen k\u00f6nnen Links zu Websites, Produkten und Dienstleistungen Dritter enthalten oder Ihnen den Zugang zu diesen erm\u00f6glichen. Wir sind weder verantwortlich f\u00fcr die Datenschutzpraktiken dieser Dritten noch f\u00fcr die Informationen oder Inhalte ihrer Produkte und Dienstleistungen. Diese Datenschutzerkl\u00e4rung gilt ausschlie\u00dflich f\u00fcr Daten, die wir durch unsere Produkte und Dienste erfassen. Wir empfehlen Ihnen, die Datenschutzrichtlinien von Drittanbietern zu lesen, bevor Sie deren Websites, Produkte oder Dienstleistungen nutzen.<\/p>\n\n\n\n<hr class=\"wp-block-separator has-alpha-channel-opacity\"\/>\n\n\n\n<h2 class=\"wp-block-heading has-large-font-size\">Datensicherheit, -integrit\u00e4t und -aufbewahrung<\/h2>\n\n\n\n<p>Wir setzen angemessene technische, administrative und physische Sicherheitsma\u00dfnahmen ein, um den unbefugten Zugriff auf Ihre Daten zu sch\u00fctzen und zu verhindern und die von uns erfassten Daten korrekt zu verwenden. Wir werden Ihre personenbezogenen Daten so lange aufbewahren, wie es f\u00fcr die Erf\u00fcllung der in dieser Datenschutzerkl\u00e4rung genannten Zwecke erforderlich ist, es sei denn, eine l\u00e4ngere Aufbewahrungsfrist ist gesetzlich vorgeschrieben oder zul\u00e4ssig.<\/p>\n\n\n\n<hr class=\"wp-block-separator has-alpha-channel-opacity\"\/>\n\n\n\n<h2 class=\"wp-block-heading has-large-font-size\">\u00c4nderungen an dieser Erkl\u00e4rung zum Datenschutz<\/h2>\n\n\n\n<p>Wir k\u00f6nnen diese Datenschutzerkl\u00e4rung von Zeit zu Zeit \u00e4ndern, um mit neuen Technologien, Branchenpraktiken und gesetzlichen Anforderungen Schritt zu halten. Ihre fortgesetzte Nutzung unserer Produkte und Dienstleistungen nach dem Datum des Inkrafttretens der Datenschutzerkl\u00e4rung bedeutet, dass Sie die \u00fcberarbeitete Datenschutzerkl\u00e4rung akzeptieren. Wenn Sie mit der \u00fcberarbeiteten Datenschutzerkl\u00e4rung nicht einverstanden sind, sehen Sie bitte von der Nutzung unserer Produkte und Dienstleistungen ab und <strong>Kontakt<\/strong> um ein von Ihnen eingerichtetes Konto zu schlie\u00dfen.<\/p>\n\n\n\n<hr class=\"wp-block-separator has-alpha-channel-opacity\"\/>\n\n\n\n<h2 class=\"wp-block-heading has-large-font-size\">Kontakt<\/h2>\n\n\n\n<p>Wenn Sie Fragen zu dieser Datenschutzerkl\u00e4rung oder ihrer Umsetzung haben, k\u00f6nnen Sie uns wie folgt erreichen:<\/p>\n\n\n\n<p>\ud83d\udce7 <strong><a>sales@redsacre.com<\/a><\/strong><\/p>","protected":false},"excerpt":{"rendered":"<p>We take your privacy seriously and this privacy statement explains how Red Sacre (collectively, \u201cwe,\u201d \u201cus,\u201d or \u201cour\u201d) collect, use, share and process your information. Collection and Use of Personal Data Personal data is information that can be used to directly or indirectly identify you. Personal data also includes anonymous data that is linked to [&hellip;]<\/p>","protected":false},"author":1,"featured_media":0,"parent":0,"menu_order":0,"comment_status":"closed","ping_status":"closed","template":"","meta":{"site-sidebar-layout":"default","site-content-layout":"","ast-site-content-layout":"default","site-content-style":"default","site-sidebar-style":"default","ast-global-header-display":"","ast-banner-title-visibility":"","ast-main-header-display":"","ast-hfb-above-header-display":"","ast-hfb-below-header-display":"","ast-hfb-mobile-header-display":"","site-post-title":"","ast-breadcrumbs-content":"","ast-featured-img":"","footer-sml-layout":"","theme-transparent-header-meta":"","adv-header-id-meta":"","stick-header-meta":"","header-above-stick-meta":"","header-main-stick-meta":"","header-below-stick-meta":"","astra-migrate-meta-layouts":"default","ast-page-background-enabled":"default","ast-page-background-meta":{"desktop":{"background-color":"var(--ast-global-color-5)","background-image":"","background-repeat":"repeat","background-position":"center center","background-size":"auto","background-attachment":"scroll","background-type":"","background-media":"","overlay-type":"","overlay-color":"","overlay-opacity":"","overlay-gradient":""},"tablet":{"background-color":"","background-image":"","background-repeat":"repeat","background-position":"center center","background-size":"auto","background-attachment":"scroll","background-type":"","background-media":"","overlay-type":"","overlay-color":"","overlay-opacity":"","overlay-gradient":""},"mobile":{"background-color":"","background-image":"","background-repeat":"repeat","background-position":"center center","background-size":"auto","background-attachment":"scroll","background-type":"","background-media":"","overlay-type":"","overlay-color":"","overlay-opacity":"","overlay-gradient":""}},"ast-content-background-meta":{"desktop":{"background-color":"var(--ast-global-color-4)","background-image":"","background-repeat":"repeat","background-position":"center center","background-size":"auto","background-attachment":"scroll","background-type":"","background-media":"","overlay-type":"","overlay-color":"","overlay-opacity":"","overlay-gradient":""},"tablet":{"background-color":"var(--ast-global-color-4)","background-image":"","background-repeat":"repeat","background-position":"center center","background-size":"auto","background-attachment":"scroll","background-type":"","background-media":"","overlay-type":"","overlay-color":"","overlay-opacity":"","overlay-gradient":""},"mobile":{"background-color":"var(--ast-global-color-4)","background-image":"","background-repeat":"repeat","background-position":"center center","background-size":"auto","background-attachment":"scroll","background-type":"","background-media":"","overlay-type":"","overlay-color":"","overlay-opacity":"","overlay-gradient":""}},"footnotes":""},"class_list":["post-379","page","type-page","status-publish","hentry"],"aioseo_notices":[],"_links":{"self":[{"href":"https:\/\/redsacre.com\/de\/wp-json\/wp\/v2\/pages\/379","targetHints":{"allow":["GET"]}}],"collection":[{"href":"https:\/\/redsacre.com\/de\/wp-json\/wp\/v2\/pages"}],"about":[{"href":"https:\/\/redsacre.com\/de\/wp-json\/wp\/v2\/types\/page"}],"author":[{"embeddable":true,"href":"https:\/\/redsacre.com\/de\/wp-json\/wp\/v2\/users\/1"}],"replies":[{"embeddable":true,"href":"https:\/\/redsacre.com\/de\/wp-json\/wp\/v2\/comments?post=379"}],"version-history":[{"count":3,"href":"https:\/\/redsacre.com\/de\/wp-json\/wp\/v2\/pages\/379\/revisions"}],"predecessor-version":[{"id":1160,"href":"https:\/\/redsacre.com\/de\/wp-json\/wp\/v2\/pages\/379\/revisions\/1160"}],"wp:attachment":[{"href":"https:\/\/redsacre.com\/de\/wp-json\/wp\/v2\/media?parent=379"}],"curies":[{"name":"wp","href":"https:\/\/api.w.org\/{rel}","templated":true}]}}