{"id":373,"date":"2025-10-02T14:06:56","date_gmt":"2025-10-02T14:06:56","guid":{"rendered":"https:\/\/redsacre.com\/?page_id=373"},"modified":"2025-10-02T14:06:56","modified_gmt":"2025-10-02T14:06:56","slug":"refund-policy","status":"publish","type":"page","link":"https:\/\/redsacre.com\/de\/refund-policy\/","title":{"rendered":"Erstattungspolitik"},"content":{"rendered":"<p>Wir haben ein 30-t\u00e4giges R\u00fcckgaberecht, d. h. Sie haben 30 Tage nach Erhalt Ihres Artikels Zeit, eine R\u00fcckgabe zu beantragen.<\/p>\n\n\n\n<p>Um f\u00fcr eine R\u00fcckgabe in Frage zu kommen, muss sich Ihr Artikel in demselben Zustand befinden, in dem Sie ihn erhalten haben: ungetragen oder unbenutzt, mit Etiketten und in der Originalverpackung. Au\u00dferdem ben\u00f6tigen Sie die Quittung oder den Kaufbeleg.<\/p>\n\n\n\n<p>Um eine R\u00fcckgabe einzuleiten, k\u00f6nnen Sie uns kontaktieren unter <strong><a>sales@redsacre.com<\/a><\/strong>.<\/p>\n\n\n\n<p>Wenn Ihre R\u00fccksendung akzeptiert wird, senden wir Ihnen ein R\u00fccksendeetikett sowie Anweisungen, wie und wohin Sie Ihr Paket schicken sollen. Artikel, die an uns zur\u00fcckgeschickt werden, ohne dass wir zuvor eine R\u00fccksendung angefordert haben, werden nicht angenommen.<\/p>\n\n\n\n<p>Bei Fragen zur R\u00fcckgabe k\u00f6nnen Sie uns jederzeit kontaktieren unter <strong><a>sales@redsacre.com<\/a><\/strong>.<\/p>\n\n\n\n<hr class=\"wp-block-separator has-alpha-channel-opacity\"\/>\n\n\n\n<h2 class=\"wp-block-heading\">Schadenersatz und Fragen<\/h2>\n\n\n\n<p>Bitte \u00fcberpr\u00fcfen Sie Ihre Bestellung bei Erhalt und kontaktieren Sie uns sofort, wenn der Artikel defekt oder besch\u00e4digt ist oder wenn Sie den falschen Artikel erhalten haben, damit wir das Problem bewerten und beheben k\u00f6nnen.<\/p>\n\n\n\n<hr class=\"wp-block-separator has-alpha-channel-opacity\"\/>\n\n\n\n<h2 class=\"wp-block-heading\">Ausnahmen \/ Nicht umtauschbare Artikel<\/h2>\n\n\n\n<p>Bestimmte Artikel k\u00f6nnen nicht zur\u00fcckgegeben werden, z. B. verderbliche Waren (z. B. Lebensmittel, Blumen oder Pflanzen), Sonderanfertigungen (z. B. Sonderbestellungen oder personalisierte Artikel) und K\u00f6rperpflegeartikel (z. B. Sch\u00f6nheitsprodukte). Wir nehmen auch keine R\u00fccksendungen f\u00fcr gef\u00e4hrliche Materialien, entflammbare Fl\u00fcssigkeiten oder Gase an. Mystery-Box-Artikel k\u00f6nnen ebenfalls nicht zur\u00fcckgegeben werden, da der \u00dcberraschungseffekt ein Teil des Erlebnisses ist.<\/p>\n\n\n\n<p>Leider k\u00f6nnen wir keine R\u00fccksendungen f\u00fcr Ausverkaufsartikel oder Geschenkkarten akzeptieren.<\/p>\n\n\n\n<p>Bitte setzen Sie sich mit uns in Verbindung, wenn Sie Fragen oder Bedenken zu Ihrem speziellen Artikel haben.<\/p>\n\n\n\n<hr class=\"wp-block-separator has-alpha-channel-opacity\"\/>\n\n\n\n<h2 class=\"wp-block-heading\">Tauschb\u00f6rsen<\/h2>\n\n\n\n<p>Der schnellste Weg, um sicherzustellen, dass Sie bekommen, was Sie wollen, ist die R\u00fcckgabe des Artikels, den Sie haben, und wenn die R\u00fcckgabe akzeptiert wird, machen Sie einen separaten Kauf f\u00fcr den neuen Artikel.<\/p>\n\n\n\n<hr class=\"wp-block-separator has-alpha-channel-opacity\"\/>\n\n\n\n<h2 class=\"wp-block-heading\">Europ\u00e4ische Union 14 Tage Bedenkzeit<\/h2>\n\n\n\n<p>Ungeachtet dessen haben Sie das Recht, Ihre Bestellung innerhalb von 14 Tagen ohne Angabe von Gr\u00fcnden zu stornieren oder zur\u00fcckzugeben, wenn die Ware in die Europ\u00e4ische Union versandt wird. Wie oben beschrieben, muss sich Ihr Artikel in demselben Zustand befinden, in dem Sie ihn erhalten haben: ungetragen oder unbenutzt, mit Etiketten und in der Originalverpackung. Au\u00dferdem ben\u00f6tigen Sie die Quittung oder den Kaufbeleg.<\/p>\n\n\n\n<hr class=\"wp-block-separator has-alpha-channel-opacity\"\/>\n\n\n\n<h2 class=\"wp-block-heading\">Erstattungen<\/h2>\n\n\n\n<p>Wir werden Sie benachrichtigen, sobald wir Ihre R\u00fccksendung erhalten und gepr\u00fcft haben, und Ihnen mitteilen, ob die R\u00fcckerstattung genehmigt wurde oder nicht. Wenn dies der Fall ist, erhalten Sie die R\u00fcckerstattung automatisch innerhalb von 10 Werktagen auf Ihre urspr\u00fcngliche Zahlungsmethode. Bitte denken Sie daran, dass es einige Zeit dauern kann, bis Ihre Bank oder Ihr Kreditkartenunternehmen die Erstattung bearbeitet und verbucht hat.<\/p>\n\n\n\n<p>Wenn mehr als 15 Arbeitstage vergangen sind, seit wir Ihre R\u00fccksendung genehmigt haben, kontaktieren Sie uns bitte unter <strong><a>sales@redsacre.com<\/a><\/strong>.<\/p>","protected":false},"excerpt":{"rendered":"<p>We have a 30-day return policy, which means you have 30 days after receiving your item to request a return. To be eligible for a return, your item must be in the same condition that you received it, unworn or unused, with tags, and in its original packaging. You\u2019ll also need the receipt or proof [&hellip;]<\/p>","protected":false},"author":1,"featured_media":0,"parent":0,"menu_order":0,"comment_status":"closed","ping_status":"closed","template":"","meta":{"site-sidebar-layout":"default","site-content-layout":"","ast-site-content-layout":"default","site-content-style":"default","site-sidebar-style":"default","ast-global-header-display":"","ast-banner-title-visibility":"","ast-main-header-display":"","ast-hfb-above-header-display":"","ast-hfb-below-header-display":"","ast-hfb-mobile-header-display":"","site-post-title":"","ast-breadcrumbs-content":"","ast-featured-img":"","footer-sml-layout":"","theme-transparent-header-meta":"","adv-header-id-meta":"","stick-header-meta":"","header-above-stick-meta":"","header-main-stick-meta":"","header-below-stick-meta":"","astra-migrate-meta-layouts":"default","ast-page-background-enabled":"default","ast-page-background-meta":{"desktop":{"background-color":"var(--ast-global-color-5)","background-image":"","background-repeat":"repeat","background-position":"center center","background-size":"auto","background-attachment":"scroll","background-type":"","background-media":"","overlay-type":"","overlay-color":"","overlay-opacity":"","overlay-gradient":""},"tablet":{"background-color":"","background-image":"","background-repeat":"repeat","background-position":"center center","background-size":"auto","background-attachment":"scroll","background-type":"","background-media":"","overlay-type":"","overlay-color":"","overlay-opacity":"","overlay-gradient":""},"mobile":{"background-color":"","background-image":"","background-repeat":"repeat","background-position":"center center","background-size":"auto","background-attachment":"scroll","background-type":"","background-media":"","overlay-type":"","overlay-color":"","overlay-opacity":"","overlay-gradient":""}},"ast-content-background-meta":{"desktop":{"background-color":"var(--ast-global-color-4)","background-image":"","background-repeat":"repeat","background-position":"center center","background-size":"auto","background-attachment":"scroll","background-type":"","background-media":"","overlay-type":"","overlay-color":"","overlay-opacity":"","overlay-gradient":""},"tablet":{"background-color":"var(--ast-global-color-4)","background-image":"","background-repeat":"repeat","background-position":"center center","background-size":"auto","background-attachment":"scroll","background-type":"","background-media":"","overlay-type":"","overlay-color":"","overlay-opacity":"","overlay-gradient":""},"mobile":{"background-color":"var(--ast-global-color-4)","background-image":"","background-repeat":"repeat","background-position":"center center","background-size":"auto","background-attachment":"scroll","background-type":"","background-media":"","overlay-type":"","overlay-color":"","overlay-opacity":"","overlay-gradient":""}},"footnotes":""},"class_list":["post-373","page","type-page","status-publish","hentry"],"aioseo_notices":[],"_links":{"self":[{"href":"https:\/\/redsacre.com\/de\/wp-json\/wp\/v2\/pages\/373","targetHints":{"allow":["GET"]}}],"collection":[{"href":"https:\/\/redsacre.com\/de\/wp-json\/wp\/v2\/pages"}],"about":[{"href":"https:\/\/redsacre.com\/de\/wp-json\/wp\/v2\/types\/page"}],"author":[{"embeddable":true,"href":"https:\/\/redsacre.com\/de\/wp-json\/wp\/v2\/users\/1"}],"replies":[{"embeddable":true,"href":"https:\/\/redsacre.com\/de\/wp-json\/wp\/v2\/comments?post=373"}],"version-history":[{"count":1,"href":"https:\/\/redsacre.com\/de\/wp-json\/wp\/v2\/pages\/373\/revisions"}],"predecessor-version":[{"id":374,"href":"https:\/\/redsacre.com\/de\/wp-json\/wp\/v2\/pages\/373\/revisions\/374"}],"wp:attachment":[{"href":"https:\/\/redsacre.com\/de\/wp-json\/wp\/v2\/media?parent=373"}],"curies":[{"name":"wp","href":"https:\/\/api.w.org\/{rel}","templated":true}]}}